{"id":137714,"date":"2026-04-23T14:05:07","date_gmt":"2026-04-23T12:05:07","guid":{"rendered":"https:\/\/woofandwiggle.com\/?post_type=product&#038;p=137714"},"modified":"2026-04-24T00:10:09","modified_gmt":"2026-04-23T22:10:09","slug":"honden-onesie-polartec-fleece-black-kopie","status":"publish","type":"product","link":"https:\/\/woofandwiggle.com\/nl\/shop\/hondenkleding\/honden-trui\/honden-onesie-polartec-fleece-black-kopie\/","title":{"rendered":"Hondenonesie Polartec\u00a9 Fleece NEON ORANJE"},"content":{"rendered":"<p>Alleen hier vind je de ONESIE hondenjas gemaakt van echt Polartec\u00a9 fleece. Geen ander fleece houdt je hond zo warm en droog als dit. Met deze coole neonoranje ONESIE kun je je hond zelfs in het donkerste bos terugvinden. De ONESIE is ons nieuwste topproduct en heeft twee mouwen voor de voorpoten en twee beenstukken voor de achterpoten. De buik is afgewerkt met een elastische band.    <\/p>\n<p>De juiste maat vinden<br \/>De aangegeven maten corresponderen met de ruglengte, halsbreedte en borstbreedte van de trui in centimeters. Meet de ruglengte van uw hond ruim op en kies de gewenste lengte voor uw viervoeter. Deze onesie-trui is met name geschikt voor teckels en kleine honden.  <\/p>\n<p>Handgemaakt van authentiek Polartec\u00ae &#8211; 100% polyester<br \/>De onesie is gemaakt van authentiek Polartec\u00a9 fleece en is ontworpen in onze studio in Hamburg en geproduceerd door een productiepartner in Portugal.<\/p>\n<p><strong>Afmetingen ONESIE:<\/strong><\/p>\n<table style=\"height: 622px;\" width=\"1282\">\n<tbody>\n<tr>\n<th>Gr\u00f6\u00dfe<\/th>\n<th>Kragen<\/th>\n<th>Brust<\/th>\n<th>R\u00fccken<\/th>\n<\/tr>\n<tr>\n<td><strong>XS<\/strong><\/td>\n<td>25cm<\/td>\n<td>36cm<\/td>\n<td>29cm<\/td>\n<\/tr>\n<tr>\n<td><strong>S<\/strong><\/td>\n<td>28cm<\/td>\n<td>42cm<\/td>\n<td>31cm<\/td>\n<\/tr>\n<tr>\n<td><strong>M<\/strong><\/td>\n<td>32cm<\/td>\n<td>46cm<\/td>\n<td>33cm<\/td>\n<\/tr>\n<tr>\n<td><strong>L<\/strong><\/td>\n<td>34cm<\/td>\n<td>52cm<\/td>\n<td>37cm<\/td>\n<\/tr>\n<tr>\n<td><strong>XL<\/strong><\/td>\n<td>35cm<\/td>\n<td>56cm<\/td>\n<td>40cm<\/td>\n<\/tr>\n<tr>\n<td><strong>XXL<\/strong><\/td>\n<td>38cm<\/td>\n<td>60cm<\/td>\n<td>43cm<\/td>\n<\/tr>\n<\/tbody>\n<\/table>\n<p><strong>Hoe meet ik mijn hond op?<\/strong><br \/>\nEinfach mit einem flexiblen Ma\u00dfband eng anliegend an Hals, Brust, Taille und R\u00fccken messen. Im Detail ist alles in unserem Video erkl\u00e4rt. Wir helfen euch auch gerne per <strong>Whatsapp<\/strong> wenn ihr unsicher wegen der Gr\u00f6\u00dfe seid! Schreibt uns einfach eine Nachricht per Whatsapp unter <strong><a href=\"https:\/\/wa.me\/4916099600256\" target=\"_blank\" rel=\"noopener\">0160-99600256<\/a><\/strong>. Wir sind Mo-Fr von 10:00-16:00 erreichbar.    <\/p>\n<p><img loading=\"lazy\" decoding=\"async\" class=\"alignnone size-medium wp-image-1196\" src=\"https:\/\/woofandwiggle.com\/wp-content\/uploads\/dogsize_notitles.svg\" alt=\"\" width=\"1\" height=\"1\"><\/p>\n<div style=\"width: 980px;\" class=\"wp-video\"><video class=\"wp-video-shortcode\" id=\"video-137714-1\" width=\"980\" height=\"551\" poster=\"https:\/\/woofandwiggle.com\/wp-content\/uploads\/Artboard-4-scaled.jpg\" preload=\"metadata\" controls=\"controls\"><source type=\"video\/mp4\" src=\"https:\/\/woofandwiggle.com\/wp-content\/uploads\/Pullover_abmessen_deutsch_neu.mp4?_=1\" \/><a href=\"https:\/\/woofandwiggle.com\/wp-content\/uploads\/Pullover_abmessen_deutsch_neu.mp4\">https:\/\/woofandwiggle.com\/wp-content\/uploads\/Pullover_abmessen_deutsch_neu.mp4<\/a><\/video><\/div>\n<p><strong>Hoe doe ik het hondenvestje bij mijn hond aan?<\/strong><br \/>\nMet een beetje oefening is het aantrekken zo gedaan en je hond zal genieten van het warme gevoel. Trek het pakje gewoon over de kop van je hond, steek dan voorzichtig de voorpoten door de mouwen, trek het pakje naar achteren, buig de achterpoten en steek ze door de beenopeningen! <\/p>\n<p>&nbsp;<\/p>\n","protected":false},"excerpt":{"rendered":"<p>Alleen hier vind je de ONESIE hondenjas gemaakt van echt Polartec\u00a9 fleece. Geen ander fleece houdt je hond zo warm en droog als dit. Met deze coole neonoranje ONESIE kun je je hond zelfs in het donkerste bos terugvinden. De ONESIE is ons nieuwste topproduct en heeft twee mouwen voor de voorpoten en twee beenstukken [&hellip;]<\/p>\n","protected":false},"featured_media":137766,"template":"","meta":{"_acf_changed":false},"product_brand":[],"product_cat":[3017],"product_tag":[3178,3572,936],"class_list":{"0":"post-137714","1":"product","2":"type-product","3":"status-publish","4":"has-post-thumbnail","6":"product_cat-honden-trui","7":"product_tag-nieuwe-collectie","8":"product_tag-teckel","9":"product_tag-polartec-fleece-nl","11":"first","12":"instock","13":"taxable","14":"shipping-taxable","15":"purchasable","16":"product-type-variable","17":"wvs-archive-product-wrapper"},"exclude_global_add_ons":[],"addons":[],"acf":[],"_links":{"self":[{"href":"https:\/\/woofandwiggle.com\/nl\/wp-json\/wp\/v2\/product\/137714","targetHints":{"allow":["GET"]}}],"collection":[{"href":"https:\/\/woofandwiggle.com\/nl\/wp-json\/wp\/v2\/product"}],"about":[{"href":"https:\/\/woofandwiggle.com\/nl\/wp-json\/wp\/v2\/types\/product"}],"wp:featuredmedia":[{"embeddable":true,"href":"https:\/\/woofandwiggle.com\/nl\/wp-json\/wp\/v2\/media\/137766"}],"wp:attachment":[{"href":"https:\/\/woofandwiggle.com\/nl\/wp-json\/wp\/v2\/media?parent=137714"}],"wp:term":[{"taxonomy":"product_brand","embeddable":true,"href":"https:\/\/woofandwiggle.com\/nl\/wp-json\/wp\/v2\/product_brand?post=137714"},{"taxonomy":"product_cat","embeddable":true,"href":"https:\/\/woofandwiggle.com\/nl\/wp-json\/wp\/v2\/product_cat?post=137714"},{"taxonomy":"product_tag","embeddable":true,"href":"https:\/\/woofandwiggle.com\/nl\/wp-json\/wp\/v2\/product_tag?post=137714"}],"curies":[{"name":"wp","href":"https:\/\/api.w.org\/{rel}","templated":true}]}}