{"id":133565,"date":"2025-11-12T15:41:17","date_gmt":"2025-11-12T14:41:17","guid":{"rendered":"https:\/\/woofandwiggle.com\/?post_type=product&#038;p=133565"},"modified":"2026-04-17T10:42:33","modified_gmt":"2026-04-17T08:42:33","slug":"cappotto-per-cani-wrap-leo-boucle","status":"publish","type":"product","link":"https:\/\/woofandwiggle.com\/nl\/shop\/hondenkleding\/jassen-en-jassen\/fleece-wraps-nl\/cappotto-per-cani-wrap-leo-boucle\/","title":{"rendered":"Cappotto per cani &#8220;Wrap&#8221; Leo Boucle"},"content":{"rendered":"<p>Ora la nostra popolare fascia \u00e8 disponibile anche nell&#8217;adorabile Leo Boucle. Il cappotto per cani Woof &#038; Wiggle Wrap Leo, realizzato in elegante maglia boucl\u00e9, \u00e8 un incrocio tra una mantella e un maglione, combinando il meglio di entrambi i mondi. \u00c8 facile e veloce da indossare e da togliere, ma mantiene il cane al caldo, anche sulla pancia. Le nostre fasce sono traspiranti, comode da indossare e lavabili! Una chiusura in velcro consente un fissaggio flessibile e rapido. \u00c8 possibile indossare facilmente una pettorina sopra la fascia.<\/p>\n<p>La fascia \u00e8 particolarmente adatta come cappottino per cani che, ad esempio, hanno difficolt\u00e0 a indossare un maglione per motivi di salute.<\/p>\n<p><strong>Trovare la taglia giusta<\/strong><\/p>\n<p>Le taglie indicate corrispondono alla lunghezza della schiena del cane in cm. Basta misurare generosamente la lunghezza della schiena del cane e scegliere la lunghezza desiderata per il tuo amico a quattro zampe. La circonferenza del collo ci aiuta nel processo di produzione. La vestibilit\u00e0 slim \u00e8 particolarmente adatta alla maggior parte dei bassotti.<\/p>\n<p>Realizzato a mano in boucl\u00e9 di alta qualit\u00e0 \u2013 100% poliestere lavorato a maglia.<\/p>\n<p>La fascia \u00e8 realizzata in pile di alta qualit\u00e0 ed \u00e8 prodotta dal nostro partner in Portogallo.<\/p>\n<p>Dimensioni della fascia in pile Sierra Nevada:<\/p>\n<table>\n<tbody>\n<tr>\n<th>Taglia<\/th>\n<th>Schiena<\/th>\n<th>Colletto<\/th>\n<th>Torace<\/th>\n<\/tr>\n<tr>\n<td><strong>25<\/strong><\/td>\n<td>25 cm<\/td>\n<td>28 cm<\/td>\n<td>32-39 cm<\/td>\n<\/tr>\n<tr>\n<td><strong>30<\/strong><\/td>\n<td>30 cm<\/td>\n<td>33 cm<\/td>\n<td>39-47 cm<\/td>\n<\/tr>\n<tr>\n<td><strong>30 Sottile<\/p>\n<td>30 cm<\/td>\n<td>30 cm<\/td>\n<td>34-41 cm<\/td>\n<\/tr>\n<tr>\n<td><strong>35<\/strong><\/td>\n<td>35 cm<\/td>\n<td>35 cm<\/td>\n<td>46-52 cm<\/td>\n<\/tr>\n<tr>\n<td><strong>35 Sottile<\/p>\n<td>35 cm<\/td>\n<td>34 cm<\/td>\n<td>42-48 cm<\/td>\n<\/tr>\n<tr>\n<td><strong>40<\/strong><\/td>\n<td>40 cm<\/td>\n<td>41 cm<\/td>\n<td>46-56 cm<\/td>\n<\/tr>\n<tr>\n<td><strong>40 Sottile<\/p>\n<td>40 cm<\/td>\n<td>40 cm<\/td>\n<td>45-54 cm<\/td>\n<\/tr>\n<tr>\n<td><strong>45<\/strong><\/td>\n<td>45 cm<\/td>\n<td>43 cm<\/td>\n<td>52-60 cm<\/td>\n<\/tr>\n<tr>\n<td><strong>45 Sottile<\/p>\n<td>45 cm<\/td>\n<td>41 cm<\/td>\n<td>45-53 cm<\/td>\n<\/tr>\n<tr>\n<td><strong>50<\/strong><\/td>\n<td>50 cm<\/td>\n<td>44 cm<\/td>\n<td>56-64 cm<\/td>\n<\/tr>\n<\/tbody>\n<\/table>\n","protected":false},"excerpt":{"rendered":"<p>Ora la nostra popolare fascia \u00e8 disponibile anche nell&#8217;adorabile Leo Boucle. Il cappotto per cani Woof &#038; Wiggle Wrap Leo, realizzato in elegante maglia boucl\u00e9, \u00e8 un incrocio tra una mantella e un maglione, combinando il meglio di entrambi i mondi. \u00c8 facile e veloce da indossare e da togliere, ma mantiene il cane al [&hellip;]<\/p>\n","protected":false},"featured_media":133829,"template":"","meta":{"_acf_changed":false},"product_brand":[],"product_cat":[3461],"product_tag":[3178,3572],"class_list":{"0":"post-133565","1":"product","2":"type-product","3":"status-publish","4":"has-post-thumbnail","6":"product_cat-fleece-wraps-nl","7":"product_tag-nieuwe-collectie","8":"product_tag-teckel","10":"first","11":"instock","12":"taxable","13":"shipping-taxable","14":"purchasable","15":"product-type-variable","16":"wvs-archive-product-wrapper"},"exclude_global_add_ons":[],"addons":[],"acf":[],"_links":{"self":[{"href":"https:\/\/woofandwiggle.com\/nl\/wp-json\/wp\/v2\/product\/133565","targetHints":{"allow":["GET"]}}],"collection":[{"href":"https:\/\/woofandwiggle.com\/nl\/wp-json\/wp\/v2\/product"}],"about":[{"href":"https:\/\/woofandwiggle.com\/nl\/wp-json\/wp\/v2\/types\/product"}],"wp:featuredmedia":[{"embeddable":true,"href":"https:\/\/woofandwiggle.com\/nl\/wp-json\/wp\/v2\/media\/133829"}],"wp:attachment":[{"href":"https:\/\/woofandwiggle.com\/nl\/wp-json\/wp\/v2\/media?parent=133565"}],"wp:term":[{"taxonomy":"product_brand","embeddable":true,"href":"https:\/\/woofandwiggle.com\/nl\/wp-json\/wp\/v2\/product_brand?post=133565"},{"taxonomy":"product_cat","embeddable":true,"href":"https:\/\/woofandwiggle.com\/nl\/wp-json\/wp\/v2\/product_cat?post=133565"},{"taxonomy":"product_tag","embeddable":true,"href":"https:\/\/woofandwiggle.com\/nl\/wp-json\/wp\/v2\/product_tag?post=133565"}],"curies":[{"name":"wp","href":"https:\/\/api.w.org\/{rel}","templated":true}]}}