{"id":107574,"date":"2022-04-13T16:02:09","date_gmt":"2022-04-13T14:02:09","guid":{"rendered":"https:\/\/woofandwiggle.com\/?post_type=product&#038;p=107574"},"modified":"2022-07-26T08:42:36","modified_gmt":"2022-07-26T06:42:36","slug":"surfer-buddies-banden","status":"publish","type":"product","link":"https:\/\/woofandwiggle.com\/nl\/shop\/verzorging-en-hygiene\/surfer-buddies-banden\/","title":{"rendered":"Surfer Buddies Banden"},"content":{"rendered":"<p>E\u00e9n surferarmband voor jou en \u00e9\u00e9n voor je boho-stijl surferhond. Ze zijn 100% waterdicht en handgemaakt van duurzaam katoen. Draag ze tijdens het surfen, het uitlaten van je hond of wanneer jij en je buddy aan het longboarden zijn.<\/p>\n<p><strong>Productie<\/strong><br \/>\nDe kettingen worden met de hand gemaakt in onze Hamburgse inslag &amp; wiebelstudio.<\/p>\n<p><strong>Kleuropties<\/strong><\/p>\n<ul>\n<li>Roze<\/li>\n<li>Blauw<\/li>\n<\/ul>\n<p><strong>Leveringsomvang<\/strong><br \/>\nEen set met een band voor de hond (keuze uit 3 maten) en een band voor de mens (one size).<\/p>\n<p><strong>Menselijke grootte:<br \/>\n<\/strong>Je armband is \u00e9\u00e9n maat en kan worden aangepast met een schuifknoop.<\/p>\n<p><strong>Maat voor de hond:<\/strong><br \/>\nDe banden voor je buddy zijn verkrijgbaar in 3 verschillende maten, die met een koordstopper te verstellen zijn. Meet eenvoudig de nekomtrek en kies vervolgens de juiste maat.<\/p>\n<p><strong>Maat S &#8211; <\/strong>tot <strong>30 cm<\/strong> nekomtrek<br \/>\n<strong>Maat M &#8211; <\/strong>tot <strong>36 cm<\/strong> nekomtrek<br \/>\n<strong>Maat L &#8211; <\/strong>tot <strong>45 cm<\/strong> nekomtrek<\/p>\n<p>&nbsp;<\/p>\n","protected":false},"excerpt":{"rendered":"<p>E\u00e9n surferarmband voor jou en \u00e9\u00e9n voor je boho-stijl surferhond. Ze zijn 100% waterdicht en handgemaakt van duurzaam katoen. Draag ze tijdens het surfen, het uitlaten van je hond of wanneer jij en je buddy aan het longboarden zijn. Productie De kettingen worden met de hand gemaakt in onze Hamburgse inslag &amp; wiebelstudio. Kleuropties Roze [&hellip;]<\/p>\n","protected":false},"featured_media":107596,"template":"","meta":{"_acf_changed":false},"product_brand":[],"product_cat":[915,921],"product_tag":[],"class_list":{"0":"post-107574","1":"product","2":"type-product","3":"status-publish","4":"has-post-thumbnail","6":"product_cat-verzorging-en-hygiene","7":"product_cat-accessoires","8":"product_shipping_class-small-item-nl","10":"first","11":"instock","12":"taxable","13":"shipping-taxable","14":"purchasable","15":"product-type-variable","16":"wvs-archive-product-wrapper"},"exclude_global_add_ons":[],"addons":[],"acf":[],"_links":{"self":[{"href":"https:\/\/woofandwiggle.com\/nl\/wp-json\/wp\/v2\/product\/107574","targetHints":{"allow":["GET"]}}],"collection":[{"href":"https:\/\/woofandwiggle.com\/nl\/wp-json\/wp\/v2\/product"}],"about":[{"href":"https:\/\/woofandwiggle.com\/nl\/wp-json\/wp\/v2\/types\/product"}],"wp:featuredmedia":[{"embeddable":true,"href":"https:\/\/woofandwiggle.com\/nl\/wp-json\/wp\/v2\/media\/107596"}],"wp:attachment":[{"href":"https:\/\/woofandwiggle.com\/nl\/wp-json\/wp\/v2\/media?parent=107574"}],"wp:term":[{"taxonomy":"product_brand","embeddable":true,"href":"https:\/\/woofandwiggle.com\/nl\/wp-json\/wp\/v2\/product_brand?post=107574"},{"taxonomy":"product_cat","embeddable":true,"href":"https:\/\/woofandwiggle.com\/nl\/wp-json\/wp\/v2\/product_cat?post=107574"},{"taxonomy":"product_tag","embeddable":true,"href":"https:\/\/woofandwiggle.com\/nl\/wp-json\/wp\/v2\/product_tag?post=107574"}],"curies":[{"name":"wp","href":"https:\/\/api.w.org\/{rel}","templated":true}]}}