{"id":26637,"date":"2018-10-03T16:17:07","date_gmt":"2018-10-03T14:17:07","guid":{"rendered":"https:\/\/woofandwiggle.com\/afdruk\/"},"modified":"2022-09-05T14:03:25","modified_gmt":"2022-09-05T12:03:25","slug":"afdruk","status":"publish","type":"page","link":"https:\/\/woofandwiggle.com\/nl\/afdruk\/","title":{"rendered":"Afdruk"},"content":{"rendered":"\n<p><div id=\"translation\">&#13;\n<div class=\"gtx-body\"><strong>woof &amp; wiggle<\/strong> is een geregistreerd handelsmerk bij het Duitse Patent and Trademark Office met het nummer 302018229091. Het handelsmerk is eigendom van R\u00f6sing en W\u00f6ll GbR, Rainer R\u00f6sing en Veronika W\u00f6ll.<\/div>&#13;\n<\/div><\/p>\n\n<p>inslag en wiebelen&#13;\nR\u00f6sing en W\u00f6ll GbR&#13;\nBelastingnummer: 45\/655\/02269 \/ Finanzamt Hamburg-Eimsb\u00fcttel<\/p>\n\n<p>Bevoegde vertegenwoordigers:&#13;\nRainer R\u00f6sing, Veronika W\u00f6ll<\/p>\n\n<p>Eimsb\u00fctteler Chaussee 21<br\/>20259 Hamburg<br\/>Deutschland<\/p>\n\n<p><strong>Branche \/ Administratie<br\/><\/strong>Hagenbeckstr. 152<br\/>22527 Hamburg<br\/>Deutschland<\/p>\n\n<p>Telefoon: 0049 160 99600256&#13;\nE-Mail: <a href=\"mailto:hello@woofandwiggle.com\">hello@woofandwiggle.com<\/a><\/p>\n\n<p>Verantwoordelijk volgens \u00a7 55 RStV:&#13;\nRainer R\u00f6sing&#13;\nHagenbeckstr. 152&#13;\n20259 Hamburg<\/p>\n\n<p>De Europese Commissie biedt een platform voor online geschillenbeslechting (OS), dat u hier kunt vinden https:\/\/ec.europa.eu\/consumers\/odr\/.<\/p>\n\n<p>We zijn bereid deel te nemen aan een buitengerechtelijke arbitrageprocedure voor een consumentenarbitragecommissie.&#13;\nDe General Consumer Arbitration Board van het Center for Arbitration e.V., Stra\u00dfburger Strasse 8, 77694 Kehl am Rhein, www.consumer-schlichter.de is verantwoordelijk.<\/p>\n\n<p>Afdruk gemaakt met de Trusted Shops juridische teksten in samenwerking met Wilde Beuger Solmecke Rechtsanw\u00e4lte.<\/p>\n","protected":false},"excerpt":{"rendered":"<p>&#13; woof &amp; wiggle is een geregistreerd handelsmerk bij het Duitse Patent and Trademark Office met het nummer 302018229091. Het handelsmerk is eigendom van R\u00f6sing en W\u00f6ll GbR, Rainer R\u00f6sing en Veronika W\u00f6ll. &#13; inslag en wiebelen&#13; R\u00f6sing en W\u00f6ll GbR&#13; Belastingnummer: 45\/655\/02269 \/ Finanzamt Hamburg-Eimsb\u00fcttel Bevoegde vertegenwoordigers:&#13; Rainer R\u00f6sing, Veronika W\u00f6ll Eimsb\u00fctteler Chaussee 2120259 [&hellip;]<\/p>\n","protected":false},"author":3,"featured_media":0,"parent":0,"menu_order":0,"comment_status":"closed","ping_status":"closed","template":"","meta":{"_acf_changed":false,"footnotes":""},"class_list":["post-26637","page","type-page","status-publish","hentry"],"acf":[],"_links":{"self":[{"href":"https:\/\/woofandwiggle.com\/nl\/wp-json\/wp\/v2\/pages\/26637","targetHints":{"allow":["GET"]}}],"collection":[{"href":"https:\/\/woofandwiggle.com\/nl\/wp-json\/wp\/v2\/pages"}],"about":[{"href":"https:\/\/woofandwiggle.com\/nl\/wp-json\/wp\/v2\/types\/page"}],"author":[{"embeddable":true,"href":"https:\/\/woofandwiggle.com\/nl\/wp-json\/wp\/v2\/users\/3"}],"replies":[{"embeddable":true,"href":"https:\/\/woofandwiggle.com\/nl\/wp-json\/wp\/v2\/comments?post=26637"}],"version-history":[{"count":0,"href":"https:\/\/woofandwiggle.com\/nl\/wp-json\/wp\/v2\/pages\/26637\/revisions"}],"wp:attachment":[{"href":"https:\/\/woofandwiggle.com\/nl\/wp-json\/wp\/v2\/media?parent=26637"}],"curies":[{"name":"wp","href":"https:\/\/api.w.org\/{rel}","templated":true}]}}