{"id":51509,"date":"2021-06-17T10:57:56","date_gmt":"2021-06-17T08:57:56","guid":{"rendered":"https:\/\/woofandwiggle.com\/?post_type=product&#038;p=51509"},"modified":"2025-07-03T20:32:05","modified_gmt":"2025-07-03T18:32:05","slug":"pettorina-per-cani-per-localizzatori-gps-tractive","status":"publish","type":"product","link":"https:\/\/woofandwiggle.com\/it\/shop\/passeggiata-usura\/pettorine-per-cani\/pettorina-per-cani-per-localizzatori-gps-tractive\/","title":{"rendered":"Pettorina per cani per localizzatori GPS &#8220;Tractive&#8221;"},"content":{"rendered":"<p>La nostra imbracatura per cani a forma di gilet distribuisce le forze di trazione del guinzaglio in modo uniforme e riduce quindi il rischio di sfregare il cane in un punto. E sembra anche molto chic, nelle nostre provate e collaudate ottiche &#8220;color blocking&#8221; che potresti gi\u00e0 conoscere dalle nostre <a href=\"https:\/\/woofandwiggle.com\/shop\/passeggiata-usura\/maglioni-giacche-e-co\/giacca-a-vento-giacca-da-pioggia\/?lang=it\">giacche per cani<\/a>. Con cinturini in velcro regolabili sul collo e sul petto, la nostra imbracatura \u00e8 pi\u00f9 facile da indossare ma altrettanto sicura di molte altre imbracature per cani. Ancorando i ganci in velcro e velcro, il velcro \u00e8 uno dei metodi di fissaggio pi\u00f9 forti. Raccomandiamo che per la sicurezza e il comfort del vostro cane almeno la met\u00e0 delle due parti in velcro si trovino una sopra l&#8217;altra. I piatti sono realizzati in Dralon\u00ae, una fibra acrilica filata a secco proveniente dalla Germania. Impregnato, resistente alle intemperie e molto resistente. Disponibile anche nel classico design &#8220;tartan&#8221; in cotone cerato britannico.<\/p>\n<p><strong>Materiale<\/strong> <br \/>Dralon\u00ae<\/p>\n<p><strong>Dimensioni<\/strong> <br \/>XXS, XS, S, M<\/p>\n<p><strong>Note sulle taglie<\/strong><\/p>\n<p><strong>Taglia XXS:<\/strong> <br \/>Lunghezza: 10,5 cm Collo: 25-30 cm Torace: 30-35 cm es adatto a chihuahua, cuccioli, bassotti coniglio, barboncini giocattolo<\/p>\n<p><strong>Taglia XS:<\/strong> <br \/>Lunghezza: 11,5 cm Collo: 30-35 cm Petto: 37,5 &#8211; 42,5 cm es adatto per Yorkshire Terrier, Maltese, Chihuahua, Pomerania, cuccioli, Bassotti<\/p>\n<p><strong>Taglia S:<\/strong> <br \/>Lunghezza: 14 cm Collo: 35 &#8211; 40 cm Torace: 42,5 &#8211; 55 cm es adatto per Mini Schnauzer, Pug, Shih Tzu, Jack Russell, Bassotto, Bulldog francese<\/p>\n<p><strong>Taglia M:<\/strong> <br \/>Lunghezza: 15 cm Collo: 40-50 cm Petto: 52,5 &#8211; 62,5 cm es adatto per Westie, pechinese, schnauzer, bulldog francese<\/p>\n<p><strong>Tracker<\/strong><br \/>\nPuoi ottenere il tracker direttamente da <strong><a href=\"https:\/\/t.adcell.com\/p\/click?promoId=201861&amp;slotId=95467&amp;param0=https%3A%2F%2Ftractive.com%2Fde%2Fpd%2Fgps-tracker-dog\" target=\"_blank\" rel=\"noopener\">Tractive* (10% con codice &#8220;ADCPET10&#8221;)<\/a><\/strong>o anche a\u00a0<strong><a href=\"https:\/\/amzn.to\/3vy0tfy\">Amazon<\/a>*<\/strong>.<\/p>\n<p>*Affiliate-Links<\/p>\n","protected":false},"excerpt":{"rendered":"<p>Questa imbracatura ha una tasca abbinata per <strong> localizzatore GPS &#8220;Tractive&#8221; <\/strong> (non incluso). Ovviamente puoi indossare la pettorina per cani anche senza tracker \ud83d\ude0a Puoi ottenere il tracker direttamente da <strong><a href=\"https:\/\/t.adcell.com\/p\/click?promoId=201861&amp;slotId=95467&amp;param0=https%3A%2F%2Ftractive.com%2Fde%2Fpd%2Fgps-tracker-dog\" target=\"_blank\" rel=\"noopener\">Tractive* (10% con codice &#8220;ADCPET10&#8221;)<\/a><\/strong>o anche a\u00a0<strong><a href=\"https:\/\/amzn.to\/3vy0tfy\">Amazon<\/a>*<\/strong>.<\/p>\n<p>*Affiliate-Links<\/p>\n","protected":false},"featured_media":52611,"template":"","meta":{"_acf_changed":false},"product_brand":[],"product_cat":[1560],"product_tag":[],"class_list":{"0":"post-51509","1":"product","2":"type-product","3":"status-publish","4":"has-post-thumbnail","6":"product_cat-pettorine-per-cani","8":"first","9":"instock","10":"taxable","11":"shipping-taxable","12":"purchasable","13":"product-type-variable","14":"wvs-archive-product-wrapper"},"exclude_global_add_ons":[],"addons":[],"acf":[],"_links":{"self":[{"href":"https:\/\/woofandwiggle.com\/it\/wp-json\/wp\/v2\/product\/51509","targetHints":{"allow":["GET"]}}],"collection":[{"href":"https:\/\/woofandwiggle.com\/it\/wp-json\/wp\/v2\/product"}],"about":[{"href":"https:\/\/woofandwiggle.com\/it\/wp-json\/wp\/v2\/types\/product"}],"wp:featuredmedia":[{"embeddable":true,"href":"https:\/\/woofandwiggle.com\/it\/wp-json\/wp\/v2\/media\/52611"}],"wp:attachment":[{"href":"https:\/\/woofandwiggle.com\/it\/wp-json\/wp\/v2\/media?parent=51509"}],"wp:term":[{"taxonomy":"product_brand","embeddable":true,"href":"https:\/\/woofandwiggle.com\/it\/wp-json\/wp\/v2\/product_brand?post=51509"},{"taxonomy":"product_cat","embeddable":true,"href":"https:\/\/woofandwiggle.com\/it\/wp-json\/wp\/v2\/product_cat?post=51509"},{"taxonomy":"product_tag","embeddable":true,"href":"https:\/\/woofandwiggle.com\/it\/wp-json\/wp\/v2\/product_tag?post=51509"}],"curies":[{"name":"wp","href":"https:\/\/api.w.org\/{rel}","templated":true}]}}