{"id":39857,"date":"2021-03-19T09:56:05","date_gmt":"2021-03-19T08:56:05","guid":{"rendered":"https:\/\/woofandwiggle.com\/?post_type=product&#038;p=39857"},"modified":"2026-02-13T22:35:07","modified_gmt":"2026-02-13T21:35:07","slug":"pettorina-per-cani-sweet-donuts","status":"publish","type":"product","link":"https:\/\/woofandwiggle.com\/it\/shop\/passeggiata-usura\/pettorine-per-cani\/pettorina-per-cani-sweet-donuts\/","title":{"rendered":"Pettorina per cani &#8220;Sweet Donuts&#8221;"},"content":{"rendered":"<p>La nostra pettorina per cani a forma di giubbotto distribuisce bene le forze di trazione del guinzaglio e riduce cos\u00ec il rischio di sfregare il cane in un punto. E sembra anche molto chic in questa edizione speciale a scacchi chic.<\/p>\n<p>Con cinghie in velcro regolabili sul collo e sul petto, la nostra imbracatura \u00e8 pi\u00f9 facile da indossare ma altrettanto sicura di molte altre imbracature per cani. Ancorando i ganci in velcro e velcro, il velcro \u00e8 uno dei metodi di fissaggio pi\u00f9 forti. Raccomandiamo che per la sicurezza e il comfort del vostro cane almeno la met\u00e0 delle due parti in velcro si trovino una sopra l&#8217;altra.<\/p>\n<p><strong>Materiale<\/strong><br \/>\n100% cotone<\/p>\n<p><strong>Istruzioni per la cura<\/strong><br \/>\nlavaggio in lavatrice a 30 gradi, ciclo delicato<\/p>\n<p><strong>Dimensioni<\/strong><br \/>\nXXS, XS, S, M<\/p>\n<p><strong>Note sulle taglie<\/strong><\/p>\n<p><strong>Taglia XXS:<\/strong><br \/>\nLunghezza: 10,5 cm<br \/>\nCollo: 25-30 cm<br \/>\nTorace: 30-35 cm<br \/>\nes adatto a chihuahua, cuccioli, bassotti coniglio, barboncini giocattolo<\/p>\n<p><strong>Taglia XS:<\/strong><br \/>\nLunghezza: 11,5 cm<br \/>\nCollo: 30-35 cm<br \/>\nTorace: 37,5 &#8211; 42,5 cm<br \/>\nes adatto per Yorkshire Terrier, Maltese, Chihuahua, Pomerania, cuccioli, Bassotti<\/p>\n<p><strong>Taglia S:<\/strong><br \/>\nLunghezza: 14 cm<br \/>\nCollo: 35 &#8211; 40 cm<br \/>\nTorace: 42,5 &#8211; 55 cm<br \/>\nes adatto per Mini Schnauzer, Pug, Shih Tzu, Jack Russell, Bassotto, Bulldog francese<\/p>\n<p><strong>Taglia M:<\/strong><br \/>\nLunghezza: 15 cm<br \/>\nCollo: 40-50 cm<br \/>\nPetto: 52,5 &#8211; 62,5 cm<br \/>\nes adatto per Westie, pechinese, schnauzer, bulldog francese<\/p>\n","protected":false},"excerpt":{"rendered":"<p>La nostra pettorina per cani a forma di giubbotto distribuisce bene le forze di trazione del guinzaglio e riduce cos\u00ec il rischio di sfregare il cane in un punto. E sembra anche molto chic in questa edizione speciale a scacchi chic. Con cinghie in velcro regolabili sul collo e sul petto, la nostra imbracatura \u00e8 [&hellip;]<\/p>\n","protected":false},"featured_media":39870,"template":"","meta":{"_acf_changed":false},"product_brand":[],"product_cat":[1560],"product_tag":[1586],"class_list":{"0":"post-39857","1":"product","2":"type-product","3":"status-publish","4":"has-post-thumbnail","6":"product_cat-pettorine-per-cani","7":"product_tag-sweet-donuts-it","9":"first","10":"instock","11":"taxable","12":"shipping-taxable","13":"purchasable","14":"product-type-variable","15":"wvs-archive-product-wrapper"},"exclude_global_add_ons":[],"addons":[],"acf":[],"_links":{"self":[{"href":"https:\/\/woofandwiggle.com\/it\/wp-json\/wp\/v2\/product\/39857","targetHints":{"allow":["GET"]}}],"collection":[{"href":"https:\/\/woofandwiggle.com\/it\/wp-json\/wp\/v2\/product"}],"about":[{"href":"https:\/\/woofandwiggle.com\/it\/wp-json\/wp\/v2\/types\/product"}],"wp:featuredmedia":[{"embeddable":true,"href":"https:\/\/woofandwiggle.com\/it\/wp-json\/wp\/v2\/media\/39870"}],"wp:attachment":[{"href":"https:\/\/woofandwiggle.com\/it\/wp-json\/wp\/v2\/media?parent=39857"}],"wp:term":[{"taxonomy":"product_brand","embeddable":true,"href":"https:\/\/woofandwiggle.com\/it\/wp-json\/wp\/v2\/product_brand?post=39857"},{"taxonomy":"product_cat","embeddable":true,"href":"https:\/\/woofandwiggle.com\/it\/wp-json\/wp\/v2\/product_cat?post=39857"},{"taxonomy":"product_tag","embeddable":true,"href":"https:\/\/woofandwiggle.com\/it\/wp-json\/wp\/v2\/product_tag?post=39857"}],"curies":[{"name":"wp","href":"https:\/\/api.w.org\/{rel}","templated":true}]}}