{"id":39763,"date":"2021-03-17T09:22:13","date_gmt":"2021-03-17T08:22:13","guid":{"rendered":"https:\/\/woofandwiggle.com\/?post_type=product&#038;p=39763"},"modified":"2022-07-26T20:28:40","modified_gmt":"2022-07-26T18:28:40","slug":"pettorina-per-cani-leopard-marrone","status":"publish","type":"product","link":"https:\/\/woofandwiggle.com\/it\/shop\/passeggiata-usura\/pettorine-per-cani\/pettorina-per-cani-leopard-marrone\/","title":{"rendered":"Pettorina per cani &#8220;Leopard&#8221; (Marrone)"},"content":{"rendered":"<p>La nostra pettorina per cani a forma di giubbotto distribuisce bene le forze di trazione del guinzaglio e riduce cos\u00ec il rischio di sfregare il cane in un punto. E sembra anche molto chic in questa edizione speciale a scacchi chic. La particolarit\u00e0 di questa versione \u00e8 che ha una fodera in rete traspirante, quindi \u00e8 perfetta per l\u2019estate.<\/p>\n<p>Con cinghie in velcro regolabili sul collo e sul petto, la nostra imbracatura \u00e8 pi\u00f9 facile da indossare ma altrettanto sicura di molte altre imbracature per cani. Ancorando i ganci in velcro e velcro, il velcro \u00e8 uno dei metodi di fissaggio pi\u00f9 forti. Raccomandiamo che per la sicurezza e il comfort del vostro cane almeno la met\u00e0 delle due parti in velcro si trovino una sopra l&#8217;altra.<\/p>\n<p><strong>Materiale<\/strong><br \/>\nParte superiore: 100% cotone<\/p>\n<p>Parte interna: 100% poliestere (fodera in rete traspirante)<br \/>\n\u2022 Due tessuti a rete sono tenuti a 3 mm di distanza da sottili fibre di poliestere<br \/>\n\u2022 Ricircolo d\u2019aria e traspirante<\/p>\n<p><strong>Istruzioni per la cura<\/strong><br \/>\nlavaggio in lavatrice a 30 gradi, ciclo delicato<\/p>\n<p><strong>Dimensioni<\/strong><br \/>\nXXS, XS, S, M<\/p>\n<p><strong>Note sulle taglie<\/strong><\/p>\n<p><strong>Taglia XXS:<\/strong><br \/>\nLunghezza: 10,5 cm<br \/>\nCollo: 25-30 cm<br \/>\nTorace: 30-35 cm<br \/>\nes adatto a chihuahua, cuccioli, bassotti coniglio, barboncini giocattolo<\/p>\n<p><strong>Taglia XS:<\/strong><br \/>\nLunghezza: 11,5 cm<br \/>\nCollo: 30-35 cm<br \/>\nTorace: 37,5 &#8211; 42,5 cm<br \/>\nes adatto per Yorkshire Terrier, Maltese, Chihuahua, Pomerania, cuccioli, Bassotti<\/p>\n<p><strong>Taglia S:<\/strong><br \/>\nLunghezza: 14 cm<br \/>\nCollo: 35 &#8211; 40 cm<br \/>\nTorace: 42,5 &#8211; 55 cm<br \/>\nes adatto per Mini Schnauzer, Pug, Shih Tzu, Jack Russell, Bassotto, Bulldog francese<\/p>\n<p><strong>Taglia M:<\/strong><br \/>\nLunghezza: 15 cm<br \/>\nCollo: 40-50 cm<br \/>\nPetto: 52,5 &#8211; 62,5 cm<br \/>\nes adatto per Westie, pechinese, schnauzer, bulldog francese<\/p>\n","protected":false},"excerpt":{"rendered":"<p>La nostra pettorina per cani a forma di giubbotto distribuisce bene le forze di trazione del guinzaglio e riduce cos\u00ec il rischio di sfregare il cane in un punto. E sembra anche molto chic in questa edizione speciale a scacchi chic. La particolarit\u00e0 di questa versione \u00e8 che ha una fodera in rete traspirante, quindi [&hellip;]<\/p>\n","protected":false},"featured_media":108696,"template":"","meta":{"_acf_changed":false},"product_brand":[],"product_cat":[1560],"product_tag":[1573,3177],"class_list":{"0":"post-39763","1":"product","2":"type-product","3":"status-publish","4":"has-post-thumbnail","6":"product_cat-pettorine-per-cani","7":"product_tag-leopard-it","8":"product_tag-nuova-collezione","10":"first","11":"instock","12":"taxable","13":"shipping-taxable","14":"purchasable","15":"product-type-variable","16":"wvs-archive-product-wrapper"},"exclude_global_add_ons":[],"addons":[],"acf":[],"_links":{"self":[{"href":"https:\/\/woofandwiggle.com\/it\/wp-json\/wp\/v2\/product\/39763","targetHints":{"allow":["GET"]}}],"collection":[{"href":"https:\/\/woofandwiggle.com\/it\/wp-json\/wp\/v2\/product"}],"about":[{"href":"https:\/\/woofandwiggle.com\/it\/wp-json\/wp\/v2\/types\/product"}],"wp:featuredmedia":[{"embeddable":true,"href":"https:\/\/woofandwiggle.com\/it\/wp-json\/wp\/v2\/media\/108696"}],"wp:attachment":[{"href":"https:\/\/woofandwiggle.com\/it\/wp-json\/wp\/v2\/media?parent=39763"}],"wp:term":[{"taxonomy":"product_brand","embeddable":true,"href":"https:\/\/woofandwiggle.com\/it\/wp-json\/wp\/v2\/product_brand?post=39763"},{"taxonomy":"product_cat","embeddable":true,"href":"https:\/\/woofandwiggle.com\/it\/wp-json\/wp\/v2\/product_cat?post=39763"},{"taxonomy":"product_tag","embeddable":true,"href":"https:\/\/woofandwiggle.com\/it\/wp-json\/wp\/v2\/product_tag?post=39763"}],"curies":[{"name":"wp","href":"https:\/\/api.w.org\/{rel}","templated":true}]}}