{"id":34971,"date":"2023-11-20T11:16:56","date_gmt":"2023-11-20T10:16:56","guid":{"rendered":"https:\/\/woofandwiggle.com\/?post_type=product&#038;p=34971"},"modified":"2025-03-06T00:02:05","modified_gmt":"2025-03-05T23:02:05","slug":"pettorina-per-cani-skye","status":"publish","type":"product","link":"https:\/\/woofandwiggle.com\/it\/shop\/passeggiata-usura\/pettorine-per-cani\/pettorina-per-cani-skye\/","title":{"rendered":"Pettorina per cani &#8220;Skye&#8221;"},"content":{"rendered":"<p>La nostra pettorina per cani a forma di gilet distribuisce uniformemente le forze di trazione del guinzaglio, riducendo cos\u00ec il rischio che il cane si sfreghi in un unico punto. E sembra anche molto chic, in questa edizione speciale chic a quadretti. All&#8217;esterno \u00e8 realizzato nel pregiato tessuto di lana italiana nei toni del marrone, verde e turchese. All&#8217;interno troverai un morbido pile turchese.<\/p>\n<p>Con cinghie in velcro regolabili sul collo e sul petto, la nostra imbracatura \u00e8 pi\u00f9 facile da indossare ma altrettanto sicura di molte altre imbracature per cani. Ancorando i ganci in velcro e velcro, il velcro \u00e8 uno dei metodi di fissaggio pi\u00f9 forti. Raccomandiamo che per la sicurezza e il comfort del vostro cane almeno la met\u00e0 delle due parti in velcro si trovino una sopra l&#8217;altra.<\/p>\n<p><strong>Materiale<\/strong><br \/>\nEsterno: flanella di lana<br \/>\nAll&#8217;interno: Dralon<\/p>\n<p><strong>Dimensioni<\/strong><br \/>\nXXS, XS, S, M<\/p>\n<p><strong>Note sulle taglie<\/strong><\/p>\n<p><strong>Taglia XXS:<\/strong><br \/>\nLunghezza: 10,5 cm<br \/>\nCollo: 25-30 cm<br \/>\nTorace: 30-35 cm<br \/>\nes adatto a chihuahua, cuccioli, bassotti coniglio, barboncini giocattolo<\/p>\n<p><strong>Taglia XS:<\/strong><br \/>\nLunghezza: 11,5 cm<br \/>\nCollo: 30-35 cm<br \/>\nTorace: 37,5 &#8211; 42,5 cm<br \/>\nes adatto per Yorkshire Terrier, Maltese, Chihuahua, Pomerania, cuccioli, Bassotti<\/p>\n<p><strong>Taglia S:<\/strong><br \/>\nLunghezza: 14 cm<br \/>\nCollo: 35 &#8211; 40 cm<br \/>\nTorace: 42,5 &#8211; 55 cm<br \/>\nes adatto per Mini Schnauzer, Pug, Shih Tzu, Jack Russell, Bassotto, Bulldog francese<\/p>\n<p><strong>Taglia M:<\/strong><br \/>\nLunghezza: 15 cm<br \/>\nCollo: 40-50 cm<br \/>\nPetto: 52,5 &#8211; 62,5 cm<br \/>\nes adatto per Westie, pechinese, schnauzer, bulldog francese<\/p>\n","protected":false},"excerpt":{"rendered":"<p>La nostra pettorina per cani a forma di gilet distribuisce uniformemente le forze di trazione del guinzaglio, riducendo cos\u00ec il rischio che il cane si sfreghi in un unico punto. E sembra anche molto chic, in questa edizione speciale chic a quadretti. All&#8217;esterno \u00e8 realizzato nel pregiato tessuto di lana italiana nei toni del marrone, [&hellip;]<\/p>\n","protected":false},"featured_media":121439,"template":"","meta":{"_acf_changed":false},"product_brand":[],"product_cat":[1560],"product_tag":[3177],"class_list":{"0":"post-34971","1":"product","2":"type-product","3":"status-publish","4":"has-post-thumbnail","6":"product_cat-pettorine-per-cani","7":"product_tag-nuova-collezione","9":"first","10":"outofstock","11":"taxable","12":"shipping-taxable","13":"purchasable","14":"product-type-variable","15":"wvs-archive-product-wrapper"},"exclude_global_add_ons":[],"addons":[],"acf":[],"_links":{"self":[{"href":"https:\/\/woofandwiggle.com\/it\/wp-json\/wp\/v2\/product\/34971","targetHints":{"allow":["GET"]}}],"collection":[{"href":"https:\/\/woofandwiggle.com\/it\/wp-json\/wp\/v2\/product"}],"about":[{"href":"https:\/\/woofandwiggle.com\/it\/wp-json\/wp\/v2\/types\/product"}],"wp:featuredmedia":[{"embeddable":true,"href":"https:\/\/woofandwiggle.com\/it\/wp-json\/wp\/v2\/media\/121439"}],"wp:attachment":[{"href":"https:\/\/woofandwiggle.com\/it\/wp-json\/wp\/v2\/media?parent=34971"}],"wp:term":[{"taxonomy":"product_brand","embeddable":true,"href":"https:\/\/woofandwiggle.com\/it\/wp-json\/wp\/v2\/product_brand?post=34971"},{"taxonomy":"product_cat","embeddable":true,"href":"https:\/\/woofandwiggle.com\/it\/wp-json\/wp\/v2\/product_cat?post=34971"},{"taxonomy":"product_tag","embeddable":true,"href":"https:\/\/woofandwiggle.com\/it\/wp-json\/wp\/v2\/product_tag?post=34971"}],"curies":[{"name":"wp","href":"https:\/\/api.w.org\/{rel}","templated":true}]}}