{"id":23043,"date":"2020-06-08T16:34:10","date_gmt":"2020-06-08T14:34:10","guid":{"rendered":"https:\/\/woofandwiggle.com\/?post_type=product&#038;p=23043"},"modified":"2022-08-10T15:00:03","modified_gmt":"2022-08-10T13:00:03","slug":"pettorina-per-cani-denim-gilet","status":"publish","type":"product","link":"https:\/\/woofandwiggle.com\/it\/shop\/esaurito\/pettorina-per-cani-denim-gilet\/","title":{"rendered":"Pettorina per cani &#8220;Denim gilet&#8221;"},"content":{"rendered":"<p>La nostra imbracatura per cani a forma di gilet distribuisce le forze di trazione del guinzaglio in modo uniforme e riduce quindi il rischio di sfregare il cane in un punto. E sembra anche molto chic, nella variante jeans alla moda. Il nostro tessuto denim proviene da Merchant &amp; Mills dall&#8217;Inghilterra ed \u00e8 realizzato al 100% in cotone. La fodera \u00e8 realizzata al 100% in dralon.<\/p>\n<p>Con cinghie in velcro regolabili sul collo e sul petto, la nostra imbracatura \u00e8 pi\u00f9 facile da indossare ma altrettanto sicura di molte altre imbracature per cani. Ancorando i ganci in velcro e velcro, il velcro \u00e8 uno dei metodi di fissaggio pi\u00f9 forti. Raccomandiamo che per la sicurezza e il comfort del vostro cane almeno la met\u00e0 delle due parti in velcro si trovino una sopra l&#8217;altra.<\/p>\n<p><strong>Dimensioni<\/strong><br \/>\nXXS, XS, S, M<\/p>\n<p><strong>Note sulle taglie<\/strong><\/p>\n<p><strong>Taglia XXS:<\/strong><br \/>\nLunghezza: 10,5 cm<br \/>\nCollo: 25-30 cm<br \/>\nTorace: 30-35 cm<br \/>\nes adatto a chihuahua, cuccioli, bassotti coniglio, barboncini giocattolo<\/p>\n<p><strong>Taglia XS:<\/strong><br \/>\nLunghezza: 11,5 cm<br \/>\nCollo: 30-35 cm<br \/>\nTorace: 37,5 &#8211; 42,5 cm<br \/>\nes adatto per Yorkshire Terrier, Maltese, Chihuahua, Pomerania, cuccioli, Bassotti<\/p>\n<p><strong>Taglia S:<\/strong><br \/>\nLunghezza: 14 cm<br \/>\nCollo: 35 &#8211; 40 cm<br \/>\nTorace: 42,5 &#8211; 55 cm<br \/>\nes adatto per Mini Schnauzer, Pug, Shih Tzu, Jack Russell, Bassotto, Bulldog francese<\/p>\n<p><strong>Taglia M:<\/strong><br \/>\nLunghezza: 15 cm<br \/>\nCollo: 40-50 cm<br \/>\nPetto: 52,5 &#8211; 62,5 cm<br \/>\nes adatto per Westie, pechinese, schnauzer, bulldog francese<\/p>\n","protected":false},"excerpt":{"rendered":"<p><strong>Suggerimento:<\/strong> questa imbracatura per cani \u00e8 disponibile anche in cinque versioni colorate <a href=\"https:\/\/woofandwiggle.com\/shop\/walkandwear-hundebekleidung\/hundehalsbaender-hundegeschirre\/hundegeschirr-colorblock-weste\/\"><strong>&#8220;Colorblock&#8221;<\/strong><\/a> e una versione classica <strong>&#8220;Tartan&#8221;<\/strong>.<\/p>\n","protected":false},"featured_media":0,"template":"","meta":{"_acf_changed":false},"product_brand":[],"product_cat":[484],"product_tag":[],"class_list":{"0":"post-23043","1":"product","2":"type-product","3":"status-publish","5":"product_cat-esaurito","6":"product_shipping_class-small-item-it","8":"first","9":"instock","10":"taxable","11":"shipping-taxable","12":"purchasable","13":"product-type-variable","14":"wvs-archive-product-wrapper"},"exclude_global_add_ons":[],"addons":[],"acf":[],"_links":{"self":[{"href":"https:\/\/woofandwiggle.com\/it\/wp-json\/wp\/v2\/product\/23043","targetHints":{"allow":["GET"]}}],"collection":[{"href":"https:\/\/woofandwiggle.com\/it\/wp-json\/wp\/v2\/product"}],"about":[{"href":"https:\/\/woofandwiggle.com\/it\/wp-json\/wp\/v2\/types\/product"}],"wp:attachment":[{"href":"https:\/\/woofandwiggle.com\/it\/wp-json\/wp\/v2\/media?parent=23043"}],"wp:term":[{"taxonomy":"product_brand","embeddable":true,"href":"https:\/\/woofandwiggle.com\/it\/wp-json\/wp\/v2\/product_brand?post=23043"},{"taxonomy":"product_cat","embeddable":true,"href":"https:\/\/woofandwiggle.com\/it\/wp-json\/wp\/v2\/product_cat?post=23043"},{"taxonomy":"product_tag","embeddable":true,"href":"https:\/\/woofandwiggle.com\/it\/wp-json\/wp\/v2\/product_tag?post=23043"}],"curies":[{"name":"wp","href":"https:\/\/api.w.org\/{rel}","templated":true}]}}