{"id":20014,"date":"2020-03-28T15:31:29","date_gmt":"2020-03-28T14:31:29","guid":{"rendered":"https:\/\/woofandwiggle.com\/?post_type=product&#038;p=20014"},"modified":"2022-08-10T15:01:33","modified_gmt":"2022-08-10T13:01:33","slug":"fazzoletto-da-cane-meloni","status":"publish","type":"product","link":"https:\/\/woofandwiggle.com\/it\/shop\/passeggiata-usura\/sciarpe-cani\/fazzoletto-da-cane-meloni\/","title":{"rendered":"Fazzoletto da cane &#8220;Fresh Melon&#8221;"},"content":{"rendered":"<p>Una bandana per cani con un motivo melone estivo, progettata da woof &amp; wiggle. Pu\u00f2 essere indossato in ogni occasione, non solo nella prossima passeggiata nella foresta. Perch\u00e9 una bandana? Sembra solo chic e non d\u00e0 fastidio al cane. Ideale anche per le feste. Se hai domande sulle dimensioni o sul materiale, ti preghiamo di contattarci e ti aiuteremo.<\/p>\n<p><strong>Materiale:<\/strong><br \/>\n100% cotone<\/p>\n<p><strong>Panoramica delle taglie <\/strong><br \/>\n<strong> XS: <\/strong> Lato pi\u00f9 lungo circa 44 cm &#8211; circonferenza del collo fino a circa 28 cm<br \/>\n<strong> S: <\/strong> Lato pi\u00f9 lungo circa 54 cm &#8211; circonferenza del collo di circa 29 cm &#8211; 37 cm<br \/>\n<strong> M: <\/strong> Lato pi\u00f9 lungo circa 68 cm &#8211; circonferenza del collo di circa 35 cm &#8211; 46 cm<br \/>\n<strong> L: <\/strong> Lato pi\u00f9 lungo circa 83 cm &#8211; circonferenza del collo di circa 46 cm &#8211; 70 cm<\/p>\n","protected":false},"excerpt":{"rendered":"<p>Una bandana per cani con un motivo melone estivo, progettata da woof &amp; wiggle. Pu\u00f2 essere indossato in ogni occasione, non solo nella prossima passeggiata nella foresta. Perch\u00e9 una bandana? Sembra solo chic e non d\u00e0 fastidio al cane. Ideale anche per le feste. Se hai domande sulle dimensioni o sul materiale, ti preghiamo di [&hellip;]<\/p>\n","protected":false},"featured_media":20003,"template":"","meta":{"_acf_changed":false},"product_brand":[],"product_cat":[499],"product_tag":[],"class_list":{"0":"post-20014","1":"product","2":"type-product","3":"status-publish","4":"has-post-thumbnail","6":"product_cat-sciarpe-cani","7":"product_shipping_class-small-item-it","9":"first","10":"outofstock","11":"taxable","12":"shipping-taxable","13":"purchasable","14":"product-type-variable","15":"wvs-archive-product-wrapper"},"exclude_global_add_ons":[],"addons":[],"acf":[],"_links":{"self":[{"href":"https:\/\/woofandwiggle.com\/it\/wp-json\/wp\/v2\/product\/20014","targetHints":{"allow":["GET"]}}],"collection":[{"href":"https:\/\/woofandwiggle.com\/it\/wp-json\/wp\/v2\/product"}],"about":[{"href":"https:\/\/woofandwiggle.com\/it\/wp-json\/wp\/v2\/types\/product"}],"wp:featuredmedia":[{"embeddable":true,"href":"https:\/\/woofandwiggle.com\/it\/wp-json\/wp\/v2\/media\/20003"}],"wp:attachment":[{"href":"https:\/\/woofandwiggle.com\/it\/wp-json\/wp\/v2\/media?parent=20014"}],"wp:term":[{"taxonomy":"product_brand","embeddable":true,"href":"https:\/\/woofandwiggle.com\/it\/wp-json\/wp\/v2\/product_brand?post=20014"},{"taxonomy":"product_cat","embeddable":true,"href":"https:\/\/woofandwiggle.com\/it\/wp-json\/wp\/v2\/product_cat?post=20014"},{"taxonomy":"product_tag","embeddable":true,"href":"https:\/\/woofandwiggle.com\/it\/wp-json\/wp\/v2\/product_tag?post=20014"}],"curies":[{"name":"wp","href":"https:\/\/api.w.org\/{rel}","templated":true}]}}