{"id":19099,"date":"2020-02-27T13:40:20","date_gmt":"2020-02-27T12:40:20","guid":{"rendered":"https:\/\/woofandwiggle.com\/shop\/senza%20categoria\/pettorina-per-cani-tartan-gilet\/"},"modified":"2022-08-10T15:02:14","modified_gmt":"2022-08-10T13:02:14","slug":"pettorina-per-cani-tartan-gilet","status":"publish","type":"product","link":"https:\/\/woofandwiggle.com\/it\/shop\/passeggiata-usura\/pettorine-per-cani\/pettorina-per-cani-tartan-gilet\/","title":{"rendered":"Pettorina per cani &#8220;Tartan gilet&#8221;"},"content":{"rendered":"<p>La nostra imbracatura per cani a forma di gilet distribuisce le forze di trazione del guinzaglio in modo uniforme e riduce quindi il rischio di sfregare il cane in un punto. E sembra anche molto chic, nel nostro look &#8220;tartan&#8221; provato che potresti gi\u00e0 conoscere dal nostro parka per cani o dalla coperta da viaggio woof &amp; wiggle.<\/p>\n<p>Con cinghie in velcro regolabili sul collo e sul petto, la nostra imbracatura \u00e8 pi\u00f9 facile da indossare ma altrettanto sicura di molte altre imbracature per cani. Ancorando i ganci in velcro e velcro, il velcro \u00e8 uno dei metodi di fissaggio pi\u00f9 forti. Raccomandiamo che per la sicurezza e il comfort del vostro cane almeno la met\u00e0 delle due parti in velcro si trovino una sopra l&#8217;altra.<\/p>\n<p><strong>Materiale esterno: 100% pelle di olio secca di Merchant &amp; Mills dall&#8217;Inghilterra<\/strong><br \/>\n&#8220;Dry Oilskin&#8221; \u00e8 anche cotone spalmato. Tuttavia, il rivestimento \u00e8 molto meno evidente rispetto al classico Oilskin. Difficilmente si pu\u00f2 sentire e vedere il rivestimento. Contrariamente al classico Oilskin, non vi \u00e8 alcuna sgradevole abrasione dell&#8217;olio. Tuttavia, il tessuto \u00e8 ovviamente antivento e idrorepellente.<\/p>\n<p><strong>Dimensioni<\/strong><br \/>\nXXS, XS, S, M<\/p>\n<p><strong>Note sulle taglie<\/strong><\/p>\n<p><strong>Taglia XXS:<\/strong><br \/>\nLunghezza: 10,5 cm<br \/>\nCollo: 25-30 cm<br \/>\nTorace: 30-35 cm<br \/>\nes adatto a chihuahua, cuccioli, bassotti coniglio, barboncini giocattolo<\/p>\n<p><strong>Taglia XS:<\/strong><br \/>\nLunghezza: 11,5 cm<br \/>\nCollo: 30-35 cm<br \/>\nTorace: 37,5 &#8211; 42,5 cm<br \/>\nes adatto per Yorkshire Terrier, Maltese, Chihuahua, Pomerania, cuccioli, Bassotti<\/p>\n<p><strong>Taglia S:<\/strong><br \/>\nLunghezza: 14 cm<br \/>\nCollo: 35 &#8211; 40 cm<br \/>\nTorace: 42,5 &#8211; 55 cm<br \/>\nes adatto per Mini Schnauzer, Pug, Shih Tzu, Jack Russell, Bassotto, Bulldog francese<\/p>\n<p><strong>Taglia M:<\/strong><br \/>\nLunghezza: 15 cm<br \/>\nCollo: 40-50 cm<br \/>\nPetto: 52,5 &#8211; 62,5 cm<br \/>\nes adatto per Westie, pechinese, schnauzer, bulldog francese<\/p>\n","protected":false},"excerpt":{"rendered":"<p><strong>Suggerimento:<\/strong> disponibile anche in cinque versioni colorate <a href=\"https:\/\/woofandwiggle.com\/shop\/passeggiata-usura\/collari-per-cane\/pettorina-per-cani-colorblock-gilet\/?lang=it\">&#8220;Colorblock&#8221;<\/a>.<\/p>\n","protected":false},"featured_media":0,"template":"","meta":{"_acf_changed":false},"product_brand":[],"product_cat":[1560],"product_tag":[],"class_list":{"0":"post-19099","1":"product","2":"type-product","3":"status-publish","5":"product_cat-pettorine-per-cani","7":"first","8":"instock","9":"taxable","10":"shipping-taxable","11":"purchasable","12":"product-type-variable","13":"wvs-archive-product-wrapper"},"exclude_global_add_ons":[],"addons":[],"acf":[],"_links":{"self":[{"href":"https:\/\/woofandwiggle.com\/it\/wp-json\/wp\/v2\/product\/19099","targetHints":{"allow":["GET"]}}],"collection":[{"href":"https:\/\/woofandwiggle.com\/it\/wp-json\/wp\/v2\/product"}],"about":[{"href":"https:\/\/woofandwiggle.com\/it\/wp-json\/wp\/v2\/types\/product"}],"wp:attachment":[{"href":"https:\/\/woofandwiggle.com\/it\/wp-json\/wp\/v2\/media?parent=19099"}],"wp:term":[{"taxonomy":"product_brand","embeddable":true,"href":"https:\/\/woofandwiggle.com\/it\/wp-json\/wp\/v2\/product_brand?post=19099"},{"taxonomy":"product_cat","embeddable":true,"href":"https:\/\/woofandwiggle.com\/it\/wp-json\/wp\/v2\/product_cat?post=19099"},{"taxonomy":"product_tag","embeddable":true,"href":"https:\/\/woofandwiggle.com\/it\/wp-json\/wp\/v2\/product_tag?post=19099"}],"curies":[{"name":"wp","href":"https:\/\/api.w.org\/{rel}","templated":true}]}}