{"id":18446,"date":"2019-11-10T16:10:40","date_gmt":"2019-11-10T15:10:40","guid":{"rendered":"https:\/\/woofandwiggle.com\/shop\/senza%20categoria\/parka-invernale-scozzese-per-cani\/"},"modified":"2025-03-06T00:02:17","modified_gmt":"2025-03-05T23:02:17","slug":"parka-invernale-gingham-per-cani","status":"publish","type":"product","link":"https:\/\/woofandwiggle.com\/it\/shop\/passeggiata-usura\/maglioni-giacche-e-co\/giacche-e-cappotti\/parka\/parka-invernale-gingham-per-cani\/","title":{"rendered":"Parka invernale gingham per cani"},"content":{"rendered":"<p><strong>Fatto a mano ad Amburgo con materiali di alta qualit\u00e0<\/strong><br \/>\nIl Gingham Winter Parka \u00e8 un cappotto per cani dal design classico e l&#8217;ultimo sviluppo di woof &amp; oscillare. Con questo parka, il tuo cane \u00e8 avvolto al caldo ed \u00e8 anche elegante quando \u00e8 in giro, in campagna o in citt\u00e0.<\/p>\n<p>Il materiale esterno \u00e8 realizzato in &#8220;pelle cerata&#8221; e tiene fuori in modo affidabile vento e acqua. L&#8217;interno del parka \u00e8 foderato di morbida pelliccia, che tiene caldo anche il tuo amico a quattro zampe.<\/p>\n<p><strong>Materiale esterno: 100% pelle cerata di Merchant &amp; Mulini dall&#8217;Inghilterra<\/strong><br \/>\n&#8220;Oilskin&#8221; \u00e8 anche cotone rivestito. Tuttavia, il tessuto \u00e8 ovviamente antivento e idrorepellente. Perfetto per un cappotto per cani.<\/p>\n<p><strong>Materiale interno: pelle di agnello termica<\/strong><br \/>\nPelle di agnello di alta qualit\u00e0 con lana<br \/>\n20% lana vergine, 50% poliestere, 30% poliacrilico<\/p>\n<p><strong>Caratteristiche:<\/strong> il parka ha una piccola tasca e un&#8217;apertura per il guinzaglio richiudibile.<\/p>\n<p><strong>Istruzioni per la cura: <\/strong>Pulisci il tuo Oilskin Parka con una spazzola morbida o un panno. Per sporchi pesanti si consiglia il lavaggio a mano a 30 gradi con un detersivo per l&#8217;igiene. Dopo il lavaggio a mano, il tuo Oilskin Parka deve essere nuovamente incerato. Abbiamo un video per te qui! Ogni Parka Oilskin viene fornito con un pezzetto di cera, sufficiente per 1-2 cerette.<\/p>\n<p><strong>Disponibile nelle taglie:<\/strong><br \/>\nXXS: lunghezza schiena 29 cm<br \/>\nXS: lunghezza posteriore 33 cm<br \/>\nS: lunghezza schiena 38 cm<br \/>\nM: 43 cm di lunghezza della schiena<br \/>\nL: lunghezza posteriore 48 cm<\/p>\n<p>Se hai domande sulle taglie o sul materiale del mantello per cani, contattaci e saremo felici di aiutarti.<\/p>\n","protected":false},"excerpt":{"rendered":"<p>Il cappotto per cani premium di woof &AMP; produzione Wiggle con materiali di altissima qualit\u00e0. Esterno 100% &#8220;Pelle cerata&#8221; di Merchant &amp; Mulini e interni in &#8220;Pelle di Agnello Termo&#8221;.<\/p>\n","protected":false},"featured_media":127392,"template":"","meta":{"_acf_changed":false},"product_brand":[],"product_cat":[3467],"product_tag":[],"class_list":{"0":"post-18446","1":"product","2":"type-product","3":"status-publish","4":"has-post-thumbnail","6":"product_cat-parka","8":"first","9":"instock","10":"taxable","11":"shipping-taxable","12":"purchasable","13":"product-type-variable","14":"wvs-archive-product-wrapper"},"exclude_global_add_ons":[],"addons":[],"acf":[],"_links":{"self":[{"href":"https:\/\/woofandwiggle.com\/it\/wp-json\/wp\/v2\/product\/18446","targetHints":{"allow":["GET"]}}],"collection":[{"href":"https:\/\/woofandwiggle.com\/it\/wp-json\/wp\/v2\/product"}],"about":[{"href":"https:\/\/woofandwiggle.com\/it\/wp-json\/wp\/v2\/types\/product"}],"wp:featuredmedia":[{"embeddable":true,"href":"https:\/\/woofandwiggle.com\/it\/wp-json\/wp\/v2\/media\/127392"}],"wp:attachment":[{"href":"https:\/\/woofandwiggle.com\/it\/wp-json\/wp\/v2\/media?parent=18446"}],"wp:term":[{"taxonomy":"product_brand","embeddable":true,"href":"https:\/\/woofandwiggle.com\/it\/wp-json\/wp\/v2\/product_brand?post=18446"},{"taxonomy":"product_cat","embeddable":true,"href":"https:\/\/woofandwiggle.com\/it\/wp-json\/wp\/v2\/product_cat?post=18446"},{"taxonomy":"product_tag","embeddable":true,"href":"https:\/\/woofandwiggle.com\/it\/wp-json\/wp\/v2\/product_tag?post=18446"}],"curies":[{"name":"wp","href":"https:\/\/api.w.org\/{rel}","templated":true}]}}