{"id":18403,"date":"2019-04-07T21:25:50","date_gmt":"2019-04-07T19:25:50","guid":{"rendered":"https:\/\/woofandwiggle.com\/shop\/senza%20categoria\/accappatoio-per-cani\/"},"modified":"2024-08-22T00:09:03","modified_gmt":"2024-08-21T22:09:03","slug":"accappatoio-per-cani","status":"publish","type":"product","link":"https:\/\/woofandwiggle.com\/it\/shop\/passeggiata-usura\/maglioni-giacche-e-co\/accappatoi\/accappatoio-per-cani\/","title":{"rendered":"Accappatoio per cani"},"content":{"rendered":"<p>Con il nostro poncho asciutto, il tuo cane sar\u00e0 asciugato senza stress e sar\u00e0 un gioco da ragazzi. Il poncho asciutto extra soffice ha una felpa con cappuccio con cui puoi asciugare facilmente le orecchie. Ha un anello per appendere e pu\u00f2 essere chiuso con velcro. Grazie alla chiusura in velcro, pu\u00f2 essere adattato a qualsiasi dimensione. Finalmente ognuno ha il proprio asciugamano. La spugna \u00e8 particolarmente assorbente e avvolgente.<\/p>\n<p><strong>Materiale<\/strong><br \/>\n90% cotone<br \/>\n10% nylon<\/p>\n<p><strong>Istruzioni per la cura<\/strong><br \/>\nLavaggio normale a 60 \u00b0, non candeggiare, non stirare a caldo, utilizzare nell&#8217;asciugatrice, lavare a secco possibile<\/p>\n","protected":false},"excerpt":{"rendered":"<p>La soluzione per asciugare velocemente i cani bagnati: l&#8217;accappatoio per cani. Accogliente e pratico. Ora con le orecchie carine in stile teddy.<\/p>\n","protected":false},"featured_media":130299,"template":"","meta":{"_acf_changed":false},"product_brand":[],"product_cat":[483,492,3020,500],"product_tag":[],"class_list":{"0":"post-18403","1":"product","2":"type-product","3":"status-publish","4":"has-post-thumbnail","6":"product_cat-passeggiata-usura","7":"product_cat-cura-e-igiene","8":"product_cat-accappatoi","9":"product_cat-maglioni-giacche-e-co","11":"first","12":"instock","13":"taxable","14":"shipping-taxable","15":"purchasable","16":"product-type-variable","17":"wvs-archive-product-wrapper"},"exclude_global_add_ons":[],"addons":[],"acf":[],"_links":{"self":[{"href":"https:\/\/woofandwiggle.com\/it\/wp-json\/wp\/v2\/product\/18403","targetHints":{"allow":["GET"]}}],"collection":[{"href":"https:\/\/woofandwiggle.com\/it\/wp-json\/wp\/v2\/product"}],"about":[{"href":"https:\/\/woofandwiggle.com\/it\/wp-json\/wp\/v2\/types\/product"}],"wp:featuredmedia":[{"embeddable":true,"href":"https:\/\/woofandwiggle.com\/it\/wp-json\/wp\/v2\/media\/130299"}],"wp:attachment":[{"href":"https:\/\/woofandwiggle.com\/it\/wp-json\/wp\/v2\/media?parent=18403"}],"wp:term":[{"taxonomy":"product_brand","embeddable":true,"href":"https:\/\/woofandwiggle.com\/it\/wp-json\/wp\/v2\/product_brand?post=18403"},{"taxonomy":"product_cat","embeddable":true,"href":"https:\/\/woofandwiggle.com\/it\/wp-json\/wp\/v2\/product_cat?post=18403"},{"taxonomy":"product_tag","embeddable":true,"href":"https:\/\/woofandwiggle.com\/it\/wp-json\/wp\/v2\/product_tag?post=18403"}],"curies":[{"name":"wp","href":"https:\/\/api.w.org\/{rel}","templated":true}]}}