{"id":18277,"date":"2019-03-03T15:21:04","date_gmt":"2019-03-03T14:21:04","guid":{"rendered":"https:\/\/woofandwiggle.com\/shop\/senza%20categoria\/giacca-a-vento-giacca-da-pioggia\/"},"modified":"2026-02-14T12:07:44","modified_gmt":"2026-02-14T11:07:44","slug":"giacca-a-vento-giacca-da-pioggia","status":"publish","type":"product","link":"https:\/\/woofandwiggle.com\/it\/shop\/passeggiata-usura\/maglioni-giacche-e-co\/giacche-e-cappotti\/impermeabili\/giacca-a-vento-giacca-da-pioggia\/","title":{"rendered":"Giacca a vento \/ giacca da pioggia"},"content":{"rendered":"<p>Ad Amburgo conosciamo molto bene il &#8220;clima acaro&#8221;. Abbiamo quindi sviluppato una giacca da pioggia elegante e funzionale in due diversi settori di colori: rosa \/ rosso e blu navy \/ verde. Mantieni il tuo amico a quattro zampe asciutto e pulito con la nostra giacca a vento nella consueta qualit\u00e0 di trama e ondeggiamento. Il cappuccio con cappuccio e la cintura sono in colori contrastanti, il cappuccio e la parte posteriore sono regolabili con un cordino di gomma in arancione. Naturalmente con un foro per un colletto e una tasca con velcro per spuntini sul retro. La giacca \u00e8 chiusa con velcro sulla pancia e sul collo. Usiamo tessuto in poliestere di alta qualit\u00e0 che \u00e8 molto idrorepellente, resistente allo sporco e antivento grazie a Teflon\u00ae. La fodera interna \u00e8 in microfibra Nanotex\u00ae con membrana climatica. La fodera interna \u00e8 anche impermeabile, traspirante e antivento.<\/p>\n<p><strong>Facile manutenzione<\/strong><br \/>\nAnche la cura \u00e8 molto semplice: lavare in lavatrice a 30 \u00b0 C, non asciugare in asciugatrice, non stirare, non lavare a secco. Si consiglia di rinnovare l&#8217;impregnazione di volta in volta durante il ciclo di lavaggio.<\/p>\n<p>Colonna d&#8217;acqua di 3000 mm, il che significa che il cappotto \u00e8 adatto per un facile utilizzo e brevi viaggi sotto la pioggia.<\/p>\n<p><strong>Tabella di formato<\/strong><\/p>\n<table>\n<tbody>\n<tr>\n<th><span style=\"font-weight: 400;\">Dimensione<\/span><\/th>\n<th><span style=\"font-weight: 400;\">Estensione<\/span><\/th>\n<th><span style=\"font-weight: 400;\">Lunghezza<\/span><\/th>\n<\/tr>\n<tr>\n<td>1<\/td>\n<td>38-42cm<\/td>\n<td>28cm<\/td>\n<\/tr>\n<tr>\n<td>2<\/td>\n<td>41-45cm<\/td>\n<td>32cm<\/td>\n<\/tr>\n<tr>\n<td>3<\/td>\n<td>42-47cm<\/td>\n<td>37cm<\/td>\n<\/tr>\n<tr>\n<td>4<\/td>\n<td>47-53cm<\/td>\n<td>39cm<\/td>\n<\/tr>\n<tr>\n<td>5<\/td>\n<td>55-62cm<\/td>\n<td>39cm<\/td>\n<\/tr>\n<tr>\n<td>6<\/td>\n<td>48-55cm<\/td>\n<td>46cm<\/td>\n<\/tr>\n<tr>\n<td>Taglia 7<\/td>\n<td>52-59 cm<\/td>\n<td>52 cm<\/td>\n<\/tr>\n<tr>\n<td>Taglia 8<\/td>\n<td>60-69 cm<\/td>\n<td>56 cm<\/td>\n<\/tr>\n<\/tbody>\n<\/table>\n","protected":false},"excerpt":{"rendered":"<p>Elegante impermeabile per cani realizzato con materiali high-tech.<\/p>\n","protected":false},"featured_media":113927,"template":"","meta":{"_acf_changed":false},"product_brand":[],"product_cat":[3463],"product_tag":[],"class_list":{"0":"post-18277","1":"product","2":"type-product","3":"status-publish","4":"has-post-thumbnail","6":"product_cat-impermeabili","8":"first","9":"instock","10":"taxable","11":"shipping-taxable","12":"purchasable","13":"product-type-variable","14":"wvs-archive-product-wrapper"},"exclude_global_add_ons":[],"addons":[],"acf":[],"_links":{"self":[{"href":"https:\/\/woofandwiggle.com\/it\/wp-json\/wp\/v2\/product\/18277","targetHints":{"allow":["GET"]}}],"collection":[{"href":"https:\/\/woofandwiggle.com\/it\/wp-json\/wp\/v2\/product"}],"about":[{"href":"https:\/\/woofandwiggle.com\/it\/wp-json\/wp\/v2\/types\/product"}],"wp:featuredmedia":[{"embeddable":true,"href":"https:\/\/woofandwiggle.com\/it\/wp-json\/wp\/v2\/media\/113927"}],"wp:attachment":[{"href":"https:\/\/woofandwiggle.com\/it\/wp-json\/wp\/v2\/media?parent=18277"}],"wp:term":[{"taxonomy":"product_brand","embeddable":true,"href":"https:\/\/woofandwiggle.com\/it\/wp-json\/wp\/v2\/product_brand?post=18277"},{"taxonomy":"product_cat","embeddable":true,"href":"https:\/\/woofandwiggle.com\/it\/wp-json\/wp\/v2\/product_cat?post=18277"},{"taxonomy":"product_tag","embeddable":true,"href":"https:\/\/woofandwiggle.com\/it\/wp-json\/wp\/v2\/product_tag?post=18277"}],"curies":[{"name":"wp","href":"https:\/\/api.w.org\/{rel}","templated":true}]}}