{"id":125612,"date":"2024-05-22T14:09:29","date_gmt":"2024-05-22T12:09:29","guid":{"rendered":"https:\/\/woofandwiggle.com\/?post_type=product&#038;p=125612"},"modified":"2024-09-02T13:06:12","modified_gmt":"2024-09-02T11:06:12","slug":"borsa-per-cani-flybuddy-nero-kopie","status":"publish","type":"product","link":"https:\/\/woofandwiggle.com\/it\/shop\/dormi-e-viaggia\/borse-per-cani\/flybuddy-trasportino-per-cani\/borsa-per-cani-flybuddy-nero-kopie\/","title":{"rendered":"Borsa per cani FlyBuddy Sabbia"},"content":{"rendered":"<p>Porta con te il tuo migliore amico quando viaggi in una delle nostre comode borse per cani FlyBuddy. Questa borsa da viaggio modulare \u00e8 il compagno perfetto per la tua prossima vacanza. Grazie ai pannelli laterali in rete, la borsa da viaggio \u00e8 ben ventilata per il tuo piccolo. La borsa pu\u00f2 essere trasportata utilizzando i manici corti o semplicemente appesa a spalla utilizzando la tracolla. Se viaggi con una valigia, la borsa da viaggio pu\u00f2 anche essere facilmente fissata agli slot della valigia.<\/p>\n<p>All&#8217;interno, la borsa ha una piccola linea di aggancio ed \u00e8 foderata con un tappetino in neoprene che diventa letto quando si apre uno dei lati lunghi con la cerniera. Il nostro FlyBuddy \u00e8 il cestino da viaggio perfetto per il tuo amico.<\/p>\n<p>Scopri subito la borsa da volo per cani ideale per il tuo prossimo viaggio e assicurati che il tuo amico a quattro zampe sia sempre sicuro e comodo in movimento. Disponibile anche in verde chic e <a href=\"https:\/\/woofandwiggle.com\/shop\/hund- Schlaf-reise\/hundetaschen\/flybuddy-hundetaschen-schwarz\">nero<\/a>. <\/p>\n<p>Adatto per cani come Bassotto Coniglio, Bassotto Nano, Havanese, Barboncino Toy, Chihuahua, Coton de Tulear e simili fino a 7 kg.<\/p>\n<p>Puoi trovare le misure esatte sull&#8217;idoneit\u00e0 a bordo delle borse per cani in aereo sui siti web delle rispettive compagnie aeree. Ecco ad esempio le informazioni di Lufthanse del 26 maggio 2024: presso Lufthansa la circonferenza totale massima della borsa pu\u00f2 essere di 118 cm.<\/p>\n<p><strong>Cura: <\/strong><br \/>\nLa borsa da viaggio si prega di lavare solo a mano, il tappetino pu\u00f2 essere lavato in lavatrice a 30 gradi con lavastoviglie igienica<\/p>\n<p><strong>Taglia unica: <\/strong><br \/>\n27 cm x 28 cm x 47 cm<br \/>\npiegato 30 cm x 4 cm x 47 cm<\/p>\n<p><strong>Peso:\u00a0<\/strong><br \/>\n1,2 chili<\/p>\n","protected":false},"excerpt":{"rendered":"<p>Porta con te il tuo migliore amico quando viaggi in una delle nostre comode borse per cani FlyBuddy. Questa borsa da viaggio modulare \u00e8 il compagno perfetto per la tua prossima vacanza. Grazie ai pannelli laterali in rete, la borsa da viaggio \u00e8 ben ventilata per il tuo piccolo. La borsa pu\u00f2 essere trasportata utilizzando [&hellip;]<\/p>\n","protected":false},"featured_media":125767,"template":"","meta":{"_acf_changed":false},"product_brand":[],"product_cat":[3450],"product_tag":[],"class_list":{"0":"post-125612","1":"product","2":"type-product","3":"status-publish","4":"has-post-thumbnail","6":"product_cat-flybuddy-trasportino-per-cani","8":"first","9":"instock","10":"taxable","11":"shipping-taxable","12":"purchasable","13":"product-type-simple"},"exclude_global_add_ons":[],"addons":[],"acf":[],"_links":{"self":[{"href":"https:\/\/woofandwiggle.com\/it\/wp-json\/wp\/v2\/product\/125612","targetHints":{"allow":["GET"]}}],"collection":[{"href":"https:\/\/woofandwiggle.com\/it\/wp-json\/wp\/v2\/product"}],"about":[{"href":"https:\/\/woofandwiggle.com\/it\/wp-json\/wp\/v2\/types\/product"}],"wp:featuredmedia":[{"embeddable":true,"href":"https:\/\/woofandwiggle.com\/it\/wp-json\/wp\/v2\/media\/125767"}],"wp:attachment":[{"href":"https:\/\/woofandwiggle.com\/it\/wp-json\/wp\/v2\/media?parent=125612"}],"wp:term":[{"taxonomy":"product_brand","embeddable":true,"href":"https:\/\/woofandwiggle.com\/it\/wp-json\/wp\/v2\/product_brand?post=125612"},{"taxonomy":"product_cat","embeddable":true,"href":"https:\/\/woofandwiggle.com\/it\/wp-json\/wp\/v2\/product_cat?post=125612"},{"taxonomy":"product_tag","embeddable":true,"href":"https:\/\/woofandwiggle.com\/it\/wp-json\/wp\/v2\/product_tag?post=125612"}],"curies":[{"name":"wp","href":"https:\/\/api.w.org\/{rel}","templated":true}]}}