{"id":124304,"date":"2024-03-14T14:47:51","date_gmt":"2024-03-14T13:47:51","guid":{"rendered":"https:\/\/woofandwiggle.com\/?post_type=product&#038;p=124304"},"modified":"2026-04-07T00:53:06","modified_gmt":"2026-04-06T22:53:06","slug":"giaca-sherpa-dackel-klub-kopie","status":"publish","type":"product","link":"https:\/\/woofandwiggle.com\/it\/shop\/per-le-persone\/abbigliamento\/jackets-it\/giaca-sherpa-dackel-klub-kopie\/","title":{"rendered":"Giubbotto bomber &#8220;Dackel Klub&#8221;"},"content":{"rendered":"<p>Tutto per il bassotto, tutto per il club. Con il nostro ultimo highlight, il bomber &#8220;Dackel Klub&#8221;, potrete mostrare il vostro senso dello stile non solo al prato dei cani, ma anche in curva nel vostro quartiere. Questa giacca non \u00e8 solo una dichiarazione del tuo amore per i bassotti, ma anche un&#8217;espressione del tuo stile individuale.<\/p>\n<p>Realizzati con prodotti biologici di alta qualit\u00e0 e del commercio equo e solidale, i nostri vestiti non sono solo sinonimo di stile, ma anche di sostenibilit\u00e0 e responsabilit\u00e0 sociale. Ogni pezzo \u00e8 accuratamente ricamato e rifinito nel nostro studio per assicurarti di ricevere un capo unico e progettato con amore.<\/p>\n<p>Con il bomber &#8220;Dackel Klub&#8221; fai una dichiarazione sulla tua passione e allo stesso tempo sostieni azioni etiche e rispettose dell&#8217;ambiente. Indossa il tuo amore per i bassotti con orgoglio e stile: fai parte del club!<\/p>\n<p>Bomber unisex di alta qualit\u00e0 realizzato in poliestere riciclato. La leggera imbottitura e il rivestimento idrorepellente e privo di fluoro del tessuto esterno in twill vellutato offrono un elevato livello di comfort in condizioni climatiche avverse. Il colletto, le maniche e l&#8217;amp; Le estremit\u00e0 dei fianchi hanno polsini larghi a coste. Il giubbotto si chiude con una cerniera color argento e un grande cursore in metallo. La giacca \u00e8 dotata di due tasche laterali e un taschino interno sul petto, ciascuna con bottone a pressione. Inoltre, sulla manica sinistra \u00e8 cucita una piccola tasca con cerniera con quattro scomparti per penne.<\/p>\n<p>La produzione avviene in condizioni eque e rispettose dell&#8217;ambiente. Il poliestere utilizzato per il capo \u00e8 completamente riciclato da bottiglie in PET. Ci\u00f2 consente di risparmiare risorse ed evitare rifiuti di plastica. Nessun prodotto chimico critico viene utilizzato nell&#8217;ulteriore lavorazione.<\/p>\n<ul>\n<li>Fodera trapuntata<\/li>\n<li>Taschino profilato con chiusura con bottone a pressione all&#8217;interno<\/li>\n<li>Tirante per cerniera in metallo<\/li>\n<li>Lavorazione a costine sugli orli delle maniche, sul fondo e sul colletto<\/li>\n<li>Tasca frontale a filetto con chiusura con bottone a pressione<\/li>\n<li>Tasca con cerniera con quattro scomparti per penne sulla manica<\/li>\n<\/ul>\n<p><strong>Materiale<br \/>\n<\/strong>Tessuto esterno: TWILL, 100% POLIESTERE RICICLATO<br \/>\nMateriale interno: TAFFETA, 100% POLIESTERE RICICLATO,<\/p>\n<p><strong>Disponibile nelle taglie<\/strong><br \/>\nXS, S, M, L, XL, XXL,<\/p>\n<p><strong>Istruzioni per la cura<\/strong><br \/>\nLavabile a 30\u00b0C, non candeggiare, non stirare, non asciugare in asciugatrice<\/p>\n<p><strong>Certificati<br \/>\n<\/strong><\/p>\n<p><img decoding=\"async\" class=\"wp-image-124488 \" src=\"https:\/\/woofandwiggle.com\/wp-content\/uploads\/\/PETAVegan-600x220.png\" alt=\"PETAVegan\" width=\"144\" Height=\" 53\" srcset=\"https:\/\/woofandwiggle.com\/wp-content\/uploads\/PETAVegan-600x220.png 600w, https:\/\/woofandwiggle.com\/wp-content\/uploads\/PETAVegan-768x281.png 768w, https:\/\/woofandwiggle.com\/wp-content\/uploads\/PETAVegan-416x152.png 416w, https:\/\/woofandwiggle.com\/wp-content\/uploads\/PETAVegan-150x55.png 150w, https:\/\/woofandwiggle.com\/wp-content\/uploads\/PETAVegan.png 820w\" sizes=\"(max-width: 600px) 100vw, 600px\" \/><\/p>\n<p><img loading=\"lazy\" decoding=\"async\" width=\"276\" height=\"300\" class=\"wp-image-124484 \" src=\"https:\/\/woofandwiggle.com\/wp-content\/uploads\/OekoTex1112055.png\" alt=\"OekoTex1112055\" larghezza=\"86\" altezza=\"93\" srcset=\"https:\/\/woofandwiggle.com\/wp-content\/uploads\/OekoTex1112055.png 276w, https:\/\/woofandwiggle.com\/wp-content\/uploads\/OekoTex1112055-138x150.png 138w\" sizes=\"auto, (max-width: 276px) 100vw, 276px\" \/><\/p>\n<p><img loading=\"lazy\" decoding=\"async\" width=\"276\" height=\"300\" class=\"wp-image-124484 \" src=\"https:\/\/woofandwiggle.com\/wp-content\/uploads\/OekoTex1112055.png\" alt=\"OekoTex1112055\" larghezza=\"86\" altezza=\"93\" data-wp-editing=\"1\" srcset=\"https:\/\/woofandwiggle.com\/wp-content\/uploads\/OekoTex1112055.png 276w, https:\/\/woofandwiggle.com\/wp-content\/uploads\/OekoTex1112055-138x150.png 138w\" sizes=\"auto, (max-width: 276px) 100vw, 276px\" \/><\/p>\n<p><strong><\/strong><\/p>\n<p><strong>Tabella delle taglie<\/strong><br \/>\nVestibilit\u00e0 unisex regolare<\/p>\n<figure id=\"attachment_124342\" aria-describedby=\"caption-attachment-124342\" style=\"width: 412px\" class=\"wp-caption alignnone\"><img decoding=\"async\" class=\"wp-image-124342 \" src=\"https:\/\/woofandwiggle.com\/wp-content\/uploads\/woofandwiggle_bomber .png\" alt=\"Bomber Sketch\" larghezza=\"412\" altezza=\"195\" \/><figcaption id=\"caption-attachment-124342\" class=\"wp-caption-text\">Bomber Sketch<\/figcaption><\/figure>\n<p>&nbsp;<\/p>\n<p><tabella><br \/>\n<corpo><\/p>\n<tr>\n<th>Dimensione<\/th>\n<th>Petto (A)<\/th>\n<th>Lunghezza (B)<\/th>\n<th>Maniche (C)<\/th>\n<\/tr>\n<tr>\n<td>XS<\/td>\n<td>57 centimetri<\/td>\n<td>64,5 centimetri<\/td>\n<td>62,5 cm<\/td>\n<\/tr>\n<tr>\n<td>S<\/td>\n<td>59,5 cm<\/td>\n<td>67,5 cm<\/td>\n<td>66,5 cm<\/td>\n<\/tr>\n<tr>\n<td>M<\/td>\n<td>62 cm<\/td>\n<td>69,5 cm<\/td>\n<td>68 cm<\/td>\n<\/tr>\n<tr>\n<td>L<\/td>\n<td>65,5 cm<\/td>\n<td>71,5 cm<\/td>\n<td>69,5 cm<\/td>\n<\/tr>\n<tr>\n<td>XL<\/td>\n<td>69 cm<\/td>\n<td>73,5 cm<\/td>\n<td>71 centimetri<\/td>\n<\/tr>\n<tr>\n<td>XXL<\/td>\n<td>72,5 cm<\/td>\n<td>75,5 cm<\/td>\n<td>72,5 cm<\/td>\n<\/tr>\n<p><\/tcorpo><br \/>\n<\/tabella><\/p>\n","protected":false},"excerpt":{"rendered":"<p>Si prega di notare che abbiamo bisogno di 5 giorni lavorativi di tempo di produzione!<\/p>\n","protected":false},"featured_media":124419,"template":"","meta":{"_acf_changed":false},"product_brand":[],"product_cat":[2929,2988],"product_tag":[2775],"class_list":{"0":"post-124304","1":"product","2":"type-product","3":"status-publish","4":"has-post-thumbnail","6":"product_cat-jackets-it","7":"product_cat-dackel-klub-it","8":"product_tag-dackel-klub-it","10":"first","11":"instock","12":"taxable","13":"shipping-taxable","14":"purchasable","15":"product-type-variable","16":"wvs-archive-product-wrapper"},"exclude_global_add_ons":[],"addons":[],"acf":[],"_links":{"self":[{"href":"https:\/\/woofandwiggle.com\/it\/wp-json\/wp\/v2\/product\/124304","targetHints":{"allow":["GET"]}}],"collection":[{"href":"https:\/\/woofandwiggle.com\/it\/wp-json\/wp\/v2\/product"}],"about":[{"href":"https:\/\/woofandwiggle.com\/it\/wp-json\/wp\/v2\/types\/product"}],"wp:featuredmedia":[{"embeddable":true,"href":"https:\/\/woofandwiggle.com\/it\/wp-json\/wp\/v2\/media\/124419"}],"wp:attachment":[{"href":"https:\/\/woofandwiggle.com\/it\/wp-json\/wp\/v2\/media?parent=124304"}],"wp:term":[{"taxonomy":"product_brand","embeddable":true,"href":"https:\/\/woofandwiggle.com\/it\/wp-json\/wp\/v2\/product_brand?post=124304"},{"taxonomy":"product_cat","embeddable":true,"href":"https:\/\/woofandwiggle.com\/it\/wp-json\/wp\/v2\/product_cat?post=124304"},{"taxonomy":"product_tag","embeddable":true,"href":"https:\/\/woofandwiggle.com\/it\/wp-json\/wp\/v2\/product_tag?post=124304"}],"curies":[{"name":"wp","href":"https:\/\/api.w.org\/{rel}","templated":true}]}}