{"id":124078,"date":"2024-03-07T13:07:51","date_gmt":"2024-03-07T12:07:51","guid":{"rendered":"https:\/\/woofandwiggle.com\/?post_type=product&#038;p=124078"},"modified":"2024-05-15T13:49:05","modified_gmt":"2024-05-15T11:49:05","slug":"pettorina-per-cani-per-localizzatori-gps-tractive-kopie","status":"publish","type":"product","link":"https:\/\/woofandwiggle.com\/it\/shop\/passeggiata-usura\/pettorine-per-cani\/pettorina-per-cani-per-localizzatori-gps-tractive-kopie\/","title":{"rendered":"Pettorina per cani &#8220;Stone&#8221; per localizzatori GPS &#8220;Tractive&#8221;"},"content":{"rendered":"<p>La nostra pettorina per cani a forma di gilet distribuisce uniformemente la forza di trazione del guinzaglio, riducendo cos\u00ec il rischio che il cane si sfreghi in un unico punto. E sembra anche molto chic. Le articolazioni della spalla non vengono sollecitate. Abbiamo sviluppato queste imbracature per gilet per adattarle ai piccoli localizzatori GPS di &#8220;Tractive&#8221;.<\/p>\n<p>Le chiusure in velcro regolabili sul collo e sul petto rendono la nostra pettorina per cani pi\u00f9 facile da indossare ma altrettanto sicura come molte altre pettorine per cani. Ancorando il nastro in Velcro e i ganci in Velcro, il Velcro \u00e8 uno dei metodi di chiusura pi\u00f9 resistenti. Consigliamo che almeno la met\u00e0 dei due pezzi di velcro siano uno sopra l&#8217;altro per la sicurezza e il comfort del tuo cane.<\/p>\n<p>L&#8217;imbracatura \u00e8 realizzata in Dralon\u00ae, una fibra acrilica filata a secco proveniente dalla Germania. Impermeabilizzato, resistente alle intemperie e molto durevole. Disponibile anche nel classico design &#8220;tartan&#8221; realizzato in cotone cerato britannico.<\/p>\n<p><strong>Materiale<\/strong><br \/>\nDralon\u00ae<\/p>\n<p class=\"p1\"><strong>Taglie<br \/>\n<\/strong>XXS, XS, S, M<\/p>\n<p><strong>Note sulle taglie<\/strong><\/p>\n<p class=\"p1\"><strong>Taglia XXS:<\/strong><br \/>\nLunghezza: 10,5 cm<br \/>\nCollo: 25 &#8211; 30 cm<br \/>\nPetto: 30 &#8211; 35 cm<br \/>\nad esempio adatto per chihuahua, cuccioli, conigli bassotti, barboncini toy<\/p>\n<p class=\"p1\"><strong>Taglia XS:<\/strong><br \/>\nLunghezza: 11,5 cm<br \/>\nCollo: 30 &#8211; 35 cm<br \/>\nPetto: 37,5 &#8211; 42,5 cm<br \/>\nadatto ad esempio per Yorkshire Terrier, Maltese, Chihuahua, Pomerania, cuccioli, bassotti<\/p>\n<p class=\"p1\"><strong>Taglia S:<\/strong><br \/>\nLunghezza: 14 cm<br \/>\nCollo: 35 &#8211; 40 cm<br \/>\nPetto: 42,5 &#8211; 55 cm<br \/>\nadatto ad esempio per Mini Schnauzer, Carlino, Shih Tzu, Jack Russell, Bassotto, Bulldog francese<\/p>\n<p class=\"p1\"><strong>Taglia M:<\/strong><br \/>\nLunghezza: 15 cm<br \/>\nCollo: 40 &#8211; 50 cm<br \/>\nPetto: 52,5 &#8211; 62,5 cm<br \/>\nAdatto ad esempio per Westie, Pechinese, Schnauzer, Bulldog francese<\/p>\n<p>&nbsp;<\/p>\n<p><strong>Tracciatore:<br \/>\n<\/strong>Puoi ottenere il tracker direttamente da <strong><a href=\"https:\/\/t.adcell.com\/p\/click?promoId=201861&amp;slotId=95467&amp;param0=https%3A%2F%2Ftractive . com%2Fde%2Fpd%2Fgps-tracker-dog\" target=\"_blank\" rel=\"noopener\">Tractive* (10% con voucher &#8220;ADCPET10&#8221;)<\/a> <\/strong>o presso <strong><a href=\"https:\/\/amzn.to\/3vy0tfy\">Amazon<\/a>*<\/strong>.<\/p>\n<p>*Link di affiliazione<\/p>\n","protected":false},"excerpt":{"rendered":"<p>Questa imbracatura ha una tasca abbinata per <strong> localizzatore GPS &#8220;Tractive&#8221; <\/strong> (non incluso). Ovviamente puoi indossare la pettorina per cani anche senza tracker \ud83d\ude0a Puoi ottenere il tracker direttamente da <strong><a href=\"https:\/\/t.adcell.com\/p\/click?promoId=201861&amp;slotId=95467&amp;param0=https%3A%2F%2Ftractive.com%2Fde%2Fpd%2Fgps-tracker-dog\" target=\"_blank\" rel=\"noopener\">Tractive* (10% con codice &#8220;ADCPET10&#8221;)<\/a><\/strong>o anche a\u00a0<strong><a href=\"https:\/\/amzn.to\/3vy0tfy\">Amazon<\/a>*<\/strong>.<\/p>\n<p>*Affiliate-Links<\/p>\n","protected":false},"featured_media":124115,"template":"","meta":{"_acf_changed":false},"product_brand":[],"product_cat":[1560],"product_tag":[3177],"class_list":{"0":"post-124078","1":"product","2":"type-product","3":"status-publish","4":"has-post-thumbnail","6":"product_cat-pettorine-per-cani","7":"product_tag-nuova-collezione","9":"first","10":"instock","11":"taxable","12":"shipping-taxable","13":"purchasable","14":"product-type-variable","15":"wvs-archive-product-wrapper"},"exclude_global_add_ons":[],"addons":[],"acf":[],"_links":{"self":[{"href":"https:\/\/woofandwiggle.com\/it\/wp-json\/wp\/v2\/product\/124078","targetHints":{"allow":["GET"]}}],"collection":[{"href":"https:\/\/woofandwiggle.com\/it\/wp-json\/wp\/v2\/product"}],"about":[{"href":"https:\/\/woofandwiggle.com\/it\/wp-json\/wp\/v2\/types\/product"}],"wp:featuredmedia":[{"embeddable":true,"href":"https:\/\/woofandwiggle.com\/it\/wp-json\/wp\/v2\/media\/124115"}],"wp:attachment":[{"href":"https:\/\/woofandwiggle.com\/it\/wp-json\/wp\/v2\/media?parent=124078"}],"wp:term":[{"taxonomy":"product_brand","embeddable":true,"href":"https:\/\/woofandwiggle.com\/it\/wp-json\/wp\/v2\/product_brand?post=124078"},{"taxonomy":"product_cat","embeddable":true,"href":"https:\/\/woofandwiggle.com\/it\/wp-json\/wp\/v2\/product_cat?post=124078"},{"taxonomy":"product_tag","embeddable":true,"href":"https:\/\/woofandwiggle.com\/it\/wp-json\/wp\/v2\/product_tag?post=124078"}],"curies":[{"name":"wp","href":"https:\/\/api.w.org\/{rel}","templated":true}]}}