{"id":122177,"date":"2024-01-25T10:12:40","date_gmt":"2024-01-25T09:12:40","guid":{"rendered":"https:\/\/woofandwiggle.com\/?post_type=product&#038;p=122177"},"modified":"2026-04-07T00:53:07","modified_gmt":"2026-04-06T22:53:07","slug":"cappotto-avvolgente-in-pile-polartec-kopie-2","status":"publish","type":"product","link":"https:\/\/woofandwiggle.com\/it\/shop\/passeggiata-usura\/maglioni-giacche-e-co\/giacche-e-cappotti\/fleece-wraps-it\/cappotto-avvolgente-in-pile-polartec-kopie-2\/","title":{"rendered":"Cappotto per cani \u201cWrap\u201d in pile Sierra Nevada"},"content":{"rendered":"<p>Ora il nostro popolare involucro \u00e8 disponibile anche nel fantastico motivo azteco. La trama &amp; Il cappotto per cani in pile Wiggle Wrap Sierra Nevada \u00e8 un mix di mantello e maglione e combina il meglio di entrambi i mondi. Pu\u00f2 essere indossato e tolto velocemente e facilmente e ti mantiene caldo e asciutto, anche a pancia in gi\u00f9. Perch\u00e9 la trama &amp; Wiggle Wrap ti mantiene super caldo, \u00e8 traspirante, comodo da indossare e lavabile! La fascia pu\u00f2 essere chiusa in modo flessibile e veloce tramite una chiusura in velcro. Un&#8217;imbracatura pu\u00f2 essere facilmente indossata sopra la fascia.<\/p>\n<p>La fascia \u00e8 particolarmente adatta come cappottino per cani che, ad esempio, hanno difficolt\u00e0 a indossare un maglione per motivi di salute.<\/p>\n<p><b>Trova la taglia giusta<\/b><br \/>\nLe taglie indicate corrispondono alla lunghezza della schiena del cane in cm. Quindi misura semplicemente generosamente la lunghezza della schiena del tuo cane e scegli la lunghezza desiderata per il tuo amico a quattro zampe. La circonferenza del collo ci aiuta durante la produzione. Il taglio slim \u00e8 particolarmente adatto alla maggior parte dei bassotti.<\/p>\n<p><b>Realizzato a mano in pile di alta qualit\u00e0 &#8211; 100% poliestere<br \/>\n<\/b>La fascia \u00e8 realizzata in pile di alta qualit\u00e0 ed \u00e8 prodotta dal nostro partner in Portogallo.<\/p>\n<p><strong>Dimensioni involucro in pile Sierra Nevada:<\/strong><\/p>\n<table>\n<tbody>\n<tr>\n<th>Taglia<\/th>\n<th>Collare<\/th>\n<th>Scollatura<\/th>\n<th>Il petto<\/th>\n<\/tr>\n<tr>\n<td><strong>25<\/strong><\/td>\n<td>25cm<\/td>\n<td>28cm<\/td>\n<td>32-39cm<\/td>\n<\/tr>\n<tr>\n<td><strong>30<\/strong><\/td>\n<td>30cm<\/td>\n<td>33cm<\/td>\n<td>39-47cm<\/td>\n<\/tr>\n<tr>\n<td><strong>30 Slim<\/strong><\/td>\n<td>30cm<\/td>\n<td>30cm<\/td>\n<td>34-41cm<\/td>\n<\/tr>\n<tr>\n<td><strong>40<\/strong><\/td>\n<td>40cm<\/td>\n<td>41cm<\/td>\n<td>46-56cm<\/td>\n<\/tr>\n<tr>\n<td><strong>40 Slim<\/strong><\/td>\n<td>40cm<\/td>\n<td>40cm<\/td>\n<td>45-54cm<\/td>\n<\/tr>\n<tr>\n<td><strong>45<\/strong><\/td>\n<td>45cm<\/td>\n<td>43cm<\/td>\n<td>52-60cm<\/td>\n<\/tr>\n<tr>\n<td><strong>45 Slim<\/strong><\/td>\n<td>45cm<\/td>\n<td>41cm<\/td>\n<td>45-53cm<\/td>\n<\/tr>\n<tr>\n<td><strong>50<\/strong><\/td>\n<td>50cm<\/td>\n<td>44cm<\/td>\n<td>56-64cm<\/td>\n<\/tr>\n<\/tbody>\n<\/table>\n","protected":false},"excerpt":{"rendered":"<p>Ora il nostro popolare involucro \u00e8 disponibile anche nel fantastico motivo azteco. La trama &amp; Il cappotto per cani in pile Wiggle Wrap Sierra Nevada \u00e8 un mix di mantello e maglione e combina il meglio di entrambi i mondi. Pu\u00f2 essere indossato e tolto velocemente e facilmente e ti mantiene caldo e asciutto, anche [&hellip;]<\/p>\n","protected":false},"featured_media":123444,"template":"","meta":{"_acf_changed":false},"product_brand":[],"product_cat":[3460],"product_tag":[3177],"class_list":{"0":"post-122177","1":"product","2":"type-product","3":"status-publish","4":"has-post-thumbnail","6":"product_cat-fleece-wraps-it","7":"product_tag-nuova-collezione","9":"first","10":"instock","11":"taxable","12":"shipping-taxable","13":"purchasable","14":"product-type-variable","15":"wvs-archive-product-wrapper"},"exclude_global_add_ons":[],"addons":[],"acf":[],"_links":{"self":[{"href":"https:\/\/woofandwiggle.com\/it\/wp-json\/wp\/v2\/product\/122177","targetHints":{"allow":["GET"]}}],"collection":[{"href":"https:\/\/woofandwiggle.com\/it\/wp-json\/wp\/v2\/product"}],"about":[{"href":"https:\/\/woofandwiggle.com\/it\/wp-json\/wp\/v2\/types\/product"}],"wp:featuredmedia":[{"embeddable":true,"href":"https:\/\/woofandwiggle.com\/it\/wp-json\/wp\/v2\/media\/123444"}],"wp:attachment":[{"href":"https:\/\/woofandwiggle.com\/it\/wp-json\/wp\/v2\/media?parent=122177"}],"wp:term":[{"taxonomy":"product_brand","embeddable":true,"href":"https:\/\/woofandwiggle.com\/it\/wp-json\/wp\/v2\/product_brand?post=122177"},{"taxonomy":"product_cat","embeddable":true,"href":"https:\/\/woofandwiggle.com\/it\/wp-json\/wp\/v2\/product_cat?post=122177"},{"taxonomy":"product_tag","embeddable":true,"href":"https:\/\/woofandwiggle.com\/it\/wp-json\/wp\/v2\/product_tag?post=122177"}],"curies":[{"name":"wp","href":"https:\/\/api.w.org\/{rel}","templated":true}]}}