{"id":120454,"date":"2023-11-18T14:17:03","date_gmt":"2023-11-18T13:17:03","guid":{"rendered":"https:\/\/woofandwiggle.com\/?post_type=product&#038;p=120454"},"modified":"2024-05-15T13:59:45","modified_gmt":"2024-05-15T11:59:45","slug":"fazzoletto-da-cane-lumberjack-grigio-kopie","status":"publish","type":"product","link":"https:\/\/woofandwiggle.com\/it\/shop\/passeggiata-usura\/sciarpe-cani\/fazzoletto-da-cane-lumberjack-grigio-kopie\/","title":{"rendered":"Fazzoletto da cane &#8220;Lumberjack grigio ruggine&#8221;"},"content":{"rendered":"<p>Una bandana di cane in un bellissimo motivo a quadri di flanella grigio. Pu\u00f2 essere indossato in ogni occasione, non solo nella prossima passeggiata nella foresta. Perch\u00e9 una bandana? Sembra solo chic e non d\u00e0 fastidio al cane. Ideale anche per le feste. Se hai domande sulle dimensioni o sul materiale, ti preghiamo di contattarci e ti aiuteremo.<\/p>\n<p><strong>Materiale:<\/strong><br \/>\nFlanella 100% cotone<\/p>\n<p><strong>Panoramica delle taglie <\/strong><br \/>\n<strong> XS: <\/strong> Lato pi\u00f9 lungo circa 44 cm &#8211; circonferenza del collo fino a circa 28 cm<br \/>\n<strong> S: <\/strong> Lato pi\u00f9 lungo circa 54 cm &#8211; circonferenza del collo di circa 29 cm &#8211; 37 cm<br \/>\n<strong> M: <\/strong> Lato pi\u00f9 lungo circa 68 cm &#8211; circonferenza del collo di circa 35 cm &#8211; 46 cm<br \/>\n<strong> L: <\/strong> Lato pi\u00f9 lungo circa 83 cm &#8211; circonferenza del collo di circa 46 cm &#8211; 70 cm<\/p>\n","protected":false},"excerpt":{"rendered":"<p>Una bandana di cane in un bellissimo motivo a quadri di flanella grigio. Pu\u00f2 essere indossato in ogni occasione, non solo nella prossima passeggiata nella foresta. Perch\u00e9 una bandana? Sembra solo chic e non d\u00e0 fastidio al cane. Ideale anche per le feste. Se hai domande sulle dimensioni o sul materiale, ti preghiamo di contattarci [&hellip;]<\/p>\n","protected":false},"featured_media":120467,"template":"","meta":{"_acf_changed":false},"product_brand":[],"product_cat":[499],"product_tag":[766],"class_list":{"0":"post-120454","1":"product","2":"type-product","3":"status-publish","4":"has-post-thumbnail","6":"product_cat-sciarpe-cani","7":"product_tag-lumberjack-it","8":"product_shipping_class-small-item-it","10":"first","11":"instock","12":"taxable","13":"shipping-taxable","14":"purchasable","15":"product-type-variable","16":"wvs-archive-product-wrapper"},"exclude_global_add_ons":[],"addons":[],"acf":[],"_links":{"self":[{"href":"https:\/\/woofandwiggle.com\/it\/wp-json\/wp\/v2\/product\/120454","targetHints":{"allow":["GET"]}}],"collection":[{"href":"https:\/\/woofandwiggle.com\/it\/wp-json\/wp\/v2\/product"}],"about":[{"href":"https:\/\/woofandwiggle.com\/it\/wp-json\/wp\/v2\/types\/product"}],"wp:featuredmedia":[{"embeddable":true,"href":"https:\/\/woofandwiggle.com\/it\/wp-json\/wp\/v2\/media\/120467"}],"wp:attachment":[{"href":"https:\/\/woofandwiggle.com\/it\/wp-json\/wp\/v2\/media?parent=120454"}],"wp:term":[{"taxonomy":"product_brand","embeddable":true,"href":"https:\/\/woofandwiggle.com\/it\/wp-json\/wp\/v2\/product_brand?post=120454"},{"taxonomy":"product_cat","embeddable":true,"href":"https:\/\/woofandwiggle.com\/it\/wp-json\/wp\/v2\/product_cat?post=120454"},{"taxonomy":"product_tag","embeddable":true,"href":"https:\/\/woofandwiggle.com\/it\/wp-json\/wp\/v2\/product_tag?post=120454"}],"curies":[{"name":"wp","href":"https:\/\/api.w.org\/{rel}","templated":true}]}}