{"id":118723,"date":"2023-09-26T19:07:23","date_gmt":"2023-09-26T17:07:23","guid":{"rendered":"https:\/\/woofandwiggle.com\/?post_type=product&#038;p=118723"},"modified":"2026-04-07T00:53:12","modified_gmt":"2026-04-06T22:53:12","slug":"maglione-desert-valley","status":"publish","type":"product","link":"https:\/\/woofandwiggle.com\/it\/shop\/passeggiata-usura\/maglioni-giacche-e-co\/maglia-per-cani\/maglione-desert-valley\/","title":{"rendered":"Maglione Desert Valley"},"content":{"rendered":"<p>Maglione in pile per cani &#8220;Desert Valley&#8221; nel motivo azteco alla moda. Il maglione \u00e8 realizzato in pile di alta qualit\u00e0 nei toni del marrone, verde e arancione. Il giromanica, la pancia e la schiena sono delimitati da un elastico.<\/p>\n<p><b>Trova la taglia giusta<\/b><br \/>\nLe taglie indicate corrispondono alla lunghezza schiena, larghezza collo e larghezza torace della maglia cm. Quindi misura semplicemente generosamente la lunghezza della schiena del tuo cane e scegli la lunghezza desiderata per il tuo amico a quattro zampe.\u00a0 Questo maglione per cani e i nostri maglioni Essential sono particolarmente adatti per bassotti e cani di piccola taglia.<\/p>\n<p><b>Realizzato a mano in pile di alta qualit\u00e0 &#8211; 100% poliestere<br \/>\n<\/b>Il maglione per cani &#8220;Desert Valley&#8221; \u00e8 realizzato in pile di alta qualit\u00e0 ed \u00e8 stato progettato nel nostro studio ad Amburgo e prodotto da un partner di produzione in Portogallo.<\/p>\n<p><strong>Maglione Dimensioni &#8220;Desert Valley&#8221;:<\/strong><\/p>\n<p><tabella><br \/>\n<corpo><\/p>\n<tr>\n<th>Dimensione<\/th>\n<th>Colletto<\/th>\n<th>Petto<\/th>\n<th>Indietro<\/th>\n<\/tr>\n<tr>\n<td><strong>XXS<\/strong><\/td>\n<td>24 cm<\/td>\n<td>36 cm<\/td>\n<td>28 cm<\/td>\n<\/tr>\n<tr>\n<td><strong>XS<\/strong><\/td>\n<td>28 cm<\/td>\n<td>40 cm<\/td>\n<td>33 cm<\/td>\n<\/tr>\n<tr>\n<td><strong>S<\/strong><\/td>\n<td>30 cm<\/td>\n<td>44 cm<\/td>\n<td>36 cm<\/td>\n<\/tr>\n<tr>\n<td><strong>S &#8211; Lungo<\/strong><\/td>\n<td>30 cm<\/td>\n<td>46 cm<\/td>\n<td>40 cm<\/td>\n<\/tr>\n<tr>\n<td><strong>M<\/strong><\/td>\n<td>31 cm<\/td>\n<td>48 cm<\/td>\n<td>40 cm<\/td>\n<\/tr>\n<tr>\n<td><strong>M &#8211; Lungo<\/strong><\/td>\n<td>32 cm<\/td>\n<td>50 cm<\/td>\n<td>45 cm<\/td>\n<\/tr>\n<tr>\n<td><strong>M &#8211; Largo<\/strong><\/td>\n<td>36 cm<\/td>\n<td>51 cm<\/td>\n<td>40 cm<\/td>\n<\/tr>\n<tr>\n<td><strong>L &#8211; Sottile<\/strong><\/td>\n<td>35 cm<\/td>\n<td>51 cm<\/td>\n<td>45 cm<\/td>\n<\/tr>\n<tr>\n<td><strong>L<\/strong><\/td>\n<td>38 cm<\/td>\n<td>53 cm<\/td>\n<td>45 cm<\/td>\n<\/tr>\n<tr>\n<td><strong>XL<\/strong><\/td>\n<td>40 cm<\/td>\n<td>56 cm<\/td>\n<td>50 cm<\/td>\n<\/tr>\n<tr>\n<td><strong>XXL<\/strong><\/td>\n<td>44 cm<\/td>\n<td>67 cm<\/td>\n<td>56 cm<\/td>\n<\/tr>\n<p><\/tcorpo><br \/>\n<\/tabella><\/p>\n<p><strong>Come misuro il mio cane?<\/strong><br \/>\nBasta misurare bene la circonferenza del collo, del petto, della vita e della schiena con un metro a nastro flessibile. Tutto \u00e8 spiegato in dettaglio nel nostro video. Siamo felici di aiutarti anche tramite <strong>Whatsapp<\/strong> se non sei sicuro della taglia! Scrivici semplicemente un messaggio tramite Whatsapp allo <strong><a href=\"https:\/\/wa.me\/4916099600256\">0160-99600256<\/a><\/strong>. Siamo disponibili dal luned\u00ec al venerd\u00ec dalle 10:00 alle 16:00<\/p>\n<p><img decoding=\"async\" class=\"alignnone size-medium wp-image-1196\" src=\"https:\/\/woofandwiggle.com\/wp-content\/uploads\/dogsize_notitles.svg\" alt=\"\" larghezza=\"1\" altezza= \"1\" \/><\/p>\n<div style=\"width: 980px;\" class=\"wp-video\"><video class=\"wp-video-shortcode\" id=\"video-118723-1\" width=\"980\" height=\"551\" poster=\"https:\/\/woofandwiggle.com\/wp-content%20\/uploads\/Artboard-4-scaled.jpg\" preload=\"metadata\" controls=\"controls\"><source type=\"video\/mp4\" src=\"https:\/\/woofandwiggle.com\/wp-content\/uploads\/Pullover_abmessen_deutsch_neu.mp4?_=1\" \/><a href=\"https:\/\/woofandwiggle.com\/wp-content\/uploads\/Pullover_abmessen_deutsch_neu.mp4\">https:\/\/woofandwiggle.com\/wp-content\/uploads\/Pullover_abmessen_deutsch_neu.mp4<\/a><\/video><\/div>\n<p><strong>Come faccio a mettere il maglione per cani sul mio cane?<\/strong><br \/>\nCon un po&#8217; di pratica, indossarli sar\u00e0 molto veloce e il tuo cane adorer\u00e0 la sensazione di calore. Basta infilarlo sopra la testa, quindi piegare le zampe anteriori del cane e farle passare attraverso le aperture dalla parte anteriore.<\/p>\n<div style=\"width: 640px;\" class=\"wp-video\"><video class=\"wp-video-shortcode\" id=\"video-118723-2\" width=\"640\" height=\"360\" poster=\"https:\/\/woofandwiggle.com\/wp%20-content\/uploads\/COVER-PULLI-scaled.jpg\" preload=\"metadata\" controls=\"controls\"><source type=\"video\/mp4\" src=\"https:\/\/woofandwiggle.com\/wp-content\/uploads\/Pullover_anzieh-1.mp4?_=2\" \/><a href=\"https:\/\/woofandwiggle.com\/wp-content\/uploads\/Pullover_anzieh-1.mp4\">https:\/\/woofandwiggle.com\/wp-content\/uploads\/Pullover_anzieh-1.mp4<\/a><\/video><\/div>\n<p>&nbsp;<\/p>\n","protected":false},"excerpt":{"rendered":"<p>Stiamo lavorando duramente per riprodurre i nostri maglioni e le nostre sciarpe e facciamo del nostro meglio per averli pronti in tempo per Natale. Realisticamente, per\u00f2, i nostri scaffali non verranno riforniti fino alla prima settimana di gennaio. Grazie per la pazienza!<\/p>\n","protected":false},"featured_media":119302,"template":"","meta":{"_acf_changed":false},"product_brand":[],"product_cat":[3013],"product_tag":[3177],"class_list":{"0":"post-118723","1":"product","2":"type-product","3":"status-publish","4":"has-post-thumbnail","6":"product_cat-maglia-per-cani","7":"product_tag-nuova-collezione","9":"first","10":"instock","11":"featured","12":"taxable","13":"shipping-taxable","14":"purchasable","15":"product-type-variable","16":"wvs-archive-product-wrapper"},"exclude_global_add_ons":[],"addons":[],"acf":[],"_links":{"self":[{"href":"https:\/\/woofandwiggle.com\/it\/wp-json\/wp\/v2\/product\/118723","targetHints":{"allow":["GET"]}}],"collection":[{"href":"https:\/\/woofandwiggle.com\/it\/wp-json\/wp\/v2\/product"}],"about":[{"href":"https:\/\/woofandwiggle.com\/it\/wp-json\/wp\/v2\/types\/product"}],"wp:featuredmedia":[{"embeddable":true,"href":"https:\/\/woofandwiggle.com\/it\/wp-json\/wp\/v2\/media\/119302"}],"wp:attachment":[{"href":"https:\/\/woofandwiggle.com\/it\/wp-json\/wp\/v2\/media?parent=118723"}],"wp:term":[{"taxonomy":"product_brand","embeddable":true,"href":"https:\/\/woofandwiggle.com\/it\/wp-json\/wp\/v2\/product_brand?post=118723"},{"taxonomy":"product_cat","embeddable":true,"href":"https:\/\/woofandwiggle.com\/it\/wp-json\/wp\/v2\/product_cat?post=118723"},{"taxonomy":"product_tag","embeddable":true,"href":"https:\/\/woofandwiggle.com\/it\/wp-json\/wp\/v2\/product_tag?post=118723"}],"curies":[{"name":"wp","href":"https:\/\/api.w.org\/{rel}","templated":true}]}}