{"id":118395,"date":"2023-09-06T14:50:10","date_gmt":"2023-09-06T12:50:10","guid":{"rendered":"https:\/\/woofandwiggle.com\/?post_type=product&#038;p=118395"},"modified":"2026-04-07T00:53:13","modified_gmt":"2026-04-06T22:53:13","slug":"pettorina-e-cappotto-per-cani-aspen","status":"publish","type":"product","link":"https:\/\/woofandwiggle.com\/it\/shop\/passeggiata-usura\/maglioni-giacche-e-co\/giacche-e-cappotti\/cappotti-con-imbracatura\/pettorina-e-cappotto-per-cani-aspen\/","title":{"rendered":"Pettorina e cappotto per cani &#8220;Aspen&#8221; (Kopie)"},"content":{"rendered":"<p>Nuovissimo e gi\u00e0 amato! Il cappotto con imbracatura \u00e8 realizzato in misto lana di alta qualit\u00e0 con un look elegante in pelliccia nei toni del verde, marrone e blu. Per il nostro nuovo caldo cappotto autunnale utilizziamo un bellissimo tessuto per cappotti a quadri proveniente dall&#8217;Italia. Come le nostre pettorine per cani, c&#8217;\u00e8 una cinghia con un anello a D sulla parte superiore. Ci\u00f2 significa che non \u00e8 necessaria alcuna imbracatura o collare aggiuntivo. Il materiale esterno \u00e8 caldo, elegante e traspirante e inoltre \u00e8 molto confortevole. La fodera interna \u00e8 morbida e leggera in Tactel.<\/p>\n<p>\u00c8 un cappotto per cani? \u00c8 una pettorina per cani? \u00c8 entrambe le cose! Abbiamo ascoltato il tuo feedback: un bel cappotto autunnale abbinato al nostro popolare gilet con imbracatura, cio\u00e8 con chiusura in lino. Il velcro \u00e8 ovviamente sicuro e protetto.<\/p>\n<p><strong>Materiale: <\/strong><\/p>\n<ul>\n<li>Materiale esterno del cappotto italiano composto da 45% lana, 65% poliestere<\/li>\n<li>Materiale interno: tessuto Soft Tactel 100% poliestere<\/li>\n<\/ul>\n<p><strong>Istruzioni per la cura:<\/strong><\/p>\n<p>Lavare a mano a 30\u00b0C o in lavatrice con capi delicati, non candeggiare, non stirare, non centrifugare, non usare ammorbidente. Si consiglia di appenderlo ad asciugare dopo la passeggiata e poi di spazzolarlo con una spazzola per abiti nel senso del pelo.<\/p>\n<p class=\"p1\"><strong>Taglie:<br \/>\n<\/strong>XXS, XXS-lungo, XS, XS-lungo, S, S-lungo, M, M-lungo<\/p>\n<p><strong>Note sulle taglie:<br \/>\n<\/strong>Le versioni lunghe differiscono solo per la lunghezza della schiena, la circonferenza del collo e del torace sono identiche.<\/p>\n<p class=\"p1\"><strong>Taglia XXS:<\/strong><br \/>\nCollo: 25 &#8211; 30 cm<br \/>\nTorace: 30 &#8211; 35 cm<br \/>\nLunghezza: 30 cm<br \/>\nLunghezza versione lunga: 35 cm<br \/>\n<em>ad es. Adatto per Chihuahua, Cuccioli, Coniglio Bassotto, Barboncino Toy<\/em><\/p>\n<p class=\"p1\"><strong>Taglia XS:<\/strong><br \/>\nCollo: 30 &#8211; 35 cm<br \/>\nPetto: 37,5 &#8211; 42,5 cm<br \/>\nLunghezza: 36 cm<br \/>\nLunghezza versione lunga: 41 cm<br \/>\n<em>ad es. Adatto per Yorkshire Terrier, Maltese, Chihuahua, Pomerania, Cuccioli, Bassotti<\/em><\/p>\n<p class=\"p1\"><strong>Taglia S:<\/strong><br \/>\nCollo: 35 &#8211; 40 centimetri<br \/>\nTorace: 42,5 &#8211; 55 cm<br \/>\nLunghezza: 40 cm<br \/>\nLunghezza versione lunga: 46 cm<br \/>\n<em>ad es. Adatto per Mini Schnauzer, Carlino, Shih Tzu, Jack Russell, Bassotto, Bulldog francese<\/em><\/p>\n<p class=\"p1\"><strong>Taglia M:<\/strong><br \/>\nCollo: 40 &#8211; 50 cm<br \/>\nTorace: 52,5 &#8211; 62,5 cm<br \/>\nLunghezza: 45 cm<br \/>\nLunghezza versione lunga: 51 cm<br \/>\n<em>ad es. Adatto per Westie, Pechinese, Schnauzer, Bulldog francese<\/em><\/p>\n","protected":false},"excerpt":{"rendered":"<p>Nuovissimo e gi\u00e0 amato! Il cappotto con imbracatura \u00e8 realizzato in misto lana di alta qualit\u00e0 con un look elegante in pelliccia nei toni del verde, marrone e blu. Per il nostro nuovo caldo cappotto autunnale utilizziamo un bellissimo tessuto per cappotti a quadri proveniente dall&#8217;Italia. Come le nostre pettorine per cani, c&#8217;\u00e8 una cinghia [&hellip;]<\/p>\n","protected":false},"featured_media":118416,"template":"","meta":{"_acf_changed":false},"product_brand":[],"product_cat":[3473],"product_tag":[],"class_list":{"0":"post-118395","1":"product","2":"type-product","3":"status-publish","4":"has-post-thumbnail","6":"product_cat-cappotti-con-imbracatura","8":"first","9":"instock","10":"sale","11":"taxable","12":"shipping-taxable","13":"purchasable","14":"product-type-variable","15":"wvs-archive-product-wrapper"},"exclude_global_add_ons":[],"addons":[],"acf":[],"_links":{"self":[{"href":"https:\/\/woofandwiggle.com\/it\/wp-json\/wp\/v2\/product\/118395","targetHints":{"allow":["GET"]}}],"collection":[{"href":"https:\/\/woofandwiggle.com\/it\/wp-json\/wp\/v2\/product"}],"about":[{"href":"https:\/\/woofandwiggle.com\/it\/wp-json\/wp\/v2\/types\/product"}],"wp:featuredmedia":[{"embeddable":true,"href":"https:\/\/woofandwiggle.com\/it\/wp-json\/wp\/v2\/media\/118416"}],"wp:attachment":[{"href":"https:\/\/woofandwiggle.com\/it\/wp-json\/wp\/v2\/media?parent=118395"}],"wp:term":[{"taxonomy":"product_brand","embeddable":true,"href":"https:\/\/woofandwiggle.com\/it\/wp-json\/wp\/v2\/product_brand?post=118395"},{"taxonomy":"product_cat","embeddable":true,"href":"https:\/\/woofandwiggle.com\/it\/wp-json\/wp\/v2\/product_cat?post=118395"},{"taxonomy":"product_tag","embeddable":true,"href":"https:\/\/woofandwiggle.com\/it\/wp-json\/wp\/v2\/product_tag?post=118395"}],"curies":[{"name":"wp","href":"https:\/\/api.w.org\/{rel}","templated":true}]}}