{"id":118185,"date":"2023-09-01T12:57:25","date_gmt":"2023-09-01T10:57:25","guid":{"rendered":"https:\/\/woofandwiggle.com\/?post_type=product&#038;p=118185"},"modified":"2026-04-07T00:53:15","modified_gmt":"2026-04-06T22:53:15","slug":"brit-style-trench-softshell-per-cani","status":"publish","type":"product","link":"https:\/\/woofandwiggle.com\/it\/shop\/passeggiata-usura\/maglioni-giacche-e-co\/giacche-e-cappotti\/trenchcoats-it\/brit-style-trench-softshell-per-cani\/","title":{"rendered":"British Style Trench softshell per cani"},"content":{"rendered":"<p>Il nostro classico \u00e8 stato modernizzato e ora ha un aspetto completamente britannico!<br \/>\nIl cappotto per cani trench \u00e8 uno dei nostri prodotti pi\u00f9 popolari. Colpisce per la sua funzionalit\u00e0 e stile e ora con la nuova fodera a quadretti sei il cane meglio vestito sul prato!<\/p>\n<p>Realizzato in softshell di alta qualit\u00e0 con membrana &#8211; ci\u00f2 significa: antivento, impermeabile e traspirante!<br \/>\nCon il trench per cani in Arctic Softshell il vostro cane far\u00e0 una figura alla moda con qualsiasi tempo. L&#8217;impermeabile per cani ultraleggero e completamente impermeabile \u00e8 disponibile in 3 bellissimi colori. Il materiale esterno \u00e8 realizzato in micropile laminato Arctic Softshell a 3 strati, protegge dal vento e dalle intemperie ed \u00e8 comunque traspirante. All&#8217;interno viene utilizzato un morbido pile a quadri che mantiene caldo il tuo amico a quattro zampe. Colonna d&#8217;acqua di 10.000 mm e con BIONIC FINISH\u00ae ECO<\/p>\n<p>Il cappotto si chiude con velcro sul petto e sulla pancia e ovviamente c&#8217;\u00e8 un foro per l&#8217;imbracatura sulla parte superiore della schiena<\/p>\n<p>Taglie:<br \/>\nXXS: lunghezza schiena 30 cm<br \/>\nXS: lunghezza schiena 33 cm<br \/>\nS: lunghezza schiena 38 cm<br \/>\nM: lunghezza schiena 43 cm<br \/>\nL: lunghezza schiena 48 cm<\/p>\n<p>Se hai domande sulle dimensioni o sul materiale, contattaci e ti aiuteremo.<\/p>\n","protected":false},"excerpt":{"rendered":"<p>Il nostro classico \u00e8 stato modernizzato e ora ha un aspetto completamente britannico! Il cappotto per cani trench \u00e8 uno dei nostri prodotti pi\u00f9 popolari. Colpisce per la sua funzionalit\u00e0 e stile e ora con la nuova fodera a quadretti sei il cane meglio vestito sul prato! Realizzato in softshell di alta qualit\u00e0 con membrana [&hellip;]<\/p>\n","protected":false},"featured_media":118305,"template":"","meta":{"_acf_changed":false},"product_brand":[],"product_cat":[3457],"product_tag":[],"class_list":{"0":"post-118185","1":"product","2":"type-product","3":"status-publish","4":"has-post-thumbnail","6":"product_cat-trenchcoats-it","8":"first","9":"instock","10":"taxable","11":"shipping-taxable","12":"purchasable","13":"product-type-variable","14":"wvs-archive-product-wrapper"},"exclude_global_add_ons":[],"addons":[],"acf":[],"_links":{"self":[{"href":"https:\/\/woofandwiggle.com\/it\/wp-json\/wp\/v2\/product\/118185","targetHints":{"allow":["GET"]}}],"collection":[{"href":"https:\/\/woofandwiggle.com\/it\/wp-json\/wp\/v2\/product"}],"about":[{"href":"https:\/\/woofandwiggle.com\/it\/wp-json\/wp\/v2\/types\/product"}],"wp:featuredmedia":[{"embeddable":true,"href":"https:\/\/woofandwiggle.com\/it\/wp-json\/wp\/v2\/media\/118305"}],"wp:attachment":[{"href":"https:\/\/woofandwiggle.com\/it\/wp-json\/wp\/v2\/media?parent=118185"}],"wp:term":[{"taxonomy":"product_brand","embeddable":true,"href":"https:\/\/woofandwiggle.com\/it\/wp-json\/wp\/v2\/product_brand?post=118185"},{"taxonomy":"product_cat","embeddable":true,"href":"https:\/\/woofandwiggle.com\/it\/wp-json\/wp\/v2\/product_cat?post=118185"},{"taxonomy":"product_tag","embeddable":true,"href":"https:\/\/woofandwiggle.com\/it\/wp-json\/wp\/v2\/product_tag?post=118185"}],"curies":[{"name":"wp","href":"https:\/\/api.w.org\/{rel}","templated":true}]}}