{"id":116201,"date":"2023-04-18T13:47:07","date_gmt":"2023-04-18T11:47:07","guid":{"rendered":"https:\/\/woofandwiggle.com\/?post_type=product&#038;p=116201"},"modified":"2024-08-22T00:06:30","modified_gmt":"2024-08-21T22:06:30","slug":"borsa-per-cani-oh-la-la-leo","status":"publish","type":"product","link":"https:\/\/woofandwiggle.com\/it\/shop\/dormi-e-viaggia\/borse-per-cani\/trasportini\/borsa-per-cani-oh-la-la-leo\/","title":{"rendered":"Borsa per cani &#8220;Oh La La Leo&#8221;"},"content":{"rendered":"<p><strong>Fatto a mano ad Amburgo con materiali di alta qualit\u00e0<\/strong><br \/>\nIl trasportino per cani &#8220;Oh La La Leo&#8221; \u00e8 l&#8217;ultima moda nella nostra popolare gamma di trasportini per cani. Il tuo cane star\u00e0 bene in questa borsa da trasporto e sarai anche elegante in viaggio. Il materiale esterno \u00e8 costituito da un tessuto di tela idrorepellente di alta qualit\u00e0. All&#8217;interno la borsa \u00e8 foderata in grazioso Leo. La borsa viene utilizzata per il trasporto e come cuccia mobile per cani.<\/p>\n<p><strong>Funzioni speciali<br \/>\n<\/strong>La borsa per cani ha un pratico piccolo scomparto per snack, sacchetti per la cacca o altri piccoli oggetti. All&#8217;interno troverai anche un moschettone in alluminio per fissare saldamente il tuo cane. Il pavimento pu\u00f2 essere rimosso per il lavaggio. <strong>Puoi trovare la giusta &#8220;fodera invernale&#8221; per la borsa <a href=\"https:\/\/woofandwiggle.com\/shop\/hund-schlaf-reise\/hundetaschen\/innenfutter-fuer-hundetasche-vacay-all-day- dolce-vita\/\">qui<\/a>.<\/strong><\/p>\n<p>Leo fa per te?! Della collezione &#8220;Oh La La Leo&#8221; ci sono anche pettorine per cani, <a href=\"https:\/\/woofandwiggle.com\/shop\/walkandwear\/hundehalstuch-braunes-leopardenmuster\/\">bandane per cani<\/a>, sacche di gas o <a href =\"https:\/\/woofandwiggle.com\/shop\/walkandwear\/hundeflies\/hundefliege-brown-leo\/\">Mosche canine<\/a>.<br \/>\n<strong>Materiale: <\/strong><br \/>\nEsterno: 100% tela certificata GOT, 100% cotone certificato GOT,<\/p>\n<p><strong>Dimensioni della borsa per cani<\/strong><br \/>\nLunghezza: circa 40 cm<br \/>\nAltezza: circa 31 cm<br \/>\nProfondit\u00e0: circa 20 cm<br \/>\nLunghezza degli spallacci: circa 69 cm<br \/>\nAdatto per cani di piccola taglia fino a 10 chili<\/p>\n","protected":false},"excerpt":{"rendered":"<p>Fatto a mano ad Amburgo con materiali di alta qualit\u00e0 Il trasportino per cani &#8220;Oh La La Leo&#8221; \u00e8 l&#8217;ultima moda nella nostra popolare gamma di trasportini per cani. Il tuo cane star\u00e0 bene in questa borsa da trasporto e sarai anche elegante in viaggio. Il materiale esterno \u00e8 costituito da un tessuto di tela [&hellip;]<\/p>\n","protected":false},"featured_media":117171,"template":"","meta":{"_acf_changed":false},"product_brand":[],"product_cat":[3470],"product_tag":[3177],"class_list":{"0":"post-116201","1":"product","2":"type-product","3":"status-publish","4":"has-post-thumbnail","6":"product_cat-trasportini","7":"product_tag-nuova-collezione","9":"first","10":"outofstock","11":"taxable","12":"shipping-taxable","13":"purchasable","14":"product-type-simple"},"exclude_global_add_ons":[],"addons":[],"acf":[],"_links":{"self":[{"href":"https:\/\/woofandwiggle.com\/it\/wp-json\/wp\/v2\/product\/116201","targetHints":{"allow":["GET"]}}],"collection":[{"href":"https:\/\/woofandwiggle.com\/it\/wp-json\/wp\/v2\/product"}],"about":[{"href":"https:\/\/woofandwiggle.com\/it\/wp-json\/wp\/v2\/types\/product"}],"wp:featuredmedia":[{"embeddable":true,"href":"https:\/\/woofandwiggle.com\/it\/wp-json\/wp\/v2\/media\/117171"}],"wp:attachment":[{"href":"https:\/\/woofandwiggle.com\/it\/wp-json\/wp\/v2\/media?parent=116201"}],"wp:term":[{"taxonomy":"product_brand","embeddable":true,"href":"https:\/\/woofandwiggle.com\/it\/wp-json\/wp\/v2\/product_brand?post=116201"},{"taxonomy":"product_cat","embeddable":true,"href":"https:\/\/woofandwiggle.com\/it\/wp-json\/wp\/v2\/product_cat?post=116201"},{"taxonomy":"product_tag","embeddable":true,"href":"https:\/\/woofandwiggle.com\/it\/wp-json\/wp\/v2\/product_tag?post=116201"}],"curies":[{"name":"wp","href":"https:\/\/api.w.org\/{rel}","templated":true}]}}