{"id":116187,"date":"2023-04-18T13:41:48","date_gmt":"2023-04-18T11:41:48","guid":{"rendered":"https:\/\/woofandwiggle.com\/?post_type=product&#038;p=116187"},"modified":"2024-08-22T00:06:30","modified_gmt":"2024-08-21T22:06:30","slug":"borsa-walkie-oh-la-la-leo","status":"publish","type":"product","link":"https:\/\/woofandwiggle.com\/it\/shop\/per-le-persone\/borsa-da-passeggio-per-cani-persona-cane\/borsa-walkie-oh-la-la-leo\/","title":{"rendered":"Borsa walkie &#8220;Oh La La Leo&#8221;"},"content":{"rendered":"<p><strong>Fatto a mano ad Amburgo con materiali di alta qualit\u00e0<\/strong><br \/>\nCon le borse per cani &#8220;Oh La La Leo&#8221;, sarai elegante al parco per cani come lo sei in citt\u00e0. Il materiale esterno \u00e8 costituito da un tessuto di tela idrorepellente di alta qualit\u00e0. La borsa ha uno scomparto interno per un rotolo di sacchetti per la cacca, sempre a portata di mano grazie ad un occhiello.<\/p>\n<p>Abbiamo anche <a href=\"https:\/\/woofandwiggle.com\/shop\/walkandwear\/hundeharness\/hundeharness-leopard-braun\/\">imbracature per cani abbinate,<\/a> Leo <a href=\"https:\/ \/woofandwiggle.com\/shop\/walkandwear\/dog-bandana-brown-leopard-print\/\">Bandane<\/a>, <a href=\"https:\/\/woofandwiggle.com\/shop\/walkandwear\/hundeflies\/hundefliese-brown- leo\/\"> Mosche canine<\/a> o uno dei nostri punti forti, la borsa per cani &#8220;Oh La La Leo&#8221;.<\/p>\n<p><strong>Materiale: <\/strong><br \/>\nEsterno: 100% tela, interno: 100% cotone certificato GOTs<\/p>\n<p><strong>Dimensioni della borsa per cani<\/strong><br \/>\nDiametro: circa 17 x 19 cm<br \/>\nLarghezza: circa 7 cm<\/p>\n","protected":false},"excerpt":{"rendered":"<p>Fatto a mano ad Amburgo con materiali di alta qualit\u00e0 Con le borse per cani &#8220;Oh La La Leo&#8221;, sarai elegante al parco per cani come lo sei in citt\u00e0. Il materiale esterno \u00e8 costituito da un tessuto di tela idrorepellente di alta qualit\u00e0. La borsa ha uno scomparto interno per un rotolo di sacchetti [&hellip;]<\/p>\n","protected":false},"featured_media":116526,"template":"","meta":{"_acf_changed":false},"product_brand":[],"product_cat":[485,3033],"product_tag":[3177],"class_list":{"0":"post-116187","1":"product","2":"type-product","3":"status-publish","4":"has-post-thumbnail","6":"product_cat-per-le-persone","7":"product_cat-borsa-da-passeggio-per-cani-persona-cane","8":"product_tag-nuova-collezione","10":"first","11":"instock","12":"taxable","13":"shipping-taxable","14":"purchasable","15":"product-type-simple"},"exclude_global_add_ons":[],"addons":[],"acf":[],"_links":{"self":[{"href":"https:\/\/woofandwiggle.com\/it\/wp-json\/wp\/v2\/product\/116187","targetHints":{"allow":["GET"]}}],"collection":[{"href":"https:\/\/woofandwiggle.com\/it\/wp-json\/wp\/v2\/product"}],"about":[{"href":"https:\/\/woofandwiggle.com\/it\/wp-json\/wp\/v2\/types\/product"}],"wp:featuredmedia":[{"embeddable":true,"href":"https:\/\/woofandwiggle.com\/it\/wp-json\/wp\/v2\/media\/116526"}],"wp:attachment":[{"href":"https:\/\/woofandwiggle.com\/it\/wp-json\/wp\/v2\/media?parent=116187"}],"wp:term":[{"taxonomy":"product_brand","embeddable":true,"href":"https:\/\/woofandwiggle.com\/it\/wp-json\/wp\/v2\/product_brand?post=116187"},{"taxonomy":"product_cat","embeddable":true,"href":"https:\/\/woofandwiggle.com\/it\/wp-json\/wp\/v2\/product_cat?post=116187"},{"taxonomy":"product_tag","embeddable":true,"href":"https:\/\/woofandwiggle.com\/it\/wp-json\/wp\/v2\/product_tag?post=116187"}],"curies":[{"name":"wp","href":"https:\/\/api.w.org\/{rel}","templated":true}]}}