{"id":114404,"date":"2022-10-27T20:02:51","date_gmt":"2022-10-27T18:02:51","guid":{"rendered":"https:\/\/woofandwiggle.com\/shop\/senza-categoria\/fanschal-dackel-klub\/"},"modified":"2026-04-07T00:43:58","modified_gmt":"2026-04-06T22:43:58","slug":"fanschal-dackel-klub","status":"publish","type":"product","link":"https:\/\/woofandwiggle.com\/it\/shop\/per-le-persone\/espedienti\/fanschal-dackel-klub\/","title":{"rendered":"Sciarpa da tifoso &#8220;Dackel Klub&#8221;"},"content":{"rendered":"<p>Come orgoglioso amante dei bassotti, sicuramente desideri esprimere il tuo amore per questa razza. Se sei un fan dei bassotti, sei alla ricerca dell&#8217;accessorio perfetto per mostrare il tuo affetto. Con la nostra esclusiva sciarpa da tifoso del club del bassotto di woof &amp; wiggle, hai ora la perfetta opportunit\u00e0!<\/p>\n<p>La nostra sciarpa del club del bassotto tessuta \u00e8 realizzata con materiali di alta qualit\u00e0 e traspiranti, e ti terr\u00e0 al caldo durante le giornate pi\u00f9 fredde in cui vai a passeggio con il tuo cane. La sciarpa \u00e8 morbida e confortevole, e presenta un design elegante ma anche distintivo del club del bassotto che entusiasmer\u00e0 ogni amante dei bassotti.<\/p>\n<p>Indossare questa sciarpa non \u00e8 solo pratico, ma mostra anche il tuo supporto alla comunit\u00e0 dei bassotti. \u00c8 anche il regalo perfetto per tutti coloro che sono innamorati dei dolci bassotti. Con woof &amp; wiggle puoi essere certo di ricevere un prodotto di qualit\u00e0, progettato appositamente per gli amanti dei bassotti.<\/p>\n<p>Cosa stai aspettando? Ordina oggi stesso la nostra sciarpa del club del bassotto e mostra al mondo di essere fiero di far parte della comunit\u00e0 dei bassotti!<\/p>\n<p><strong>Ecco i dati:<\/strong><\/p>\n<ul>\n<li>Dimensioni: 145cm x 17cm<\/li>\n<li>Sciarpa da tifoso Jacquard intrecciata<\/li>\n<li>Made in Germany<\/li>\n<li>Intrecciata a doppio strato<\/li>\n<li>Realizzata con filato al 100% in poliacrilico, morbido al tatto e colori intensi<\/li>\n<\/ul>\n","protected":false},"excerpt":{"rendered":"<p>Come orgoglioso amante dei bassotti, sicuramente desideri esprimere il tuo amore per questa razza. Se sei un fan dei bassotti, sei alla ricerca dell&#8217;accessorio perfetto per mostrare il tuo affetto. Con la nostra esclusiva sciarpa da tifoso del club del bassotto di woof &amp; wiggle, hai ora la perfetta opportunit\u00e0! La nostra sciarpa del club [&hellip;]<\/p>\n","protected":false},"featured_media":112076,"template":"","meta":{"_acf_changed":false},"product_brand":[],"product_cat":[487,2988,2992],"product_tag":[2775],"class_list":{"0":"post-114404","1":"product","2":"type-product","3":"status-publish","4":"has-post-thumbnail","6":"product_cat-espedienti","7":"product_cat-dackel-klub-it","8":"product_cat-sciarpe","9":"product_tag-dackel-klub-it","11":"first","12":"instock","13":"featured","14":"taxable","15":"shipping-taxable","16":"purchasable","17":"product-type-simple"},"exclude_global_add_ons":[],"addons":[],"acf":[],"_links":{"self":[{"href":"https:\/\/woofandwiggle.com\/it\/wp-json\/wp\/v2\/product\/114404","targetHints":{"allow":["GET"]}}],"collection":[{"href":"https:\/\/woofandwiggle.com\/it\/wp-json\/wp\/v2\/product"}],"about":[{"href":"https:\/\/woofandwiggle.com\/it\/wp-json\/wp\/v2\/types\/product"}],"wp:featuredmedia":[{"embeddable":true,"href":"https:\/\/woofandwiggle.com\/it\/wp-json\/wp\/v2\/media\/112076"}],"wp:attachment":[{"href":"https:\/\/woofandwiggle.com\/it\/wp-json\/wp\/v2\/media?parent=114404"}],"wp:term":[{"taxonomy":"product_brand","embeddable":true,"href":"https:\/\/woofandwiggle.com\/it\/wp-json\/wp\/v2\/product_brand?post=114404"},{"taxonomy":"product_cat","embeddable":true,"href":"https:\/\/woofandwiggle.com\/it\/wp-json\/wp\/v2\/product_cat?post=114404"},{"taxonomy":"product_tag","embeddable":true,"href":"https:\/\/woofandwiggle.com\/it\/wp-json\/wp\/v2\/product_tag?post=114404"}],"curies":[{"name":"wp","href":"https:\/\/api.w.org\/{rel}","templated":true}]}}