{"id":109716,"date":"2022-08-22T19:02:00","date_gmt":"2022-08-22T17:02:00","guid":{"rendered":"https:\/\/woofandwiggle.com\/?post_type=product&#038;p=109716"},"modified":"2022-09-20T13:57:11","modified_gmt":"2022-09-20T11:57:11","slug":"pettorina-per-cani-denim-moin-amour","status":"publish","type":"product","link":"https:\/\/woofandwiggle.com\/it\/shop\/passeggiata-usura\/pettorine-per-cani\/pettorina-per-cani-denim-moin-amour\/","title":{"rendered":"Pettorina per cani Denim &#8220;Moin Amour&#8221;"},"content":{"rendered":"<p>La nostra ultima pettorina per cani della collezione &#8220;Moin Amour&#8221; \u00e8 probabilmente una delle novit\u00e0 pi\u00f9 interessanti del nostro negozio. La combinazione di denim e flanella check lo rende un vero pezzo di design. Ma il grande martello \u00e8 ovviamente la fantastica patch &#8220;Moin&#8221;. Esattamente le imbracature giuste per tutti i tifosi dell&#8217;Hamburger e dell&#8217;Hamburg.<\/p>\n<p>La nostra imbracatura per cani a forma di giubbotto distribuisce le forze di trazione del guinzaglio in modo uniforme, riducendo cos\u00ec il rischio di sfregare il cane in un punto. E sembra anche molto chic, nella versione hip jeans. Il nostro tessuto denim \u00e8 realizzato in STANDARD 100 by OEKO-TEX\u00ae\ufe0f 100% cotone. La fodera interna \u00e8 realizzata in 100% cotone.<\/p>\n<p>Con cinghie in velcro regolabili sul collo e sul petto, la nostra imbracatura \u00e8 pi\u00f9 facile da indossare ma altrettanto sicura di molte altre imbracature per cani. Ancorando i ganci in velcro e velcro, il velcro \u00e8 uno dei metodi di fissaggio pi\u00f9 forti. Raccomandiamo che per la sicurezza e il comfort del vostro cane almeno la met\u00e0 delle due parti in velcro si trovino una sopra l&#8217;altra.<\/p>\n<p><strong>Dimensioni<\/strong><br \/>\nXXS, XS, S, M<\/p>\n<p><strong>Note sulle taglie<\/strong><\/p>\n<p><strong>Taglia XXS:<\/strong><br \/>\nLunghezza: 10,5 cm<br \/>\nCollo: 25-30 cm<br \/>\nTorace: 30-35 cm<br \/>\nes adatto a chihuahua, cuccioli, bassotti coniglio, barboncini giocattolo<\/p>\n<p><strong>Taglia XS:<\/strong><br \/>\nLunghezza: 11,5 cm<br \/>\nCollo: 30-35 cm<br \/>\nTorace: 37,5 &#8211; 42,5 cm<br \/>\nes adatto per Yorkshire Terrier, Maltese, Chihuahua, Pomerania, cuccioli, Bassotti<\/p>\n<p><strong>Taglia S:<\/strong><br \/>\nLunghezza: 14 cm<br \/>\nCollo: 35 &#8211; 40 cm<br \/>\nTorace: 42,5 &#8211; 55 cm<br \/>\nes adatto per Mini Schnauzer, Pug, Shih Tzu, Jack Russell, Bassotto, Bulldog francese<\/p>\n<p><strong>Taglia M:<\/strong><br \/>\nLunghezza: 15 cm<br \/>\nCollo: 40-50 cm<br \/>\nPetto: 52,5 &#8211; 62,5 cm<br \/>\nes adatto per Westie, pechinese, schnauzer, bulldog francese<\/p>\n","protected":false},"excerpt":{"rendered":"<p>La nostra ultima pettorina per cani della collezione &#8220;Moin Amour&#8221; \u00e8 probabilmente una delle novit\u00e0 pi\u00f9 interessanti del nostro negozio. La combinazione di denim e flanella check lo rende un vero pezzo di design. Ma il grande martello \u00e8 ovviamente la fantastica patch &#8220;Moin&#8221;. Esattamente le imbracature giuste per tutti i tifosi dell&#8217;Hamburger e dell&#8217;Hamburg. [&hellip;]<\/p>\n","protected":false},"featured_media":110024,"template":"","meta":{"_acf_changed":false},"product_brand":[],"product_cat":[1560],"product_tag":[2778],"class_list":{"0":"post-109716","1":"product","2":"type-product","3":"status-publish","4":"has-post-thumbnail","6":"product_cat-pettorine-per-cani","7":"product_tag-moin-amour-it","9":"first","10":"instock","11":"taxable","12":"shipping-taxable","13":"purchasable","14":"product-type-variable","15":"wvs-archive-product-wrapper"},"exclude_global_add_ons":[],"addons":[],"acf":[],"_links":{"self":[{"href":"https:\/\/woofandwiggle.com\/it\/wp-json\/wp\/v2\/product\/109716","targetHints":{"allow":["GET"]}}],"collection":[{"href":"https:\/\/woofandwiggle.com\/it\/wp-json\/wp\/v2\/product"}],"about":[{"href":"https:\/\/woofandwiggle.com\/it\/wp-json\/wp\/v2\/types\/product"}],"wp:featuredmedia":[{"embeddable":true,"href":"https:\/\/woofandwiggle.com\/it\/wp-json\/wp\/v2\/media\/110024"}],"wp:attachment":[{"href":"https:\/\/woofandwiggle.com\/it\/wp-json\/wp\/v2\/media?parent=109716"}],"wp:term":[{"taxonomy":"product_brand","embeddable":true,"href":"https:\/\/woofandwiggle.com\/it\/wp-json\/wp\/v2\/product_brand?post=109716"},{"taxonomy":"product_cat","embeddable":true,"href":"https:\/\/woofandwiggle.com\/it\/wp-json\/wp\/v2\/product_cat?post=109716"},{"taxonomy":"product_tag","embeddable":true,"href":"https:\/\/woofandwiggle.com\/it\/wp-json\/wp\/v2\/product_tag?post=109716"}],"curies":[{"name":"wp","href":"https:\/\/api.w.org\/{rel}","templated":true}]}}