{"id":108747,"date":"2022-05-26T12:03:14","date_gmt":"2022-05-26T10:03:14","guid":{"rendered":"https:\/\/woofandwiggle.com\/?post_type=product&#038;p=108747"},"modified":"2022-07-26T08:28:55","modified_gmt":"2022-07-26T06:28:55","slug":"coperta-da-viaggio-california-per-cani","status":"publish","type":"product","link":"https:\/\/woofandwiggle.com\/it\/shop\/dormi-e-viaggia\/letti-coperte\/coperta-da-viaggio-california-per-cani\/","title":{"rendered":"Coperta da viaggio &#8220;California&#8221; per cani"},"content":{"rendered":"<p>Questa coperta da viaggio per cani \u00e8 la compagna perfetta per chi ama portare il proprio cane con s\u00e9 ovunque e vuole essere alla moda in movimento. La trama &amp; Coperta da viaggio per cani Wiggle. Grazie a questa morbida coperta, il tuo cane sar\u00e0 accogliente e comodo ovunque, sia al ristorante che all&#8217;aperto, la coperta si accompagna a tutto. Il materiale esterno \u00e8 realizzato in &#8220;Dry Oilskin&#8221; e tiene fuori l&#8217;acqua in modo affidabile. All&#8217;interno, la coperta per cani \u00e8 foderata con morbida pelliccia per il massimo comfort. Ovviamente puoi usarlo anche a casa \ud83d\ude42<\/p>\n<p><strong>Materiale esterno: 100% pelle cerata secca<\/strong><br \/>\n&#8220;Dry Oilskin&#8221; \u00e8 anche cotone rivestito. Tuttavia, il rivestimento \u00e8 molto pi\u00f9 discreto rispetto alla classica cerata. Difficilmente puoi sentire o vedere il rivestimento. A differenza della classica cerata, non vi \u00e8 alcuna sgradevole abrasione dell&#8217;olio. Tuttavia, il tessuto \u00e8 naturalmente antivento e idrorepellente.<\/p>\n<p><strong>Materiale interno: pelle di agnello termica<\/strong><br \/>\nPelle di agnello di alta qualit\u00e0 con lana<br \/>\n20% lana vergine, 50% poliestere, 30% poliacrilico<\/p>\n<p><strong>Caratteristiche<\/strong><br \/>\nLa coperta da viaggio per cani pu\u00f2 essere praticamente arrotolata e chiusa con un bottone automatico.<\/p>\n<p><strong>Istruzioni per la cura<\/strong><br \/>\nLavabile a 30\u00b0<\/p>\n<p><strong>Taglia<\/strong><br \/>\n80 cm x 60 cm<\/p>\n","protected":false},"excerpt":{"rendered":"<p>Pratica coperta da viaggio per cani realizzata in cotone spalmato di alta qualit\u00e0 e pelle di agnello termica.<\/p>\n","protected":false},"featured_media":108777,"template":"","meta":{"_acf_changed":false},"product_brand":[],"product_cat":[3026],"product_tag":[],"class_list":{"0":"post-108747","1":"product","2":"type-product","3":"status-publish","4":"has-post-thumbnail","6":"product_cat-letti-coperte","8":"first","9":"outofstock","10":"taxable","11":"shipping-taxable","12":"purchasable","13":"product-type-variable","14":"wvs-archive-product-wrapper"},"exclude_global_add_ons":[],"addons":[],"acf":[],"_links":{"self":[{"href":"https:\/\/woofandwiggle.com\/it\/wp-json\/wp\/v2\/product\/108747","targetHints":{"allow":["GET"]}}],"collection":[{"href":"https:\/\/woofandwiggle.com\/it\/wp-json\/wp\/v2\/product"}],"about":[{"href":"https:\/\/woofandwiggle.com\/it\/wp-json\/wp\/v2\/types\/product"}],"wp:featuredmedia":[{"embeddable":true,"href":"https:\/\/woofandwiggle.com\/it\/wp-json\/wp\/v2\/media\/108777"}],"wp:attachment":[{"href":"https:\/\/woofandwiggle.com\/it\/wp-json\/wp\/v2\/media?parent=108747"}],"wp:term":[{"taxonomy":"product_brand","embeddable":true,"href":"https:\/\/woofandwiggle.com\/it\/wp-json\/wp\/v2\/product_brand?post=108747"},{"taxonomy":"product_cat","embeddable":true,"href":"https:\/\/woofandwiggle.com\/it\/wp-json\/wp\/v2\/product_cat?post=108747"},{"taxonomy":"product_tag","embeddable":true,"href":"https:\/\/woofandwiggle.com\/it\/wp-json\/wp\/v2\/product_tag?post=108747"}],"curies":[{"name":"wp","href":"https:\/\/api.w.org\/{rel}","templated":true}]}}