{"id":107157,"date":"2022-03-26T17:41:49","date_gmt":"2022-03-26T16:41:49","guid":{"rendered":"https:\/\/woofandwiggle.com\/?post_type=product&#038;p=107157"},"modified":"2022-11-23T15:50:16","modified_gmt":"2022-11-23T14:50:16","slug":"pettorina-e-cappotto-per-cani-4-seasons","status":"publish","type":"product","link":"https:\/\/woofandwiggle.com\/it\/shop\/passeggiata-usura\/maglioni-giacche-e-co\/giacche-e-cappotti\/cappotti-con-imbracatura\/pettorina-e-cappotto-per-cani-4-seasons\/","title":{"rendered":"Pettorina e cappotto per cani &#8220;4 seasons&#8221;"},"content":{"rendered":"<p>La giacca \u00e8 reversibile. Come con le nostre pettorine per cani, c&#8217;\u00e8 una cinghia con un anello a D sulla parte superiore. Quindi non hai bisogno di nessun&#8217;altra imbracatura o collare. Il materiale esterno \u00e8 impermeabile, antivento, traspirante e anche molto confortevole. L&#8217;interno della giacca reversibile \u00e8 realizzato in lana riciclata ed \u00e8 adatto per le giornate pi\u00f9 belle dell&#8217;anno.<\/p>\n<p><strong>Fuori: <\/strong><\/p>\n<ul>\n<li>100% poliestere, STANDARD 100 di OEKO-TEX\u00ae<\/li>\n<li>Colonna d&#8217;acqua: 7000 mm Traspirabilit\u00e0: 3000 mm<\/li>\n<\/ul>\n<p><strong>Interno: <\/strong><\/p>\n<ul>\n<li>45% Lana Riciclata, 40% Poliestere, 15% Acrilico<\/li>\n<\/ul>\n<p><strong>Istruzioni per la cura:<\/strong><br \/>\nLavare in lavatrice a 30\u00b0C, non candeggiare, non stirare, non centrifugare<\/p>\n<p class=\"p1\"><strong>Taglie:<br \/>\n<\/strong>XXS, XXS-lungo, XS, XS-lungo, S, S-lungo, M, M-lungo<\/p>\n<p><strong>Note sulle taglie:<br \/>\n<\/strong>Le versioni lunghe differiscono solo per la lunghezza della schiena, collo e circonferenza del torace sono identiche.<\/p>\n<p class=\"p1\"><strong>Taglia XXS:<\/strong><br \/>\nCollo: 25 &#8211; 30 cm<br \/>\nPetto: 30 &#8211; 35 cm<br \/>\nLunghezza: 30 cm<br \/>\nLunghezza versione lunga: 35 cm<br \/>\n<em>ad es. adatto per chihuahua, cucciolo, coniglio bassotto, barboncino giocattolo<\/em><\/p>\n<p class=\"p1\"><strong>Taglia XS:<\/strong><br \/>\nCollo: 30 &#8211; 35 cm<br \/>\nPetto: 37,5 &#8211; 42,5 cm<br \/>\nLunghezza: 36 cm<br \/>\nLunghezza versione lunga: 41 cm<br \/>\n<em>ad es. Adatto per Yorkshire Terrier, Maltese, Chihuahua, Pomerania, Cucciolo, Bassotto<\/em><\/p>\n<p class=\"p1\"><strong>Taglia S:<\/strong><br \/>\nCollo: 35 &#8211; 40 cm<br \/>\nPetto: 42,5 &#8211; 55 cm<br \/>\nLunghezza: 40 cm<br \/>\nLunghezza versione lunga: 46 cm<br \/>\n<em>ad es. Adatto per Mini Schnauzer, Carlino, Shih Tzu, Jack Russell, Bassotto, Bulldog francese<\/em><\/p>\n<p class=\"p1\"><strong>Taglia M:<\/strong><br \/>\nCollo: 40 &#8211; 50 cm<br \/>\nPetto: 52,5 &#8211; 62,5 cm<br \/>\nLunghezza: 45 cm<br \/>\nLunghezza versione lunga: 51 cm<br \/>\n<em>ad es. Adatto per Westie, Pechinese, Schnauzer, Bulldog francese<\/em><\/p>\n","protected":false},"excerpt":{"rendered":"<p>\u00c8 un impermeabile per cani? \u00c8 una pettorina per cani? Sono entrambi! Abbiamo ascoltato il tuo feedback: un impermeabile con la funzione del nostro popolare gilet con imbracatura, ovvero con un guinzaglio. Naturalmente, il velcro tiene saldamente e saldamente.<\/p>\n","protected":false},"featured_media":107179,"template":"","meta":{"_acf_changed":false},"product_brand":[],"product_cat":[3473],"product_tag":[],"class_list":{"0":"post-107157","1":"product","2":"type-product","3":"status-publish","4":"has-post-thumbnail","6":"product_cat-cappotti-con-imbracatura","8":"first","9":"outofstock","10":"taxable","11":"shipping-taxable","12":"purchasable","13":"product-type-variable","14":"wvs-archive-product-wrapper"},"exclude_global_add_ons":[],"addons":[],"acf":[],"_links":{"self":[{"href":"https:\/\/woofandwiggle.com\/it\/wp-json\/wp\/v2\/product\/107157","targetHints":{"allow":["GET"]}}],"collection":[{"href":"https:\/\/woofandwiggle.com\/it\/wp-json\/wp\/v2\/product"}],"about":[{"href":"https:\/\/woofandwiggle.com\/it\/wp-json\/wp\/v2\/types\/product"}],"wp:featuredmedia":[{"embeddable":true,"href":"https:\/\/woofandwiggle.com\/it\/wp-json\/wp\/v2\/media\/107179"}],"wp:attachment":[{"href":"https:\/\/woofandwiggle.com\/it\/wp-json\/wp\/v2\/media?parent=107157"}],"wp:term":[{"taxonomy":"product_brand","embeddable":true,"href":"https:\/\/woofandwiggle.com\/it\/wp-json\/wp\/v2\/product_brand?post=107157"},{"taxonomy":"product_cat","embeddable":true,"href":"https:\/\/woofandwiggle.com\/it\/wp-json\/wp\/v2\/product_cat?post=107157"},{"taxonomy":"product_tag","embeddable":true,"href":"https:\/\/woofandwiggle.com\/it\/wp-json\/wp\/v2\/product_tag?post=107157"}],"curies":[{"name":"wp","href":"https:\/\/api.w.org\/{rel}","templated":true}]}}