{"id":106149,"date":"2022-01-27T10:46:16","date_gmt":"2022-01-27T09:46:16","guid":{"rendered":"https:\/\/woofandwiggle.com\/?post_type=product&#038;p=106149"},"modified":"2023-11-25T23:00:25","modified_gmt":"2023-11-25T22:00:25","slug":"shirt-dog-mum","status":"publish","type":"product","link":"https:\/\/woofandwiggle.com\/it\/shop\/per-le-persone\/abbigliamento\/t-shirts-it\/shirt-dog-mum\/","title":{"rendered":"Shirt &#8220;Dog Mum&#8221;"},"content":{"rendered":"<p>Usiamo solo la migliore qualit\u00e0 biologica e del commercio equo e solidale per le nostre felpe con cappuccio e maglioni.<\/p>\n<ul>\n<li>Maniche a giro<\/li>\n<li>Collo a costine 1&#215;1<\/li>\n<li>Nastrino di rinforzo sull&#8217;interno collo nel tessuto principale<\/li>\n<li>Doppia impuntura larga a fondo manica e sul bordo inferiore<\/li>\n<\/ul>\n<p><strong>Materiale<\/strong><br \/>\n100% cotone organico pettinato ring-spun (filato)<\/p>\n<p><strong>Grammage:<\/strong><br \/>\n180 g\/m\u00b2<\/p>\n<p><strong>Disponibile nelle taglie<\/strong><br \/>\nXS, S, M, L, XL, XXL, XXXL<\/p>\n<p><strong> Istruzioni per la cura:<\/strong><br \/>\nLavabile a 30\u00b0C<\/p>\n<p><strong>Tabella delle taglie<br \/>\n<\/strong><span class=\"pim-text pim-fit-text\">Vestibilit\u00e0 media<\/span><\/p>\n<p><img loading=\"lazy\" decoding=\"async\" class=\"alignnone size-full wp-image-24272\" src=\"https:\/\/woofandwiggle.com\/wp-content\/uploads\/Shirt-Sizing_Men.jpg\" alt=\"Gr\u00f6\u00dfentabelle M\u00e4nner T-Shirts\" width=\"256\" height=\"304\" srcset=\"https:\/\/woofandwiggle.com\/wp-content\/uploads\/Shirt-Sizing_Men.jpg 256w, https:\/\/woofandwiggle.com\/wp-content\/uploads\/Shirt-Sizing_Men-126x150.jpg 126w, https:\/\/woofandwiggle.com\/wp-content\/uploads\/Shirt-Sizing_Men-64x76.jpg 64w\" sizes=\"auto, (max-width: 256px) 100vw, 256px\" \/><\/p>\n<table>\n<tbody>\n<tr>\n<th>Taglia<\/th>\n<th>Toracica (A)<\/th>\n<th>Lunghezza (B)<\/th>\n<th>Manicotto (C)<\/th>\n<\/tr>\n<tr>\n<td>XS<\/td>\n<td>46 cm<\/td>\n<td>67 cm<\/td>\n<td>19,5 cm<\/td>\n<\/tr>\n<tr>\n<td>S<\/td>\n<td>49 cm<\/td>\n<td>69 cm<\/td>\n<td>20,5 cm<\/td>\n<\/tr>\n<tr>\n<td>M<\/td>\n<td>52 cm<\/td>\n<td>72 cm<\/td>\n<td>21,5 cm<\/td>\n<\/tr>\n<tr>\n<td>L<\/td>\n<td>55 cm<\/td>\n<td>74 cm<\/td>\n<td>22,5 cm<\/td>\n<\/tr>\n<tr>\n<td>XL<\/td>\n<td>58 cm<\/td>\n<td>76 cm<\/td>\n<td>22,5 cm<\/td>\n<\/tr>\n<tr>\n<td>XXL<\/td>\n<td>61 cm<\/td>\n<td>78 cm<\/td>\n<td>23,5 cm<\/td>\n<\/tr>\n<tr>\n<td>XXXL<\/td>\n<td>64 cm<\/td>\n<td>80 cm<\/td>\n<td>24,5 cm<\/td>\n<\/tr>\n<\/tbody>\n<\/table>\n","protected":false},"excerpt":{"rendered":"<p>Usiamo solo la migliore qualit\u00e0 biologica e del commercio equo e solidale per le nostre felpe con cappuccio e maglioni. Maniche a giro Collo a costine 1&#215;1 Nastrino di rinforzo sull&#8217;interno collo nel tessuto principale Doppia impuntura larga a fondo manica e sul bordo inferiore Materiale 100% cotone organico pettinato ring-spun (filato) Grammage: 180 g\/m\u00b2 [&hellip;]<\/p>\n","protected":false},"featured_media":108265,"template":"","meta":{"_acf_changed":false},"product_brand":[],"product_cat":[1963],"product_tag":[2350],"class_list":{"0":"post-106149","1":"product","2":"type-product","3":"status-publish","4":"has-post-thumbnail","6":"product_cat-t-shirts-it","7":"product_tag-dogmum-it","9":"first","10":"instock","11":"sale","12":"taxable","13":"shipping-taxable","14":"purchasable","15":"product-type-variable","16":"wvs-archive-product-wrapper"},"exclude_global_add_ons":[],"addons":[],"acf":[],"_links":{"self":[{"href":"https:\/\/woofandwiggle.com\/it\/wp-json\/wp\/v2\/product\/106149","targetHints":{"allow":["GET"]}}],"collection":[{"href":"https:\/\/woofandwiggle.com\/it\/wp-json\/wp\/v2\/product"}],"about":[{"href":"https:\/\/woofandwiggle.com\/it\/wp-json\/wp\/v2\/types\/product"}],"wp:featuredmedia":[{"embeddable":true,"href":"https:\/\/woofandwiggle.com\/it\/wp-json\/wp\/v2\/media\/108265"}],"wp:attachment":[{"href":"https:\/\/woofandwiggle.com\/it\/wp-json\/wp\/v2\/media?parent=106149"}],"wp:term":[{"taxonomy":"product_brand","embeddable":true,"href":"https:\/\/woofandwiggle.com\/it\/wp-json\/wp\/v2\/product_brand?post=106149"},{"taxonomy":"product_cat","embeddable":true,"href":"https:\/\/woofandwiggle.com\/it\/wp-json\/wp\/v2\/product_cat?post=106149"},{"taxonomy":"product_tag","embeddable":true,"href":"https:\/\/woofandwiggle.com\/it\/wp-json\/wp\/v2\/product_tag?post=106149"}],"curies":[{"name":"wp","href":"https:\/\/api.w.org\/{rel}","templated":true}]}}