{"id":106058,"date":"2022-01-27T10:33:30","date_gmt":"2022-01-27T09:33:30","guid":{"rendered":"https:\/\/woofandwiggle.com\/?post_type=product&#038;p=106058"},"modified":"2024-01-03T00:00:22","modified_gmt":"2024-01-02T23:00:22","slug":"hoodie-dog-mum","status":"publish","type":"product","link":"https:\/\/woofandwiggle.com\/it\/shop\/per-le-persone\/abbigliamento\/hoodies-it\/hoodie-dog-mum\/","title":{"rendered":"Hoodie &#8220;Dog Mum&#8221;"},"content":{"rendered":"<p>Usiamo solo la migliore qualit\u00e0 biologica e del commercio equo e solidale per le nostre felpe con cappuccio e maglioni.<\/p>\n<ul>\n<li>Maniche a giro<\/li>\n<li>Cappuccio foderato nel tessuto principale<\/li>\n<li>Cordino rotondo, tono su tono, con estremit\u00e0 in metallo<\/li>\n<li>Occhielli in metallo<\/li>\n<li>Nastrino di rinforzo con motivo spigato sull&#8217;interno collo<\/li>\n<li>Mezzaluna sull&#8217;interno collo nel tessuto principale<\/li>\n<li>Impuntura semplice sullo scollo e intorno al cappuccio<\/li>\n<li>Fondo manica e bordo inferiore lavorati a costine 1&#215;1<\/li>\n<li>Doppia impuntura su giromanica, fondo manica e bordo inferiore<\/li>\n<li>Tasca a marsupio<\/li>\n<\/ul>\n<p><strong>Materiale<\/strong><br \/>\n85% cotone biologico filato e pettinato<br \/>\n15% poliestere ricilato<\/p>\n<p><strong>Grammage:<\/strong><br \/>\n350 g\/m\u00b2<\/p>\n<p><strong>Disponibile nelle taglie<\/strong><br \/>\nXS, S, M, L, XL, XXL, XXXL<\/p>\n<p><strong> Istruzioni per la cura:<\/strong><br \/>\nLavabile a 30\u00b0C<\/p>\n<p><strong>Tabella delle taglie<br \/>\n<\/strong><span class=\"pim-text pim-fit-text\">Vestibilit\u00e0 media<\/span><\/p>\n<p><img loading=\"lazy\" decoding=\"async\" class=\"alignnone size-full wp-image-24609\" src=\"https:\/\/woofandwiggle.com\/wp-content\/uploads\/HoodieSizing.jpg\" alt=\"Gr\u00f6\u00dfen\u00fcbersicht Hoodie\" width=\"256\" height=\"304\" srcset=\"https:\/\/woofandwiggle.com\/wp-content\/uploads\/HoodieSizing.jpg 256w, https:\/\/woofandwiggle.com\/wp-content\/uploads\/HoodieSizing-126x150.jpg 126w, https:\/\/woofandwiggle.com\/wp-content\/uploads\/HoodieSizing-64x76.jpg 64w\" sizes=\"auto, (max-width: 256px) 100vw, 256px\" \/><\/p>\n<table>\n<tbody>\n<tr>\n<th>Taglia<\/th>\n<th>Circonferenza toracica (A)<\/th>\n<th>Lunghezza (B)<\/th>\n<th>Manicotto (C)<\/th>\n<\/tr>\n<tr>\n<td>XS<\/td>\n<td>49 cm<\/td>\n<td>65 cm<\/td>\n<td>61,5 cm<\/td>\n<\/tr>\n<tr>\n<td>S<\/td>\n<td>51,5 cm<\/td>\n<td>68 cm<\/td>\n<td>64 cm<\/td>\n<\/tr>\n<tr>\n<td>M<\/td>\n<td>54 cm<\/td>\n<td>72 cm<\/td>\n<td>65,5 cm<\/td>\n<\/tr>\n<tr>\n<td>L<\/td>\n<td>57 cm<\/td>\n<td>74 cm<\/td>\n<td>67 cm<\/td>\n<\/tr>\n<tr>\n<td>XL<\/td>\n<td>60 cm<\/td>\n<td>76 cm<\/td>\n<td>68,5 cm<\/td>\n<\/tr>\n<tr>\n<td>XXL<\/td>\n<td>63 cm<\/td>\n<td>78 cm<\/td>\n<td>70 cm<\/td>\n<\/tr>\n<tr>\n<td>XXXL<\/td>\n<td>66 cm<\/td>\n<td>80 cm<\/td>\n<td>70 cm<\/td>\n<\/tr>\n<\/tbody>\n<\/table>\n","protected":false},"excerpt":{"rendered":"<p>Usiamo solo la migliore qualit\u00e0 biologica e del commercio equo e solidale per le nostre felpe con cappuccio e maglioni. Maniche a giro Cappuccio foderato nel tessuto principale Cordino rotondo, tono su tono, con estremit\u00e0 in metallo Occhielli in metallo Nastrino di rinforzo con motivo spigato sull&#8217;interno collo Mezzaluna sull&#8217;interno collo nel tessuto principale Impuntura [&hellip;]<\/p>\n","protected":false},"featured_media":108245,"template":"","meta":{"_acf_changed":false},"product_brand":[],"product_cat":[686,2029],"product_tag":[2350],"class_list":{"0":"post-106058","1":"product","2":"type-product","3":"status-publish","4":"has-post-thumbnail","6":"product_cat-abbigliamento","7":"product_cat-hoodies-it","8":"product_tag-dogmum-it","10":"first","11":"instock","12":"sale","13":"taxable","14":"shipping-taxable","15":"purchasable","16":"product-type-variable","17":"wvs-archive-product-wrapper"},"exclude_global_add_ons":[],"addons":[],"acf":[],"_links":{"self":[{"href":"https:\/\/woofandwiggle.com\/it\/wp-json\/wp\/v2\/product\/106058","targetHints":{"allow":["GET"]}}],"collection":[{"href":"https:\/\/woofandwiggle.com\/it\/wp-json\/wp\/v2\/product"}],"about":[{"href":"https:\/\/woofandwiggle.com\/it\/wp-json\/wp\/v2\/types\/product"}],"wp:featuredmedia":[{"embeddable":true,"href":"https:\/\/woofandwiggle.com\/it\/wp-json\/wp\/v2\/media\/108245"}],"wp:attachment":[{"href":"https:\/\/woofandwiggle.com\/it\/wp-json\/wp\/v2\/media?parent=106058"}],"wp:term":[{"taxonomy":"product_brand","embeddable":true,"href":"https:\/\/woofandwiggle.com\/it\/wp-json\/wp\/v2\/product_brand?post=106058"},{"taxonomy":"product_cat","embeddable":true,"href":"https:\/\/woofandwiggle.com\/it\/wp-json\/wp\/v2\/product_cat?post=106058"},{"taxonomy":"product_tag","embeddable":true,"href":"https:\/\/woofandwiggle.com\/it\/wp-json\/wp\/v2\/product_tag?post=106058"}],"curies":[{"name":"wp","href":"https:\/\/api.w.org\/{rel}","templated":true}]}}