{"id":105278,"date":"2022-01-18T11:11:55","date_gmt":"2022-01-18T10:11:55","guid":{"rendered":"https:\/\/woofandwiggle.com\/?post_type=product&#038;p=105278"},"modified":"2022-07-26T08:45:06","modified_gmt":"2022-07-26T06:45:06","slug":"t-shirt-con-ricamo-cane-preferito-unisex","status":"publish","type":"product","link":"https:\/\/woofandwiggle.com\/it\/shop\/per-le-persone\/abbigliamento\/t-shirts-it\/t-shirt-con-ricamo-cane-preferito-unisex\/","title":{"rendered":"T-shirt con ricamo cane preferito (unisex)"},"content":{"rendered":"<p><strong>Modelli di cani attualmente disponibili:<\/strong><br \/>\nBoston Terrier, Irish Terrier, bassotto a pelo corto e bassotto a pelo duro in tre colori ciascuno, Parson Russell Terrier in tre colori, Shiba Inu, Weimaraner<\/p>\n<p>Usiamo solo la migliore qualit\u00e0 biologica e del commercio equo e solidale per le nostre felpe e maglioni e adoriamo ricamare ogni felpa nel nostro studio.<\/p>\n<ul>\n<li>Maniche a giro<\/li>\n<li>Collo a costine 1&#215;1<\/li>\n<li>Nastrino di rinforzo sull&#8217;interno collo nel tessuto principale<\/li>\n<li>Doppia impuntura larga a fondo manica e sul bordo inferiore<\/li>\n<\/ul>\n<p><strong>Materiale<\/strong><br \/>\n100% cotone organico pettinato ring-spun (filato)<\/p>\n<p><strong>Grammage:<\/strong><br \/>\n180 g\/m\u00b2<\/p>\n<p><strong>Disponibile nelle taglie<\/strong><br \/>\nXS, S, M, L, XL, XXL, XXXL<\/p>\n<p><strong> Istruzioni per la cura:<\/strong><br \/>\nLavabile a 30\u00b0C<\/p>\n<p><strong>Tabella delle taglie<br \/>\n<\/strong><span class=\"pim-text pim-fit-text\">Vestibilit\u00e0 media<\/span><\/p>\n<p><img loading=\"lazy\" decoding=\"async\" class=\"alignnone size-full wp-image-24272\" src=\"https:\/\/woofandwiggle.com\/wp-content\/uploads\/Shirt-Sizing_Men.jpg\" alt=\"Gr\u00f6\u00dfentabelle M\u00e4nner T-Shirts\" width=\"256\" height=\"304\" srcset=\"https:\/\/woofandwiggle.com\/wp-content\/uploads\/Shirt-Sizing_Men.jpg 256w, https:\/\/woofandwiggle.com\/wp-content\/uploads\/Shirt-Sizing_Men-126x150.jpg 126w, https:\/\/woofandwiggle.com\/wp-content\/uploads\/Shirt-Sizing_Men-64x76.jpg 64w\" sizes=\"auto, (max-width: 256px) 100vw, 256px\" \/><\/p>\n<table>\n<tbody>\n<tr>\n<th>Taglia<\/th>\n<th>Toracica (A)<\/th>\n<th>Lunghezza (B)<\/th>\n<th>Manicotto (C)<\/th>\n<\/tr>\n<tr>\n<td>XS<\/td>\n<td>46 cm<\/td>\n<td>67 cm<\/td>\n<td>19,5 cm<\/td>\n<\/tr>\n<tr>\n<td>S<\/td>\n<td>49 cm<\/td>\n<td>69 cm<\/td>\n<td>20,5 cm<\/td>\n<\/tr>\n<tr>\n<td>M<\/td>\n<td>52 cm<\/td>\n<td>72 cm<\/td>\n<td>21,5 cm<\/td>\n<\/tr>\n<tr>\n<td>L<\/td>\n<td>55 cm<\/td>\n<td>74 cm<\/td>\n<td>22,5 cm<\/td>\n<\/tr>\n<tr>\n<td>XL<\/td>\n<td>58 cm<\/td>\n<td>76 cm<\/td>\n<td>22,5 cm<\/td>\n<\/tr>\n<tr>\n<td>XXL<\/td>\n<td>61 cm<\/td>\n<td>78 cm<\/td>\n<td>23,5 cm<\/td>\n<\/tr>\n<tr>\n<td>XXXL<\/td>\n<td>64 cm<\/td>\n<td>80 cm<\/td>\n<td>24,5 cm<\/td>\n<\/tr>\n<\/tbody>\n<\/table>\n","protected":false},"excerpt":{"rendered":"<p>Il tuo cane preferito ora anche sulla tua nuova maglia preferita realizzata in 100% cotone biologico \u2764 Scegli tra diverse varianti di cane \ud83d\udc36 Maggiori informazioni su qualit\u00e0 e vestibilit\u00e0 di seguito&#8230;<\/p>\n<p>Naturalmente, le nostre magliette e maglioni (per le persone) possono essere cambiati o restituiti.<\/p>\n","protected":false},"featured_media":34956,"template":"","meta":{"_acf_changed":false},"product_brand":[],"product_cat":[686,1963],"product_tag":[2775],"class_list":{"0":"post-105278","1":"product","2":"type-product","3":"status-publish","4":"has-post-thumbnail","6":"product_cat-abbigliamento","7":"product_cat-t-shirts-it","8":"product_tag-dackel-klub-it","10":"first","11":"instock","12":"sale","13":"taxable","14":"shipping-taxable","15":"purchasable","16":"product-type-variable","17":"wvs-archive-product-wrapper"},"exclude_global_add_ons":[],"addons":[],"acf":[],"_links":{"self":[{"href":"https:\/\/woofandwiggle.com\/it\/wp-json\/wp\/v2\/product\/105278","targetHints":{"allow":["GET"]}}],"collection":[{"href":"https:\/\/woofandwiggle.com\/it\/wp-json\/wp\/v2\/product"}],"about":[{"href":"https:\/\/woofandwiggle.com\/it\/wp-json\/wp\/v2\/types\/product"}],"wp:featuredmedia":[{"embeddable":true,"href":"https:\/\/woofandwiggle.com\/it\/wp-json\/wp\/v2\/media\/34956"}],"wp:attachment":[{"href":"https:\/\/woofandwiggle.com\/it\/wp-json\/wp\/v2\/media?parent=105278"}],"wp:term":[{"taxonomy":"product_brand","embeddable":true,"href":"https:\/\/woofandwiggle.com\/it\/wp-json\/wp\/v2\/product_brand?post=105278"},{"taxonomy":"product_cat","embeddable":true,"href":"https:\/\/woofandwiggle.com\/it\/wp-json\/wp\/v2\/product_cat?post=105278"},{"taxonomy":"product_tag","embeddable":true,"href":"https:\/\/woofandwiggle.com\/it\/wp-json\/wp\/v2\/product_tag?post=105278"}],"curies":[{"name":"wp","href":"https:\/\/api.w.org\/{rel}","templated":true}]}}