{"id":103293,"date":"2021-11-03T15:04:56","date_gmt":"2021-11-03T14:04:56","guid":{"rendered":"https:\/\/woofandwiggle.com\/?post_type=product&#038;p=103293"},"modified":"2022-07-26T09:26:20","modified_gmt":"2022-07-26T07:26:20","slug":"fazzoletto-da-cane-holly-xmas","status":"publish","type":"product","link":"https:\/\/woofandwiggle.com\/it\/shop\/passeggiata-usura\/sciarpe-cani\/fazzoletto-da-cane-holly-xmas\/","title":{"rendered":"Fazzoletto da cane &#8220;Holly XMAS&#8221;"},"content":{"rendered":"<p>Una bandana per cani con un bellissimo motivo natalizio colorato. Pu\u00f2 essere indossato in ogni occasione, non solo nella prossima passeggiata nella foresta.<\/p>\n<p>Perch\u00e9 una bandana? Sembra solo chic e non d\u00e0 fastidio al cane. Ideale anche per le feste. Se hai domande sulle dimensioni o sul materiale, ti preghiamo di contattarci e ti aiuteremo.<\/p>\n<p><strong>Colore:<\/strong><br \/>\nColori misti<\/p>\n<p><strong>Materiale:<\/strong><br \/>\n100% cotone<\/p>\n<p><strong>Dimensioni:<\/strong><br \/>\n<strong> XS: <\/strong> Lato pi\u00f9 lungo circa 44 cm &#8211; circonferenza del collo fino a circa 28 cm <br \/>\n<strong> S: <\/strong> Lato pi\u00f9 lungo circa 54 cm &#8211; circonferenza del collo di circa 29 cm &#8211; 37 cm <br \/>\n<strong> M: <\/strong> Lato pi\u00f9 lungo circa 68 cm &#8211; circonferenza del collo di circa 35 cm &#8211; 46 cm <br \/>\n<strong> L: <\/strong> Lato pi\u00f9 lungo circa 83 cm &#8211; circonferenza del collo di circa 46 cm &#8211; 70 cm <\/p>\n","protected":false},"excerpt":{"rendered":"<p>Una bandana per cani con un bellissimo motivo natalizio colorato. Pu\u00f2 essere indossato in ogni occasione, non solo nella prossima passeggiata nella foresta. Perch\u00e9 una bandana? Sembra solo chic e non d\u00e0 fastidio al cane. Ideale anche per le feste. Se hai domande sulle dimensioni o sul materiale, ti preghiamo di contattarci e ti aiuteremo. [&hellip;]<\/p>\n","protected":false},"featured_media":103400,"template":"","meta":{"_acf_changed":false},"product_brand":[],"product_cat":[499],"product_tag":[1937,1944],"class_list":{"0":"post-103293","1":"product","2":"type-product","3":"status-publish","4":"has-post-thumbnail","6":"product_cat-sciarpe-cani","7":"product_tag-holly-xmas-design-it","8":"product_tag-xmas-it","9":"product_shipping_class-small-item-it","11":"first","12":"outofstock","13":"taxable","14":"shipping-taxable","15":"purchasable","16":"product-type-variable","17":"wvs-archive-product-wrapper"},"exclude_global_add_ons":[],"addons":[],"acf":[],"_links":{"self":[{"href":"https:\/\/woofandwiggle.com\/it\/wp-json\/wp\/v2\/product\/103293","targetHints":{"allow":["GET"]}}],"collection":[{"href":"https:\/\/woofandwiggle.com\/it\/wp-json\/wp\/v2\/product"}],"about":[{"href":"https:\/\/woofandwiggle.com\/it\/wp-json\/wp\/v2\/types\/product"}],"wp:featuredmedia":[{"embeddable":true,"href":"https:\/\/woofandwiggle.com\/it\/wp-json\/wp\/v2\/media\/103400"}],"wp:attachment":[{"href":"https:\/\/woofandwiggle.com\/it\/wp-json\/wp\/v2\/media?parent=103293"}],"wp:term":[{"taxonomy":"product_brand","embeddable":true,"href":"https:\/\/woofandwiggle.com\/it\/wp-json\/wp\/v2\/product_brand?post=103293"},{"taxonomy":"product_cat","embeddable":true,"href":"https:\/\/woofandwiggle.com\/it\/wp-json\/wp\/v2\/product_cat?post=103293"},{"taxonomy":"product_tag","embeddable":true,"href":"https:\/\/woofandwiggle.com\/it\/wp-json\/wp\/v2\/product_tag?post=103293"}],"curies":[{"name":"wp","href":"https:\/\/api.w.org\/{rel}","templated":true}]}}