{"id":17648,"date":"2018-10-03T16:17:07","date_gmt":"2018-10-03T14:17:07","guid":{"rendered":"https:\/\/woofandwiggle.com\/impronta\/"},"modified":"2022-09-05T14:04:16","modified_gmt":"2022-09-05T12:04:16","slug":"impronta","status":"publish","type":"page","link":"https:\/\/woofandwiggle.com\/it\/impronta\/","title":{"rendered":"Impronta"},"content":{"rendered":"\n<p>woof &amp; wiggle \u00e8 un marchio registrato presso l&#8217;ufficio tedesco brevetti e marchi con il numero 302018229091. Il marchio \u00e8 di propriet\u00e0 di R\u00f6sing und W\u00f6ll GbR, Rainer R\u00f6sing e Veronika W\u00f6ll.<\/p>\n\n<p>woof &amp; wiggle&#13;\nR\u00f6sing e W\u00f6ll GbR&#13;\nCodice fiscale: 45\/655\/02269 \/ Finanzamt Hamburg-Eimsb\u00fcttel<\/p>\n\n<p>Rappresentanti autorizzati:&#13;\nRainer R\u00f6sing, Veronika W\u00f6ll<\/p>\n\n<p>Eimsb\u00fctteler Chaussee 21&#13;\n20259 Hamburg&#13;\nDeutschland<\/p>\n\n<p><strong>Filiale\/Amministrazione<br\/><\/strong>Hagenbeckstr. 152<br\/>22527 Hamburg<br\/>Deutschland<\/p>\n\n<p>Telefono: 0049 160 99600256&#13;\nEMail: <a href=\"mailto:hello@woofandwiggle.com\">hello@woofandwiggle.com<\/a><\/p>\n\n<p>Responsabile secondo \u00a7 55 RStV:&#13;\nRainer R\u00f6sing&#13;\nHagenbeckstr. 152&#13;\n22527 Amburgo<\/p>\n\n<p>La Commissione europea fornisce una piattaforma per la risoluzione delle controversie online (OS), che puoi trovare qui https:\/\/ec.europa.eu\/consumers\/odr\/.<\/p>\n\n<p>Siamo pronti a partecipare a una procedura di arbitrato stragiudiziale dinanzi a un collegio arbitrale dei consumatori.&#13;\n\u00c8 responsabile il collegio arbitrale generale dei consumatori del Center for Arbitration e.V., Stra\u00dfburger Stra\u00dfe 8, 77694 Kehl am Rhein, www.consumer-schlichter.de.<\/p>\n\n<p>Stampa creata con i testi legali Trusted Shops in collaborazione con Wilde Beuger Solmecke Rechtsanw\u00e4lte.<\/p>\n","protected":false},"excerpt":{"rendered":"<p>woof &amp; wiggle \u00e8 un marchio registrato presso l&#8217;ufficio tedesco brevetti e marchi con il numero 302018229091. Il marchio \u00e8 di propriet\u00e0 di R\u00f6sing und W\u00f6ll GbR, Rainer R\u00f6sing e Veronika W\u00f6ll. woof &amp; wiggle&#13; R\u00f6sing e W\u00f6ll GbR&#13; Codice fiscale: 45\/655\/02269 \/ Finanzamt Hamburg-Eimsb\u00fcttel Rappresentanti autorizzati:&#13; Rainer R\u00f6sing, Veronika W\u00f6ll Eimsb\u00fctteler Chaussee 21&#13; 20259 [&hellip;]<\/p>\n","protected":false},"author":3,"featured_media":0,"parent":0,"menu_order":0,"comment_status":"closed","ping_status":"closed","template":"","meta":{"_acf_changed":false,"footnotes":""},"class_list":["post-17648","page","type-page","status-publish","hentry"],"acf":[],"_links":{"self":[{"href":"https:\/\/woofandwiggle.com\/it\/wp-json\/wp\/v2\/pages\/17648","targetHints":{"allow":["GET"]}}],"collection":[{"href":"https:\/\/woofandwiggle.com\/it\/wp-json\/wp\/v2\/pages"}],"about":[{"href":"https:\/\/woofandwiggle.com\/it\/wp-json\/wp\/v2\/types\/page"}],"author":[{"embeddable":true,"href":"https:\/\/woofandwiggle.com\/it\/wp-json\/wp\/v2\/users\/3"}],"replies":[{"embeddable":true,"href":"https:\/\/woofandwiggle.com\/it\/wp-json\/wp\/v2\/comments?post=17648"}],"version-history":[{"count":0,"href":"https:\/\/woofandwiggle.com\/it\/wp-json\/wp\/v2\/pages\/17648\/revisions"}],"wp:attachment":[{"href":"https:\/\/woofandwiggle.com\/it\/wp-json\/wp\/v2\/media?parent=17648"}],"curies":[{"name":"wp","href":"https:\/\/api.w.org\/{rel}","templated":true}]}}