{"id":137706,"date":"2026-04-23T14:05:07","date_gmt":"2026-04-23T12:05:07","guid":{"rendered":"https:\/\/woofandwiggle.com\/?post_type=product&#038;p=137706"},"modified":"2026-04-24T00:10:09","modified_gmt":"2026-04-23T22:10:09","slug":"dog-onesie-polartec-fleece-black-kopie","status":"publish","type":"product","link":"https:\/\/woofandwiggle.com\/en\/shop\/jumper-coats-for-dogs\/dog-sweater\/dog-onesie-polartec-fleece-black-kopie\/","title":{"rendered":"Dogs ONESIE Polartec\u00a9 Fleece NEON ORANGE"},"content":{"rendered":"<p>Only here will you find the ONESIE dog coat made from genuine Polartec\u00a9 fleece. No other fleece can keep your dog warm and dry like this. With this cool neon orange ONESIE, you&#8217;ll be able to spot your dog in even the darkest forest. The ONESIE is our newest highlight and features two sleeves for the front paws and two leg pieces for the back paws. The belly is finished with an elastic band.    <\/p>\n<p>Finding the right size<br \/>The sizes given correspond to the back length, neck width, and chest width of the sweater in cm. Simply measure your dog&#8217;s back length generously and choose the desired length for your four-legged friend. This ONESIE sweater is especially suitable for dachshunds and small dogs.  <\/p>\n<p><b>Handarbeit aus Original Polartec\u00ae &#8211; 100% Polyester<br \/>\n<\/b>The ONESIE is made from original Polartec\u00a9 fleece and was designed in our studio in Hamburg and manufactured by a production partner in Portugal.<\/p>\n<p><strong>Dimensions ONESIE:<\/strong><\/p>\n<table style=\"height: 622px;\" width=\"1282\">\n<tbody>\n<tr>\n<th>Gr\u00f6\u00dfe<\/th>\n<th>Kragen<\/th>\n<th>Brust<\/th>\n<th>R\u00fccken<\/th>\n<\/tr>\n<tr>\n<td><strong>XS<\/strong><\/td>\n<td>25cm<\/td>\n<td>36cm<\/td>\n<td>29cm<\/td>\n<\/tr>\n<tr>\n<td><strong>S<\/strong><\/td>\n<td>28cm<\/td>\n<td>42cm<\/td>\n<td>31cm<\/td>\n<\/tr>\n<tr>\n<td><strong>M<\/strong><\/td>\n<td>32cm<\/td>\n<td>46cm<\/td>\n<td>33cm<\/td>\n<\/tr>\n<tr>\n<td><strong>L<\/strong><\/td>\n<td>34cm<\/td>\n<td>52cm<\/td>\n<td>37cm<\/td>\n<\/tr>\n<tr>\n<td><strong>XL<\/strong><\/td>\n<td>35cm<\/td>\n<td>56cm<\/td>\n<td>40cm<\/td>\n<\/tr>\n<tr>\n<td><strong>XXL<\/strong><\/td>\n<td>38cm<\/td>\n<td>60cm<\/td>\n<td>43cm<\/td>\n<\/tr>\n<\/tbody>\n<\/table>\n<p><strong>How do I measure my dog?<\/strong><br \/>\nEinfach mit einem flexiblen Ma\u00dfband eng anliegend an Hals, Brust, Taille und R\u00fccken messen. Im Detail ist alles in unserem Video erkl\u00e4rt. Wir helfen euch auch gerne per <strong>Whatsapp<\/strong> wenn ihr unsicher wegen der Gr\u00f6\u00dfe seid! Schreibt uns einfach eine Nachricht per Whatsapp unter <strong><a href=\"https:\/\/wa.me\/4916099600256\" target=\"_blank\" rel=\"noopener\">0160-99600256<\/a><\/strong>. Wir sind Mo-Fr von 10:00-16:00 erreichbar.    <\/p>\n<p><img loading=\"lazy\" decoding=\"async\" class=\"alignnone size-medium wp-image-1196\" src=\"https:\/\/woofandwiggle.com\/wp-content\/uploads\/dogsize_notitles.svg\" alt=\"\" width=\"1\" height=\"1\"><\/p>\n<div style=\"width: 980px;\" class=\"wp-video\"><video class=\"wp-video-shortcode\" id=\"video-137706-1\" width=\"980\" height=\"551\" poster=\"https:\/\/woofandwiggle.com\/wp-content\/uploads\/Artboard-4-scaled.jpg\" preload=\"metadata\" controls=\"controls\"><source type=\"video\/mp4\" src=\"https:\/\/woofandwiggle.com\/wp-content\/uploads\/Pullover_abmessen_deutsch_neu.mp4?_=1\" \/><a href=\"https:\/\/woofandwiggle.com\/wp-content\/uploads\/Pullover_abmessen_deutsch_neu.mp4\">https:\/\/woofandwiggle.com\/wp-content\/uploads\/Pullover_abmessen_deutsch_neu.mp4<\/a><\/video><\/div>\n<p><strong>How do I put the dog sweater on my dog?<\/strong><br \/>\nMit eine wenig \u00dcbung geht das Anziehen sehr schnell und Dein Hund wird das w\u00e4rmende Gef\u00fchl lieben. Einfach \u00fcber den Kopf ziehen und anschlie\u00dfend die Vorderbeine vorsichtig durch die \u00c4rmelchen, den Onesie nach hinten ziehen und die Hinterbeine anwinkeln und durch das jeweilige Beinloch! <\/p>\n<p>&nbsp;<\/p>\n","protected":false},"excerpt":{"rendered":"<p>Only here will you find the ONESIE dog coat made from genuine Polartec\u00a9 fleece. No other fleece can keep your dog warm and dry like this. With this cool neon orange ONESIE, you&#8217;ll be able to spot your dog in even the darkest forest. The ONESIE is our newest highlight and features two sleeves for [&hellip;]<\/p>\n","protected":false},"featured_media":137763,"template":"","meta":{"_acf_changed":false},"product_brand":[],"product_cat":[3012],"product_tag":[796,3176,3573],"class_list":{"0":"post-137706","1":"product","2":"type-product","3":"status-publish","4":"has-post-thumbnail","6":"product_cat-dog-sweater","7":"product_tag-polartec-fleece-en","8":"product_tag-new-collection","9":"product_tag-dachshund","11":"first","12":"instock","13":"taxable","14":"shipping-taxable","15":"purchasable","16":"product-type-variable","17":"wvs-archive-product-wrapper"},"exclude_global_add_ons":[],"addons":[],"acf":[],"_links":{"self":[{"href":"https:\/\/woofandwiggle.com\/en\/wp-json\/wp\/v2\/product\/137706","targetHints":{"allow":["GET"]}}],"collection":[{"href":"https:\/\/woofandwiggle.com\/en\/wp-json\/wp\/v2\/product"}],"about":[{"href":"https:\/\/woofandwiggle.com\/en\/wp-json\/wp\/v2\/types\/product"}],"wp:featuredmedia":[{"embeddable":true,"href":"https:\/\/woofandwiggle.com\/en\/wp-json\/wp\/v2\/media\/137763"}],"wp:attachment":[{"href":"https:\/\/woofandwiggle.com\/en\/wp-json\/wp\/v2\/media?parent=137706"}],"wp:term":[{"taxonomy":"product_brand","embeddable":true,"href":"https:\/\/woofandwiggle.com\/en\/wp-json\/wp\/v2\/product_brand?post=137706"},{"taxonomy":"product_cat","embeddable":true,"href":"https:\/\/woofandwiggle.com\/en\/wp-json\/wp\/v2\/product_cat?post=137706"},{"taxonomy":"product_tag","embeddable":true,"href":"https:\/\/woofandwiggle.com\/en\/wp-json\/wp\/v2\/product_tag?post=137706"}],"curies":[{"name":"wp","href":"https:\/\/api.w.org\/{rel}","templated":true}]}}