{"id":115654,"date":"2023-03-10T11:05:42","date_gmt":"2023-03-10T10:05:42","guid":{"rendered":"https:\/\/woofandwiggle.com\/?post_type=product&#038;p=115654"},"modified":"2026-04-17T11:27:31","modified_gmt":"2026-04-17T09:27:31","slug":"hoodie-dackel-klub-unisex","status":"publish","type":"product","link":"https:\/\/woofandwiggle.com\/en\/shop\/forhumans\/clothing\/hoodies-en\/hoodie-dackel-klub-unisex\/","title":{"rendered":"Hoodie &#8220;Dackel Klub&#8221; (unisex)"},"content":{"rendered":"<p>Made from high-quality materials, our &#8220;Dackel Klub&#8221; Hoodie is comfortable and durable, whether you&#8217;re out for a walk with your furry friend or relaxing at home. The hood and drawstring provide extra comfort and warmth on cold days. Plus, it&#8217;s part of our larger Dachshund Club collection, so you can show off your love for Dachshunds in style.<\/p>\n<p>Order your &#8220;Dackel Klub&#8221; Hoodie today and become part of the club!<\/p>\n<p>We use only the best bio &amp; fairtrade quality for our hoodies and sweaters and embroider each shirt with love in our studio.<\/p>\n<ul>\n<li>Set-in sleeve<\/li>\n<li>Double layered hood in self fabric<\/li>\n<li>Round drawcords in matching body colour with metal tipping<\/li>\n<li>Metal eyelets<\/li>\n<li>Inside herringbone back neck tape<\/li>\n<li>Self fabric half moon at back neck<\/li>\n<li>Single needle topstitch at neckline and along hood opening<\/li>\n<li>1&#215;1 rib at sleeve hem and bottom hem<\/li>\n<li>Armhole, sleeve hem and bottom hem with twin needle topstitch<\/li>\n<li>Kangaroo pocket at front<\/li>\n<\/ul>\n<p><strong>Material<\/strong><br \/>\n85% organic ring-spun combed cotton<br \/>\n15% recycled polyester<\/p>\n<p><strong>Grammage<\/strong><br \/>\n350 g\/m\u00b2<\/p>\n<p><strong>Available in sizes<\/strong><br \/>\nXS, S, M, L, XL, XXL, XXXL<\/p>\n<p><strong>Care instructions<\/strong><br \/>\nWashable at 30 \u00b0 C<\/p>\n<p><strong>Size Chart<\/strong><br \/>\nMedium fit (unisex)<\/p>\n<p><img loading=\"lazy\" decoding=\"async\" class=\"alignnone size-full wp-image-24608\" src=\"https:\/\/woofandwiggle.com\/wp-content\/uploads\/HoodieSizing.jpg\" alt=\"Gr\u00f6\u00dfen\u00fcbersicht Hoodie\" width=\"256\" height=\"304\" srcset=\"https:\/\/woofandwiggle.com\/wp-content\/uploads\/HoodieSizing.jpg 256w, https:\/\/woofandwiggle.com\/wp-content\/uploads\/HoodieSizing-126x150.jpg 126w, https:\/\/woofandwiggle.com\/wp-content\/uploads\/HoodieSizing-64x76.jpg 64w\" sizes=\"auto, (max-width: 256px) 100vw, 256px\" \/><\/p>\n<table>\n<tbody>\n<tr>\n<th>Size<\/th>\n<th>Chest (A)<\/th>\n<th>Body Length (B)<\/th>\n<th>Sleeves (C)<\/th>\n<\/tr>\n<tr>\n<td>XS<\/td>\n<td>49 cm<\/td>\n<td>65 cm<\/td>\n<td>61,5 cm<\/td>\n<\/tr>\n<tr>\n<td>S<\/td>\n<td>51,5 cm<\/td>\n<td>68 cm<\/td>\n<td>64 cm<\/td>\n<\/tr>\n<tr>\n<td>M<\/td>\n<td>54 cm<\/td>\n<td>72 cm<\/td>\n<td>65,5 cm<\/td>\n<\/tr>\n<tr>\n<td>L<\/td>\n<td>57 cm<\/td>\n<td>74 cm<\/td>\n<td>67 cm<\/td>\n<\/tr>\n<tr>\n<td>XL<\/td>\n<td>60 cm<\/td>\n<td>76 cm<\/td>\n<td>68,5 cm<\/td>\n<\/tr>\n<tr>\n<td>XXL<\/td>\n<td>63 cm<\/td>\n<td>78 cm<\/td>\n<td>70 cm<\/td>\n<\/tr>\n<tr>\n<td>XXXL<\/td>\n<td>66 cm<\/td>\n<td>80 cm<\/td>\n<td>70 cm<\/td>\n<\/tr>\n<\/tbody>\n<\/table>\n","protected":false},"excerpt":{"rendered":"<p>Become a member of the dachshund club with our &#8220;Dachshund Klub&#8221; Hoodie! This cozy and stylish hoodie features a small embroidered &#8220;Dachshund Klub&#8221; design on the chest and is perfect for all Dachshund lovers.<\/p>\n","protected":false},"featured_media":117428,"template":"","meta":{"_acf_changed":false},"product_brand":[],"product_cat":[2028,2989],"product_tag":[2777],"class_list":{"0":"post-115654","1":"product","2":"type-product","3":"status-publish","4":"has-post-thumbnail","6":"product_cat-hoodies-en","7":"product_cat-dackel-klub-en","8":"product_tag-dackel-klub-en","10":"first","11":"instock","12":"taxable","13":"shipping-taxable","14":"purchasable","15":"product-type-variable","16":"wvs-archive-product-wrapper"},"exclude_global_add_ons":[],"addons":[],"acf":[],"_links":{"self":[{"href":"https:\/\/woofandwiggle.com\/en\/wp-json\/wp\/v2\/product\/115654","targetHints":{"allow":["GET"]}}],"collection":[{"href":"https:\/\/woofandwiggle.com\/en\/wp-json\/wp\/v2\/product"}],"about":[{"href":"https:\/\/woofandwiggle.com\/en\/wp-json\/wp\/v2\/types\/product"}],"wp:featuredmedia":[{"embeddable":true,"href":"https:\/\/woofandwiggle.com\/en\/wp-json\/wp\/v2\/media\/117428"}],"wp:attachment":[{"href":"https:\/\/woofandwiggle.com\/en\/wp-json\/wp\/v2\/media?parent=115654"}],"wp:term":[{"taxonomy":"product_brand","embeddable":true,"href":"https:\/\/woofandwiggle.com\/en\/wp-json\/wp\/v2\/product_brand?post=115654"},{"taxonomy":"product_cat","embeddable":true,"href":"https:\/\/woofandwiggle.com\/en\/wp-json\/wp\/v2\/product_cat?post=115654"},{"taxonomy":"product_tag","embeddable":true,"href":"https:\/\/woofandwiggle.com\/en\/wp-json\/wp\/v2\/product_tag?post=115654"}],"curies":[{"name":"wp","href":"https:\/\/api.w.org\/{rel}","templated":true}]}}