{"id":106056,"date":"2022-01-27T10:33:30","date_gmt":"2022-01-27T09:33:30","guid":{"rendered":"https:\/\/woofandwiggle.com\/?post_type=product&#038;p=106056"},"modified":"2025-02-01T14:44:32","modified_gmt":"2025-02-01T13:44:32","slug":"hoodie-dog-mum","status":"publish","type":"product","link":"https:\/\/woofandwiggle.com\/en\/shop\/forhumans\/clothing\/hoodies-en\/hoodie-dog-mum\/","title":{"rendered":"Hoodie &#8220;Dog Mum&#8221;"},"content":{"rendered":"<p>We use only the best bio &amp; fairtrade quality.<\/p>\n<ul>\n<li>Set-in sleeve<\/li>\n<li>Double layered hood in self fabric<\/li>\n<li>Round drawcords in matching body colour with metal tipping<\/li>\n<li>Metal eyelets<\/li>\n<li>Inside herringbone back neck tape<\/li>\n<li>Self fabric half moon at back neck<\/li>\n<li>Single needle topstitch at neckline and along hood opening<\/li>\n<li>1&#215;1 rib at sleeve hem and bottom hem<\/li>\n<li>Armhole, sleeve hem and bottom hem with twin needle topstitch<\/li>\n<li>Kangaroo pocket at front<\/li>\n<\/ul>\n<p><strong>Material<\/strong><br \/>\n85% organic ring-spun combed cotton<br \/>\n15% recycled polyester<\/p>\n<p><strong>Grammage<\/strong><br \/>\n350 g\/m\u00b2<\/p>\n<p><strong>Available in sizes<\/strong><br \/>\nXS, S, M, L, XL, XXL, XXXL<\/p>\n<p><strong>Care instructions<\/strong><br \/>\nWashable at 30 \u00b0 C<\/p>\n<p><strong>Size Chart<\/strong><br \/>\nMedium fit (unisex)<\/p>\n<p><img loading=\"lazy\" decoding=\"async\" class=\"alignnone size-full wp-image-24608\" src=\"https:\/\/woofandwiggle.com\/wp-content\/uploads\/HoodieSizing.jpg\" alt=\"Gr\u00f6\u00dfen\u00fcbersicht Hoodie\" width=\"256\" height=\"304\" srcset=\"https:\/\/woofandwiggle.com\/wp-content\/uploads\/HoodieSizing.jpg 256w, https:\/\/woofandwiggle.com\/wp-content\/uploads\/HoodieSizing-126x150.jpg 126w, https:\/\/woofandwiggle.com\/wp-content\/uploads\/HoodieSizing-64x76.jpg 64w\" sizes=\"auto, (max-width: 256px) 100vw, 256px\" \/><\/p>\n<table>\n<tbody>\n<tr>\n<th>Size<\/th>\n<th>Chest (A)<\/th>\n<th>Body Length (B)<\/th>\n<th>Sleeves (C)<\/th>\n<\/tr>\n<tr>\n<td>XS<\/td>\n<td>49 cm<\/td>\n<td>65 cm<\/td>\n<td>61,5 cm<\/td>\n<\/tr>\n<tr>\n<td>S<\/td>\n<td>51,5 cm<\/td>\n<td>68 cm<\/td>\n<td>64 cm<\/td>\n<\/tr>\n<tr>\n<td>M<\/td>\n<td>54 cm<\/td>\n<td>72 cm<\/td>\n<td>65,5 cm<\/td>\n<\/tr>\n<tr>\n<td>L<\/td>\n<td>57 cm<\/td>\n<td>74 cm<\/td>\n<td>67 cm<\/td>\n<\/tr>\n<tr>\n<td>XL<\/td>\n<td>60 cm<\/td>\n<td>76 cm<\/td>\n<td>68,5 cm<\/td>\n<\/tr>\n<tr>\n<td>XXL<\/td>\n<td>63 cm<\/td>\n<td>78 cm<\/td>\n<td>70 cm<\/td>\n<\/tr>\n<tr>\n<td>XXXL<\/td>\n<td>66 cm<\/td>\n<td>80 cm<\/td>\n<td>70 cm<\/td>\n<\/tr>\n<\/tbody>\n<\/table>\n","protected":false},"excerpt":{"rendered":"<p>We use only the best bio &amp; fairtrade quality. Set-in sleeve Double layered hood in self fabric Round drawcords in matching body colour with metal tipping Metal eyelets Inside herringbone back neck tape Self fabric half moon at back neck Single needle topstitch at neckline and along hood opening 1&#215;1 rib at sleeve hem and [&hellip;]<\/p>\n","protected":false},"featured_media":108244,"template":"","meta":{"_acf_changed":false},"product_brand":[],"product_cat":[2028,685],"product_tag":[2349],"class_list":{"0":"post-106056","1":"product","2":"type-product","3":"status-publish","4":"has-post-thumbnail","6":"product_cat-hoodies-en","7":"product_cat-clothing","8":"product_tag-dogmum-en","10":"first","11":"instock","12":"sale","13":"taxable","14":"shipping-taxable","15":"purchasable","16":"product-type-variable","17":"wvs-archive-product-wrapper"},"exclude_global_add_ons":[],"addons":[],"acf":[],"_links":{"self":[{"href":"https:\/\/woofandwiggle.com\/en\/wp-json\/wp\/v2\/product\/106056","targetHints":{"allow":["GET"]}}],"collection":[{"href":"https:\/\/woofandwiggle.com\/en\/wp-json\/wp\/v2\/product"}],"about":[{"href":"https:\/\/woofandwiggle.com\/en\/wp-json\/wp\/v2\/types\/product"}],"wp:featuredmedia":[{"embeddable":true,"href":"https:\/\/woofandwiggle.com\/en\/wp-json\/wp\/v2\/media\/108244"}],"wp:attachment":[{"href":"https:\/\/woofandwiggle.com\/en\/wp-json\/wp\/v2\/media?parent=106056"}],"wp:term":[{"taxonomy":"product_brand","embeddable":true,"href":"https:\/\/woofandwiggle.com\/en\/wp-json\/wp\/v2\/product_brand?post=106056"},{"taxonomy":"product_cat","embeddable":true,"href":"https:\/\/woofandwiggle.com\/en\/wp-json\/wp\/v2\/product_cat?post=106056"},{"taxonomy":"product_tag","embeddable":true,"href":"https:\/\/woofandwiggle.com\/en\/wp-json\/wp\/v2\/product_tag?post=106056"}],"curies":[{"name":"wp","href":"https:\/\/api.w.org\/{rel}","templated":true}]}}