{"id":105222,"date":"2022-01-18T10:20:38","date_gmt":"2022-01-18T09:20:38","guid":{"rendered":"https:\/\/woofandwiggle.com\/?post_type=product&#038;p=105222"},"modified":"2022-07-26T09:24:13","modified_gmt":"2022-07-26T07:24:13","slug":"hoodie-with-favorite-dog-embroidery-unisex","status":"publish","type":"product","link":"https:\/\/woofandwiggle.com\/en\/shop\/forhumans\/clothing\/hoodies-en\/hoodie-with-favorite-dog-embroidery-unisex\/","title":{"rendered":"Hoodie with favorite dog embroidery (unisex)"},"content":{"rendered":"<p class=\"p1\"><strong>Currently available dog designs:<\/strong><br \/>\nBoston Terrier, Irish Terrier, Short-Haired Dachshund &amp; Wire-haired dachshunds in three colors each, Parson Russell Terrier in three colors, Shia Inu, Weimaraner<\/p>\n<p>We use only the best bio &amp; fairtrade quality for our hoodies and sweaters and embroider each shirt with love in our studio.<\/p>\n<ul>\n<li>Set-in sleeve<\/li>\n<li>Double layered hood in self fabric<\/li>\n<li>Round drawcords in matching body colour with metal tipping<\/li>\n<li>Metal eyelets<\/li>\n<li>Inside herringbone back neck tape<\/li>\n<li>Self fabric half moon at back neck<\/li>\n<li>Single needle topstitch at neckline and along hood opening<\/li>\n<li>1&#215;1 rib at sleeve hem and bottom hem<\/li>\n<li>Armhole, sleeve hem and bottom hem with twin needle topstitch<\/li>\n<li>Kangaroo pocket at front<\/li>\n<\/ul>\n<p><strong>Material<\/strong><br \/>\n85% organic ring-spun combed cotton<br \/>\n15% recycled polyester<\/p>\n<p><strong>Grammage<\/strong><br \/>\n350 g\/m\u00b2<\/p>\n<p><strong>Available in sizes<\/strong><br \/>\nXS, S, M, L, XL, XXL, XXXL<\/p>\n<p><strong>Care instructions<\/strong><br \/>\nWashable at 30 \u00b0 C<\/p>\n<p><strong>Size Chart<\/strong><br \/>\nMedium fit (unisex)<\/p>\n<p><img loading=\"lazy\" decoding=\"async\" class=\"alignnone size-full wp-image-24608\" src=\"https:\/\/woofandwiggle.com\/wp-content\/uploads\/HoodieSizing.jpg\" alt=\"Gr\u00f6\u00dfen\u00fcbersicht Hoodie\" width=\"256\" height=\"304\" srcset=\"https:\/\/woofandwiggle.com\/wp-content\/uploads\/HoodieSizing.jpg 256w, https:\/\/woofandwiggle.com\/wp-content\/uploads\/HoodieSizing-126x150.jpg 126w, https:\/\/woofandwiggle.com\/wp-content\/uploads\/HoodieSizing-64x76.jpg 64w\" sizes=\"auto, (max-width: 256px) 100vw, 256px\" \/><\/p>\n<table>\n<tbody>\n<tr>\n<th>Size<\/th>\n<th>Chest (A)<\/th>\n<th>Body Length (B)<\/th>\n<th>Sleeves (C)<\/th>\n<\/tr>\n<tr>\n<td>XS<\/td>\n<td>49 cm<\/td>\n<td>65 cm<\/td>\n<td>61,5 cm<\/td>\n<\/tr>\n<tr>\n<td>S<\/td>\n<td>51,5 cm<\/td>\n<td>68 cm<\/td>\n<td>64 cm<\/td>\n<\/tr>\n<tr>\n<td>M<\/td>\n<td>54 cm<\/td>\n<td>72 cm<\/td>\n<td>65,5 cm<\/td>\n<\/tr>\n<tr>\n<td>L<\/td>\n<td>57 cm<\/td>\n<td>74 cm<\/td>\n<td>67 cm<\/td>\n<\/tr>\n<tr>\n<td>XL<\/td>\n<td>60 cm<\/td>\n<td>76 cm<\/td>\n<td>68,5 cm<\/td>\n<\/tr>\n<tr>\n<td>XXL<\/td>\n<td>63 cm<\/td>\n<td>78 cm<\/td>\n<td>70 cm<\/td>\n<\/tr>\n<tr>\n<td>XXXL<\/td>\n<td>66 cm<\/td>\n<td>80 cm<\/td>\n<td>70 cm<\/td>\n<\/tr>\n<\/tbody>\n<\/table>\n","protected":false},"excerpt":{"rendered":"<p>A chic and cuddly unisex sweatshirt embroidered with your favorite dog \u2764 Choose from different fur variants \ud83d\udc36 More information on quality and fit below&#8230;<\/p>\n<p>Of course, our shirts &#038; sweaters (for people) can be exchanged or returned.<\/p>\n","protected":false},"featured_media":26345,"template":"","meta":{"_acf_changed":false},"product_brand":[],"product_cat":[685,2028],"product_tag":[2777],"class_list":{"0":"post-105222","1":"product","2":"type-product","3":"status-publish","4":"has-post-thumbnail","6":"product_cat-clothing","7":"product_cat-hoodies-en","8":"product_tag-dackel-klub-en","10":"first","11":"instock","12":"taxable","13":"shipping-taxable","14":"purchasable","15":"product-type-variable","16":"wvs-archive-product-wrapper"},"exclude_global_add_ons":[],"addons":[],"acf":[],"_links":{"self":[{"href":"https:\/\/woofandwiggle.com\/en\/wp-json\/wp\/v2\/product\/105222","targetHints":{"allow":["GET"]}}],"collection":[{"href":"https:\/\/woofandwiggle.com\/en\/wp-json\/wp\/v2\/product"}],"about":[{"href":"https:\/\/woofandwiggle.com\/en\/wp-json\/wp\/v2\/types\/product"}],"wp:featuredmedia":[{"embeddable":true,"href":"https:\/\/woofandwiggle.com\/en\/wp-json\/wp\/v2\/media\/26345"}],"wp:attachment":[{"href":"https:\/\/woofandwiggle.com\/en\/wp-json\/wp\/v2\/media?parent=105222"}],"wp:term":[{"taxonomy":"product_brand","embeddable":true,"href":"https:\/\/woofandwiggle.com\/en\/wp-json\/wp\/v2\/product_brand?post=105222"},{"taxonomy":"product_cat","embeddable":true,"href":"https:\/\/woofandwiggle.com\/en\/wp-json\/wp\/v2\/product_cat?post=105222"},{"taxonomy":"product_tag","embeddable":true,"href":"https:\/\/woofandwiggle.com\/en\/wp-json\/wp\/v2\/product_tag?post=105222"}],"curies":[{"name":"wp","href":"https:\/\/api.w.org\/{rel}","templated":true}]}}