{"id":273,"date":"2018-10-03T16:16:55","date_gmt":"2018-10-03T14:16:55","guid":{"rendered":"https:\/\/woofandwiggle.com\/?page_id=273"},"modified":"2026-04-21T09:29:11","modified_gmt":"2026-04-21T07:29:11","slug":"en-agb","status":"publish","type":"page","link":"https:\/\/woofandwiggle.com\/en\/en-agb\/","title":{"rendered":"Terms &amp; Conditions"},"content":{"rendered":"\n<h2 class=\"wp-block-heading\"><strong>Allgemeine Gesch\u00e4ftsbedingungen<\/strong><\/h2>\n\n<h3 class=\"wp-block-heading\">\u00a7 1 validity, definition of terms<\/h3>\n\n<p>(1) woof &amp; wiggle &#8211; Veronika W\u00f6ll, Vereinsstr. 89, 20357 Hamburg, Deutschland (im Folgenden: \u201ewir\u201c oder \u201ewoof &amp; wiggle\u201c) betreibt unter der Webseite www.woofandwiggle.com einen Online-Shop f\u00fcr Waren. Die nachfolgenden allgemeinen Gesch\u00e4ftsbedingungen gelten f\u00fcr alle Leistungen zwischen uns und unseren Kunden (im Folgenden: \u201eKunde\u201c oder \u201eSie\u201c) in ihrer zum Zeitpunkt der Bestellung g\u00fcltigen Fassung, soweit nicht etwas anderes ausdr\u00fccklich vereinbart wurde.  <\/p>\n\n<p>(2) \u201cConsumer\u201d in the sense of these terms and conditions is any natural person who concludes a legal transaction for purposes that can largely not be attributed to their commercial or independent professional activity. \u201cEntrepreneur\u201d is a natural or legal person or a legal partnership that acts in the course of a legal transaction in the exercise of its commercial or independent professional activity, whereby a legal partnership is a partnership that is equipped with the ability to acquire rights and assume liabilities ,<\/p>\n\n<h3 class=\"wp-block-heading\">\u00a7 2 Conclusion of contracts, storage of the contract text<\/h3>\n\n<p>(1) The following regulations regarding the conclusion of a contract apply to orders via our online shop at www.woofandwiggle.com.<\/p>\n\n<p>(2) Our product presentations on the Internet are not binding and are not a binding offer to conclude a contract.<\/p>\n\n<p>(3) When an order is received in our online shop, the following rules apply: The customer makes a binding contract offer by successfully completing the order procedure provided in our online shop. The order takes place in the following steps:<\/p>\n\n<ol class=\"wp-block-list\">\n<li>Auswahl der gew\u00fcnschten Ware,<\/li>\n\n\n\n<li>Hinzuf\u00fcgen der Produkte durch Anklicken des entsprechenden Buttons (z.B. \u201eIn den Warenkorb\u201c, \u201eIn die Einkaufstasche\u201c o.\u00e4.),<\/li>\n\n\n\n<li>Pr\u00fcfung der Angaben im Warenkorb,<\/li>\n\n\n\n<li>Aufrufen der Bestell\u00fcbersicht durch Anklicken des entsprechenden Buttons (z.B. \u201eWeiter zur Kasse\u201c, \u201eWeiter zur Zahlung\u201c, \u201eZur Bestell\u00fcbersicht\u201c o.\u00e4.),<\/li>\n\n\n\n<li>Eingabe\/Pr\u00fcfung der Adress- und Kontaktdaten, Auswahl der Zahlungsart, Best\u00e4tigung der AGB und Widerrufsbelehrung,<\/li>\n\n\n\n<li>Abschluss der Bestellung durch Bet\u00e4tigung des Buttons \u201eJetzt kaufen\u201c. Dies stellt Ihre verbindliche Bestellung dar. <\/li>\n\n\n\n<li>Der Vertrag kommt zustande, indem Ihnen innerhalb von drei Werktagen an die angegebene E-Mail-Adresse eine Bestellbest\u00e4tigung von uns zugeht.<\/li>\n<\/ol>\n\n<p>(4) Im Falle des Vertragsschlusses kommt der Vertrag mit woof &amp; wiggle &#8211; Veronika W\u00f6ll, Vereinsstr. 89, 20357 Hamburg, Deutschland zustande. <\/p>\n\n<p>(5) Before ordering, the contract data can be printed out or saved electronically using the print function of the browser. The processing of the order and the transmission of all information required in connection with the conclusion of the contract, in particular the order data, the general terms and conditions and the cancellation policy, is carried out by e-mail, partly automatically, after you have triggered the order. We do not save the contract text after the contract has been concluded.<\/p>\n\n<p>(6) Input errors can be corrected using the usual keyboard, mouse and browser functions (e.g. \u00bbback button\u00ab of the browser). You can also be corrected by canceling the order process early, closing the browser window and repeating the process.<\/p>\n\n<p>(7) The processing of the order and the transmission of all information required in connection with the conclusion of the contract is partially automated via email. You must therefore ensure that the e-mail address you have stored with us is correct, the receipt of the e-mails is technically ensured and in particular is not prevented by SPAM filters.<\/p>\n\n<h3 class=\"wp-block-heading\">\u00a7 3 Object of the contract and essential characteristics of the products<\/h3>\n\n<p>(1) In our online shop, the subject of the contract is:<\/p>\n\n<ol class=\"wp-block-list\">\n<li>Der Verkauf von Waren. Die konkret angebotenen Waren k\u00f6nnen Sie unseren Artikelseiten entnehmen. <\/li>\n<\/ol>\n\n<p>(2) The essential characteristics of the goods can be found in the item description.<\/p>\n\n<p>(3) For the sale of digital products, the restrictions apparent from the product description or otherwise arising from the circumstances apply, in particular with regard to hardware and \/ or software requirements for the target environment. Unless expressly agreed otherwise, the subject of the contract is only the private and commercial use of the products without the right to resell or sublicense.<\/p>\n\n<h3 class=\"wp-block-heading\">\u00a7 4 prices, shipping costs and delivery<\/h3>\n\n<p>(1) The prices listed in the respective offers as well as the shipping costs are total prices and include all price components including all applicable taxes.<\/p>\n\n<p>(2) The respective purchase price is to be paid before the delivery of the product (advance payment), unless we explicitly offer the purchase on account. The payment methods available to you are shown under a correspondingly labeled button in the online shop or in the respective offer. Unless otherwise stated for the individual payment methods, the payment claims are due for payment immediately.<\/p>\n\n<p>(3) In addition to the prices indicated, shipping costs may apply for the delivery of products, provided that the respective item is not identified as free of shipping costs. The shipping costs will be clearly communicated to you on the offers, if necessary in the shopping cart system and on the order overview.<\/p>\n\n<p>(4) Unless otherwise stated in the product description, all offered products are ready for immediate dispatch (delivery time: 1-3 days after receipt of payment). For custom-made products, the production times specified in the product description also apply,<\/p>\n\n<p>(5) Delivery takes place worldwide.<\/p>\n\n<h3 class=\"wp-block-heading\">\u00a7 5 right of retention, retention of title<\/h3>\n\n<p>(1) You can only exercise a right of retention if it concerns claims from the same contractual relationship.<\/p>\n\n<p>(2) The goods remain our property until the purchase price has been paid in full.<\/p>\n\n<h3 class=\"wp-block-heading\">\u00a7 6 right of withdrawal<\/h3>\n\n<p>Als Verbraucher haben Sie ein Widerrufsrecht. Dieses richtet sich nach unserer <a href=\"https:\/\/woofandwiggle.com\/en\/en-2\/\">Widerrufsbelehrung<\/a>. <\/p>\n\n<h3 class=\"wp-block-heading\">\u00a7 7 liability<\/h3>\n\n<p>(1) Subject to the following exceptions, our liability for breaches of contractual obligations and tortious acts is limited to intent or gross negligence.<\/p>\n\n<p>(2) Wir haften bei leichter Fahrl\u00e4ssigkeit im Falle der Verletzung des Lebens, des K\u00f6rpers, der Gesundheit oder bei Verletzung einer vertragswesentlichen Pflicht unbeschr\u00e4nkt. Wenn wir durch leichte Fahrl\u00e4ssigkeit mit der Leistung in Verzug geraten sind, wenn die Leistung unm\u00f6glich geworden ist oder wenn wir eine vertragswesentliche Pflicht verletzt haben, ist die Haftung f\u00fcr darauf zur\u00fcckzuf\u00fchrende Sach- und Verm\u00f6genssch\u00e4den auf den <strong>vertragstypisch vorhersehbaren Schaden<\/strong> begrenzt. Eine vertragswesentliche Pflicht ist eine solche, deren Erf\u00fcllung die ordnungsgem\u00e4\u00dfe Durchf\u00fchrung des Vertrages \u00fcberhaupt erst erm\u00f6glicht, deren Verletzung die Erreichung des Vertragszwecks gef\u00e4hrdet und auf deren Einhaltung Sie regelm\u00e4\u00dfig vertrauen d\u00fcrfen. Dazu geh\u00f6rt insbesondere unsere Pflicht zum T\u00e4tigwerden und der Erf\u00fcllung der vertraglich geschuldeten Leistung, die in \u00a7 3 beschrieben wird.   <\/p>\n\n<h3 class=\"wp-block-heading\">\u00a7 8 contract language<\/h3>\n\n<p>As contract language german will be available exclusively.<\/p>\n\n<h3 class=\"wp-block-heading\">\u00a7 9 warranty<\/h3>\n\n<p>(1) The guarantee is based on the statutory provisions.<\/p>\n\n<p>(2) For entrepreneurs, the warranty period for delivered goods is 12 months.<\/p>\n\n<p>(3) As a consumer, you are asked to immediately check the object \/ the digital goods or the service provided for the fulfillment of the contract for completeness, obvious defects and transport damage and to inform us and the freight forwarder of complaints as soon as possible. If you do not comply, this will of course have no effect on your statutory warranty claims.<\/p>\n\n<p>(4) Nat\u00fcrlicher Verschlei\u00df und Abnutzung sind von der Gew\u00e4hrleistung ausgeschlossen.<\/p>\n\n<p>(5) Bei M\u00e4ngeln die unsererseits verursacht wurden, leisten wir nach unserer Wahl Gew\u00e4hr entweder durch Nachbesserung oder Ersatzlieferung. In diesem Fall ist die mangelhafte Ware auf unsere Kosten zur\u00fcckzusenden. <\/p>\n\n<h3 class=\"wp-block-heading\">\u00a7 10 final provisions<\/h3>\n\n<p>(1) German law applies. For consumers, this choice of law only applies insofar as it does not remove the protection granted by mandatory provisions of the law of the state of the habitual residence of the consumer (principle of favorability).<\/p>\n\n<p>(2) The provisions of the United Nations Convention on Contracts for the International Sale of Goods explicitly do not apply.<\/p>\n\n<p>(3) If the customer is a merchant, a legal entity under public law or a special fund under public law, the place of jurisdiction for all disputes arising from contractual relationships between the customer and the provider is the registered office of the provider.<\/p>\n","protected":false},"excerpt":{"rendered":"<p>Allgemeine Gesch\u00e4ftsbedingungen \u00a7 1 validity, definition of terms (1) woof &amp; wiggle &#8211; Veronika W\u00f6ll, Vereinsstr. 89, 20357 Hamburg, Deutschland (im Folgenden: \u201ewir\u201c oder \u201ewoof &amp; wiggle\u201c) betreibt unter der Webseite www.woofandwiggle.com einen Online-Shop f\u00fcr Waren. Die nachfolgenden allgemeinen Gesch\u00e4ftsbedingungen gelten f\u00fcr alle Leistungen zwischen uns und unseren Kunden (im Folgenden: \u201eKunde\u201c oder \u201eSie\u201c) in [&hellip;]<\/p>\n","protected":false},"author":3,"featured_media":0,"parent":0,"menu_order":0,"comment_status":"closed","ping_status":"closed","template":"","meta":{"_acf_changed":false,"footnotes":""},"class_list":["post-273","page","type-page","status-publish","hentry"],"acf":[],"_links":{"self":[{"href":"https:\/\/woofandwiggle.com\/en\/wp-json\/wp\/v2\/pages\/273","targetHints":{"allow":["GET"]}}],"collection":[{"href":"https:\/\/woofandwiggle.com\/en\/wp-json\/wp\/v2\/pages"}],"about":[{"href":"https:\/\/woofandwiggle.com\/en\/wp-json\/wp\/v2\/types\/page"}],"author":[{"embeddable":true,"href":"https:\/\/woofandwiggle.com\/en\/wp-json\/wp\/v2\/users\/3"}],"replies":[{"embeddable":true,"href":"https:\/\/woofandwiggle.com\/en\/wp-json\/wp\/v2\/comments?post=273"}],"version-history":[{"count":4,"href":"https:\/\/woofandwiggle.com\/en\/wp-json\/wp\/v2\/pages\/273\/revisions"}],"predecessor-version":[{"id":137603,"href":"https:\/\/woofandwiggle.com\/en\/wp-json\/wp\/v2\/pages\/273\/revisions\/137603"}],"wp:attachment":[{"href":"https:\/\/woofandwiggle.com\/en\/wp-json\/wp\/v2\/media?parent=273"}],"curies":[{"name":"wp","href":"https:\/\/api.w.org\/{rel}","templated":true}]}}