{"id":157,"date":"2018-10-03T16:17:07","date_gmt":"2018-10-03T14:17:07","guid":{"rendered":"https:\/\/woofandwiggle.com\/?page_id=157"},"modified":"2026-04-17T15:09:03","modified_gmt":"2026-04-17T13:09:03","slug":"imprint","status":"publish","type":"page","link":"https:\/\/woofandwiggle.com\/en\/imprint\/","title":{"rendered":"Legal Notice"},"content":{"rendered":"\n<p><strong>woof &amp; wiggle<\/strong> ist eine eingetragene Marke beim Deutschen Patent- und Markenamt mit der Nr. 302018229091. Markeninhaber ist Veronika W\u00f6ll.<\/p>\n\n<p>woof &amp; wiggle<br\/>Veronika W\u00f6ll<br\/>Tax number: 45\/655\/02269 \/ Hamburg-Eimsb\u00fcttel tax office<\/p>\n\n<p><strong>Studio &amp; business premises:<br\/><\/strong>Vereinsstra\u00dfe 89<br\/>20357 Hamburg<br\/>Germany<\/p>\n\n<p><strong>Branch \/ Administration<br\/><\/strong>Hagenbeckstr. 152<br\/>22527 Hamburg<br\/>Germany <\/p>\n\n<p>Phone: 0049 160 99600256<br\/>E-mail: <a href=\"mailto:hello@woofandwiggle.com\">hello@woofandwiggle.com<\/a><\/p>\n\n<p><strong>Responsible according to \u00a7 55 RStV:<br\/><\/strong>Veronika W\u00f6ll<br\/>Hagenbeckstr. 152<br\/>22527 Hamburg <\/p>\n\n<p><strong>Store &amp; Design<\/strong><br\/>Rainer R\u00f6sing<\/p>\n\n<p>The European Commission provides a platform for online dispute resolution (OS), which you can find here https:\/\/ec.europa.eu\/consumers\/odr\/.<\/p>\n\n<p>We are prepared to participate in an out-of-court arbitration procedure before a consumer arbitration board.<br\/>The General Consumer Arbitration Board of the Zentrum f\u00fcr Schlichtung e.V., Stra\u00dfburger Stra\u00dfe 8, 77694 Kehl am Rhein, www.verbraucher-schlichter.de is responsible.<\/p>\n\n<p>Imprint created with the Trusted Shops legal texts in cooperation with Wilde Beuger Solmecke Rechtsanw\u00e4lte.<\/p>\n","protected":false},"excerpt":{"rendered":"<p>woof &amp; wiggle ist eine eingetragene Marke beim Deutschen Patent- und Markenamt mit der Nr. 302018229091. Markeninhaber ist Veronika W\u00f6ll. woof &amp; wiggleVeronika W\u00f6llTax number: 45\/655\/02269 \/ Hamburg-Eimsb\u00fcttel tax office Studio &amp; business premises:Vereinsstra\u00dfe 8920357 HamburgGermany Branch \/ AdministrationHagenbeckstr. 15222527 HamburgGermany Phone: 0049 160 99600256E-mail: hello@woofandwiggle.com Responsible according to \u00a7 55 RStV:Veronika W\u00f6llHagenbeckstr. 15222527 Hamburg [&hellip;]<\/p>\n","protected":false},"author":3,"featured_media":0,"parent":0,"menu_order":0,"comment_status":"closed","ping_status":"closed","template":"","meta":{"_acf_changed":false,"footnotes":""},"class_list":["post-157","page","type-page","status-publish","hentry"],"acf":[],"_links":{"self":[{"href":"https:\/\/woofandwiggle.com\/en\/wp-json\/wp\/v2\/pages\/157","targetHints":{"allow":["GET"]}}],"collection":[{"href":"https:\/\/woofandwiggle.com\/en\/wp-json\/wp\/v2\/pages"}],"about":[{"href":"https:\/\/woofandwiggle.com\/en\/wp-json\/wp\/v2\/types\/page"}],"author":[{"embeddable":true,"href":"https:\/\/woofandwiggle.com\/en\/wp-json\/wp\/v2\/users\/3"}],"replies":[{"embeddable":true,"href":"https:\/\/woofandwiggle.com\/en\/wp-json\/wp\/v2\/comments?post=157"}],"version-history":[{"count":4,"href":"https:\/\/woofandwiggle.com\/en\/wp-json\/wp\/v2\/pages\/157\/revisions"}],"predecessor-version":[{"id":137521,"href":"https:\/\/woofandwiggle.com\/en\/wp-json\/wp\/v2\/pages\/157\/revisions\/137521"}],"wp:attachment":[{"href":"https:\/\/woofandwiggle.com\/en\/wp-json\/wp\/v2\/media?parent=157"}],"curies":[{"name":"wp","href":"https:\/\/api.w.org\/{rel}","templated":true}]}}